{"id":1500,"date":"2023-03-19T19:24:35","date_gmt":"2023-03-19T19:24:35","guid":{"rendered":"https:\/\/imefilmfest.com\/international-migration-&#038;-environmental-film-festival\/?page_id=1500"},"modified":"2023-05-28T18:31:50","modified_gmt":"2023-05-28T18:31:50","slug":"earth-beneath-a-dark-lid","status":"publish","type":"page","link":"https:\/\/imefilmfest.com\/international-migration-&-environmental-film-festival\/earth-beneath-a-dark-lid\/","title":{"rendered":"Earth Beneath a Dark Lid"},"content":{"rendered":"\n<figure class=\"wp-block-image size-large is-resized\"><img fetchpriority=\"high\" decoding=\"async\" src=\"data:image\/gif;base64,R0lGODlhAQABAAAAACH5BAEKAAEALAAAAAABAAEAAAICTAEAOw==\" data-layzr=\"https:\/\/imefilmfest.com\/wp-content\/uploads\/2023\/05\/Earth-Beneath-a-Dark-Lid-1024x576.jpeg\" alt=\"\" class=\"wp-image-2892\" width=\"675\" height=\"379\"\/><\/figure>\n\n\n\n<h5 class=\"wp-block-heading\">Directed by<\/h5>\n\n\n\n<p>Amir Muratovi\u0107&nbsp;<\/p>\n\n\n\n<h5 class=\"wp-block-heading\">Country of Origin<\/h5>\n\n\n\n<p>Slovenia<\/p>\n\n\n\n<h5 class=\"wp-block-heading\">Runtime<\/h5>\n\n\n\n<p>01:28:11<\/p>\n\n\n\n<h5 class=\"wp-block-heading\">Category<\/h5>\n\n\n\n<p><a href=\"javascript:void(0);\"><\/a>Documentary<\/p>\n\n\n\n<p><\/p>\n\n\n\n<p>Aviator Matev\u017e Lenar\u010di\u010d has already circumnavigated the world three times in his ultralight aircraft. With his \u2018flying laboratory\u2019, Matev\u017e measures black carbon on remote locations. A reduction in these emissions caused by the incomplete combustion of the biomass could slow global warming.<\/p>\n\n\n\n<p><strong>Director Biography<\/strong> <strong>-Amir Muratovi\u0107&nbsp;<\/strong><\/p>\n\n\n\n<figure class=\"wp-block-image size-full is-resized\"><img decoding=\"async\" src=\"data:image\/gif;base64,R0lGODlhAQABAAAAACH5BAEKAAEALAAAAAABAAEAAAICTAEAOw==\" data-layzr=\"https:\/\/imefilmfest.com\/wp-content\/uploads\/2023\/03\/Rado-Likon-headshot.jpeg\" alt=\"\" class=\"wp-image-1825\" width=\"379\" height=\"252\"\/><\/figure>\n\n\n\n<p>Amir Muratovi\u0107&nbsp;<a href=\"https:\/\/filmfreeway-production-storage-01-storage.filmfreeway.com\/press_kits\/headshots\/002\/194\/530\/original\/f9b64c7c48-headshot.jpg?1665854321\"><\/a><\/p>\n\n\n\n<p>Amir Muratovi\u0107 (Sarajevo, 1966) studied film and television directing and architecture in Ljubljana. He has been working for TV Slovenia for over 30 years and authored about 80 documentary films in the role of director, scriptwriter and film editor. Among them are feature length films They Were Tito&#8217;s Towns, To Fly!, Fabiani Vs. Ple\u010dnik and docu-fiction Cankar. Other significant TV films are Maypole, Bread All Year Round, The Second Generation and \u0110uro. In short documentary animated films he examines ways of perception, as in Two Portraits with the Background, Fleshes from Shooting and in two city symphonies Listen to London and Impression of a Great City.<\/p>\n","protected":false},"excerpt":{"rendered":"<p>Directed by Amir Muratovi\u0107&nbsp; Country of Origin Slovenia Runtime 01:28:11 Category Documentary Aviator Matev\u017e Lenar\u010di\u010d has already circumnavigated the world three times in his ultralight aircraft. With his \u2018flying laboratory\u2019, Matev\u017e measures black carbon on remote locations. A reduction in these emissions caused by the incomplete combustion of the biomass could slow global warming. Director &hellip; <\/p>\n","protected":false},"author":1,"featured_media":1183,"parent":0,"menu_order":0,"comment_status":"closed","ping_status":"closed","template":"","meta":{"pgc_sgb_lightbox_settings":"","footnotes":""},"class_list":["post-1500","page","type-page","status-publish","has-post-thumbnail","hentry","latest_post"],"yoast_head":"<!-- This site is optimized with the Yoast SEO plugin v23.1 - https:\/\/yoast.com\/wordpress\/plugins\/seo\/ -->\n<title>Earth Beneath a Dark Lid - International Migration &amp; Environmental Film Festival<\/title>\n<meta name=\"robots\" content=\"index, follow, max-snippet:-1, max-image-preview:large, max-video-preview:-1\" \/>\n<link rel=\"canonical\" href=\"https:\/\/imefilmfest.com\/international-migration-&-environmental-film-festival\/earth-beneath-a-dark-lid\/\" \/>\n<meta property=\"og:locale\" content=\"en_US\" \/>\n<meta property=\"og:type\" content=\"article\" \/>\n<meta property=\"og:title\" content=\"Earth Beneath a Dark Lid - International Migration &amp; Environmental Film Festival\" \/>\n<meta property=\"og:description\" content=\"Directed by Amir Muratovi\u0107&nbsp; Country of Origin Slovenia Runtime 01:28:11 Category Documentary Aviator Matev\u017e Lenar\u010di\u010d has already circumnavigated the world three times in his ultralight aircraft. With his \u2018flying laboratory\u2019, Matev\u017e measures black carbon on remote locations. A reduction in these emissions caused by the incomplete combustion of the biomass could slow global warming. Director &hellip;\" \/>\n<meta property=\"og:url\" content=\"https:\/\/imefilmfest.com\/international-migration-&amp;-environmental-film-festival\/earth-beneath-a-dark-lid\/\" \/>\n<meta property=\"og:site_name\" content=\"International Migration &amp; Environmental Film Festival\" \/>\n<meta property=\"article:publisher\" content=\"https:\/\/m.facebook.com\/imefilmfest\/\" \/>\n<meta property=\"article:modified_time\" content=\"2023-05-28T18:31:50+00:00\" \/>\n<meta property=\"og:image\" content=\"https:\/\/imefilmfest.com\/wp-content\/uploads\/2023\/03\/Earth-Beneath-a-Dark-Lid.jpeg\" \/>\n\t<meta property=\"og:image:width\" content=\"1920\" \/>\n\t<meta property=\"og:image:height\" content=\"1080\" \/>\n\t<meta property=\"og:image:type\" content=\"image\/jpeg\" \/>\n<meta name=\"twitter:card\" content=\"summary_large_image\" \/>\n<meta name=\"twitter:label1\" content=\"Est. reading time\" \/>\n\t<meta name=\"twitter:data1\" content=\"1 minute\" \/>\n<script type=\"application\/ld+json\" class=\"yoast-schema-graph\">{\"@context\":\"https:\/\/schema.org\",\"@graph\":[{\"@type\":\"WebPage\",\"@id\":\"https:\/\/imefilmfest.com\/international-migration-&-environmental-film-festival\/earth-beneath-a-dark-lid\/\",\"url\":\"https:\/\/imefilmfest.com\/international-migration-&-environmental-film-festival\/earth-beneath-a-dark-lid\/\",\"name\":\"Earth Beneath a Dark Lid - International Migration &amp; Environmental Film Festival\",\"isPartOf\":{\"@id\":\"https:\/\/imefilmfest.com\/international-migration-&-environmental-film-festival\/#website\"},\"primaryImageOfPage\":{\"@id\":\"https:\/\/imefilmfest.com\/international-migration-&-environmental-film-festival\/earth-beneath-a-dark-lid\/#primaryimage\"},\"image\":{\"@id\":\"https:\/\/imefilmfest.com\/international-migration-&-environmental-film-festival\/earth-beneath-a-dark-lid\/#primaryimage\"},\"thumbnailUrl\":\"https:\/\/imefilmfest.com\/wp-content\/uploads\/2023\/03\/Earth-Beneath-a-Dark-Lid.jpeg\",\"datePublished\":\"2023-03-19T19:24:35+00:00\",\"dateModified\":\"2023-05-28T18:31:50+00:00\",\"breadcrumb\":{\"@id\":\"https:\/\/imefilmfest.com\/international-migration-&-environmental-film-festival\/earth-beneath-a-dark-lid\/#breadcrumb\"},\"inLanguage\":\"en-US\",\"potentialAction\":[{\"@type\":\"ReadAction\",\"target\":[\"https:\/\/imefilmfest.com\/international-migration-&-environmental-film-festival\/earth-beneath-a-dark-lid\/\"]}]},{\"@type\":\"ImageObject\",\"inLanguage\":\"en-US\",\"@id\":\"https:\/\/imefilmfest.com\/international-migration-&-environmental-film-festival\/earth-beneath-a-dark-lid\/#primaryimage\",\"url\":\"https:\/\/imefilmfest.com\/wp-content\/uploads\/2023\/03\/Earth-Beneath-a-Dark-Lid.jpeg\",\"contentUrl\":\"https:\/\/imefilmfest.com\/wp-content\/uploads\/2023\/03\/Earth-Beneath-a-Dark-Lid.jpeg\",\"width\":1920,\"height\":1080},{\"@type\":\"BreadcrumbList\",\"@id\":\"https:\/\/imefilmfest.com\/international-migration-&-environmental-film-festival\/earth-beneath-a-dark-lid\/#breadcrumb\",\"itemListElement\":[{\"@type\":\"ListItem\",\"position\":1,\"name\":\"Home\",\"item\":\"https:\/\/imefilmfest.com\/international-migration-&-environmental-film-festival\/home\/\"},{\"@type\":\"ListItem\",\"position\":2,\"name\":\"Earth Beneath a Dark Lid\"}]},{\"@type\":\"WebSite\",\"@id\":\"https:\/\/imefilmfest.com\/international-migration-&-environmental-film-festival\/#website\",\"url\":\"https:\/\/imefilmfest.com\/international-migration-&-environmental-film-festival\/\",\"name\":\"International Migration & Environmental Film Festival\",\"description\":\"North America&#039;s Largest Film Festival on Migration and Environment Sustainability\",\"publisher\":{\"@id\":\"https:\/\/imefilmfest.com\/international-migration-&-environmental-film-festival\/#organization\"},\"potentialAction\":[{\"@type\":\"SearchAction\",\"target\":{\"@type\":\"EntryPoint\",\"urlTemplate\":\"https:\/\/imefilmfest.com\/international-migration-&-environmental-film-festival\/?s={search_term_string}\"},\"query-input\":\"required name=search_term_string\"}],\"inLanguage\":\"en-US\"},{\"@type\":\"Organization\",\"@id\":\"https:\/\/imefilmfest.com\/international-migration-&-environmental-film-festival\/#organization\",\"name\":\"International Migration & Environmental Film Festival\",\"url\":\"https:\/\/imefilmfest.com\/international-migration-&-environmental-film-festival\/\",\"logo\":{\"@type\":\"ImageObject\",\"inLanguage\":\"en-US\",\"@id\":\"https:\/\/imefilmfest.com\/international-migration-&-environmental-film-festival\/#\/schema\/logo\/image\/\",\"url\":\"https:\/\/imefilmfest.com\/wp-content\/uploads\/2021\/09\/IMEFF-i-1-scaled.jpg\",\"contentUrl\":\"https:\/\/imefilmfest.com\/wp-content\/uploads\/2021\/09\/IMEFF-i-1-scaled.jpg\",\"width\":2560,\"height\":2560,\"caption\":\"International Migration & Environmental Film Festival\"},\"image\":{\"@id\":\"https:\/\/imefilmfest.com\/international-migration-&-environmental-film-festival\/#\/schema\/logo\/image\/\"},\"sameAs\":[\"https:\/\/m.facebook.com\/imefilmfest\/\"]}]}<\/script>\n<!-- \/ Yoast SEO plugin. -->","yoast_head_json":{"title":"Earth Beneath a Dark Lid - International Migration &amp; Environmental Film Festival","robots":{"index":"index","follow":"follow","max-snippet":"max-snippet:-1","max-image-preview":"max-image-preview:large","max-video-preview":"max-video-preview:-1"},"canonical":"https:\/\/imefilmfest.com\/international-migration-&-environmental-film-festival\/earth-beneath-a-dark-lid\/","og_locale":"en_US","og_type":"article","og_title":"Earth Beneath a Dark Lid - International Migration &amp; Environmental Film Festival","og_description":"Directed by Amir Muratovi\u0107&nbsp; Country of Origin Slovenia Runtime 01:28:11 Category Documentary Aviator Matev\u017e Lenar\u010di\u010d has already circumnavigated the world three times in his ultralight aircraft. With his \u2018flying laboratory\u2019, Matev\u017e measures black carbon on remote locations. A reduction in these emissions caused by the incomplete combustion of the biomass could slow global warming. Director &hellip;","og_url":"https:\/\/imefilmfest.com\/international-migration-&-environmental-film-festival\/earth-beneath-a-dark-lid\/","og_site_name":"International Migration &amp; Environmental Film Festival","article_publisher":"https:\/\/m.facebook.com\/imefilmfest\/","article_modified_time":"2023-05-28T18:31:50+00:00","og_image":[{"width":1920,"height":1080,"url":"https:\/\/imefilmfest.com\/wp-content\/uploads\/2023\/03\/Earth-Beneath-a-Dark-Lid.jpeg","type":"image\/jpeg"}],"twitter_card":"summary_large_image","twitter_misc":{"Est. reading time":"1 minute"},"schema":{"@context":"https:\/\/schema.org","@graph":[{"@type":"WebPage","@id":"https:\/\/imefilmfest.com\/international-migration-&-environmental-film-festival\/earth-beneath-a-dark-lid\/","url":"https:\/\/imefilmfest.com\/international-migration-&-environmental-film-festival\/earth-beneath-a-dark-lid\/","name":"Earth Beneath a Dark Lid - International Migration &amp; Environmental Film Festival","isPartOf":{"@id":"https:\/\/imefilmfest.com\/international-migration-&-environmental-film-festival\/#website"},"primaryImageOfPage":{"@id":"https:\/\/imefilmfest.com\/international-migration-&-environmental-film-festival\/earth-beneath-a-dark-lid\/#primaryimage"},"image":{"@id":"https:\/\/imefilmfest.com\/international-migration-&-environmental-film-festival\/earth-beneath-a-dark-lid\/#primaryimage"},"thumbnailUrl":"https:\/\/imefilmfest.com\/wp-content\/uploads\/2023\/03\/Earth-Beneath-a-Dark-Lid.jpeg","datePublished":"2023-03-19T19:24:35+00:00","dateModified":"2023-05-28T18:31:50+00:00","breadcrumb":{"@id":"https:\/\/imefilmfest.com\/international-migration-&-environmental-film-festival\/earth-beneath-a-dark-lid\/#breadcrumb"},"inLanguage":"en-US","potentialAction":[{"@type":"ReadAction","target":["https:\/\/imefilmfest.com\/international-migration-&-environmental-film-festival\/earth-beneath-a-dark-lid\/"]}]},{"@type":"ImageObject","inLanguage":"en-US","@id":"https:\/\/imefilmfest.com\/international-migration-&-environmental-film-festival\/earth-beneath-a-dark-lid\/#primaryimage","url":"https:\/\/imefilmfest.com\/wp-content\/uploads\/2023\/03\/Earth-Beneath-a-Dark-Lid.jpeg","contentUrl":"https:\/\/imefilmfest.com\/wp-content\/uploads\/2023\/03\/Earth-Beneath-a-Dark-Lid.jpeg","width":1920,"height":1080},{"@type":"BreadcrumbList","@id":"https:\/\/imefilmfest.com\/international-migration-&-environmental-film-festival\/earth-beneath-a-dark-lid\/#breadcrumb","itemListElement":[{"@type":"ListItem","position":1,"name":"Home","item":"https:\/\/imefilmfest.com\/international-migration-&-environmental-film-festival\/home\/"},{"@type":"ListItem","position":2,"name":"Earth Beneath a Dark Lid"}]},{"@type":"WebSite","@id":"https:\/\/imefilmfest.com\/international-migration-&-environmental-film-festival\/#website","url":"https:\/\/imefilmfest.com\/international-migration-&-environmental-film-festival\/","name":"International Migration & Environmental Film Festival","description":"North America&#039;s Largest Film Festival on Migration and Environment Sustainability","publisher":{"@id":"https:\/\/imefilmfest.com\/international-migration-&-environmental-film-festival\/#organization"},"potentialAction":[{"@type":"SearchAction","target":{"@type":"EntryPoint","urlTemplate":"https:\/\/imefilmfest.com\/international-migration-&-environmental-film-festival\/?s={search_term_string}"},"query-input":"required name=search_term_string"}],"inLanguage":"en-US"},{"@type":"Organization","@id":"https:\/\/imefilmfest.com\/international-migration-&-environmental-film-festival\/#organization","name":"International Migration & Environmental Film Festival","url":"https:\/\/imefilmfest.com\/international-migration-&-environmental-film-festival\/","logo":{"@type":"ImageObject","inLanguage":"en-US","@id":"https:\/\/imefilmfest.com\/international-migration-&-environmental-film-festival\/#\/schema\/logo\/image\/","url":"https:\/\/imefilmfest.com\/wp-content\/uploads\/2021\/09\/IMEFF-i-1-scaled.jpg","contentUrl":"https:\/\/imefilmfest.com\/wp-content\/uploads\/2021\/09\/IMEFF-i-1-scaled.jpg","width":2560,"height":2560,"caption":"International Migration & Environmental Film Festival"},"image":{"@id":"https:\/\/imefilmfest.com\/international-migration-&-environmental-film-festival\/#\/schema\/logo\/image\/"},"sameAs":["https:\/\/m.facebook.com\/imefilmfest\/"]}]}},"_links":{"self":[{"href":"https:\/\/imefilmfest.com\/international-migration-&-environmental-film-festival\/wp-json\/wp\/v2\/pages\/1500","targetHints":{"allow":["GET"]}}],"collection":[{"href":"https:\/\/imefilmfest.com\/international-migration-&-environmental-film-festival\/wp-json\/wp\/v2\/pages"}],"about":[{"href":"https:\/\/imefilmfest.com\/international-migration-&-environmental-film-festival\/wp-json\/wp\/v2\/types\/page"}],"author":[{"embeddable":true,"href":"https:\/\/imefilmfest.com\/international-migration-&-environmental-film-festival\/wp-json\/wp\/v2\/users\/1"}],"replies":[{"embeddable":true,"href":"https:\/\/imefilmfest.com\/international-migration-&-environmental-film-festival\/wp-json\/wp\/v2\/comments?post=1500"}],"version-history":[{"count":5,"href":"https:\/\/imefilmfest.com\/international-migration-&-environmental-film-festival\/wp-json\/wp\/v2\/pages\/1500\/revisions"}],"predecessor-version":[{"id":2894,"href":"https:\/\/imefilmfest.com\/international-migration-&-environmental-film-festival\/wp-json\/wp\/v2\/pages\/1500\/revisions\/2894"}],"wp:featuredmedia":[{"embeddable":true,"href":"https:\/\/imefilmfest.com\/international-migration-&-environmental-film-festival\/wp-json\/wp\/v2\/media\/1183"}],"wp:attachment":[{"href":"https:\/\/imefilmfest.com\/international-migration-&-environmental-film-festival\/wp-json\/wp\/v2\/media?parent=1500"}],"curies":[{"name":"wp","href":"https:\/\/api.w.org\/{rel}","templated":true}]}}