{"id":1594,"date":"2023-03-20T07:36:24","date_gmt":"2023-03-20T07:36:24","guid":{"rendered":"https:\/\/imefilmfest.com\/international-migration-&#038;-environmental-film-festival\/?page_id=1594"},"modified":"2023-03-21T05:46:17","modified_gmt":"2023-03-21T05:46:17","slug":"so-still-digging","status":"publish","type":"page","link":"https:\/\/imefilmfest.com\/international-migration-&-environmental-film-festival\/so-still-digging\/","title":{"rendered":"So, still digging?"},"content":{"rendered":"\n<h5 class=\"wp-block-heading\">Directed by<\/h5>\n\n\n\n<p>Hugo Dayan<\/p>\n\n\n\n<h5 class=\"wp-block-heading\">Country of Origin<\/h5>\n\n\n\n<p>France<\/p>\n\n\n\n<h5 class=\"wp-block-heading\">Runtime<\/h5>\n\n\n\n<p>01:39:36<\/p>\n\n\n\n<h5 class=\"wp-block-heading\">Category<\/h5>\n\n\n\n<p><a href=\"javascript:void(0);\"><\/a>Documentary<\/p>\n\n\n\n<p><\/p>\n\n\n\n<p>Camille, a young French climatologist, has a string of research contracts at the French National Center for Scientific Research. But understanding how the climate itself works and only drawing curves announcing future catastrophes on a screen are no longer enough for her. She decides to get closer to the lands and the peoples, all as far away as close to her research laboratory.<\/p>\n\n\n\n<p><strong>Director Biography &#8211;\u00a0Hugo Dayan<\/strong><\/p>\n\n\n\n<figure class=\"wp-block-image size-full is-resized\"><img fetchpriority=\"high\" decoding=\"async\" src=\"data:image\/gif;base64,R0lGODlhAQABAAAAACH5BAEKAAEALAAAAAABAAEAAAICTAEAOw==\" data-layzr=\"https:\/\/imefilmfest.com\/wp-content\/uploads\/2023\/03\/Hugo-Dayan-headshot.jpeg\" alt=\"\" class=\"wp-image-1921\" width=\"270\" height=\"383\"\/><\/figure>\n\n\n\n<p>&#8211; Doctor in climate sciences<br>&#8211; Researcher since 2017 at the Laboratoire des Sciences du Climat et de l&#8217;Environnement (LSCE &#8211; CNRS) then at the Laboratoire de M\u00e9t\u00e9orologie Dynamique (LMD &#8211; ENS)<br>&#8211; Scientific advisor of the APREIS laboratory<\/p>\n\n\n\n<p>&#8211; Author-director and co-writer of the documentary &#8220;Alors tu trouves?&#8221; film on the research imaginary and documentary for the Climate<br>Among the many prizes awarded in 2022 :<br>THE GOLDEN LEAF &#8211; Italia Green Film Festival &#8211; Roma<\/p>\n\n\n\n<p>&#8211; Author-director-editor of the film &#8220;Travailler joli pour le nouveau clair de lune&#8221;(2018). Lovely working for the new moonlight ( 2020 )<br>Feature film on the creativities of local popular cultures and the imaginary of sustainability in South America (https:\/\/apreis.eu\/apreis\/trailer\/).<\/p>\n\n\n\n<p>2021 Award : The Best International Feature Documentary. Only the Best Film Awards (OTB) Miami- Florida<br>*2018 Award for best feature film, best director and best photography in social documentary. Premios Latino (Marbella &#8211; Spain)<br>*Grand Prize of the Public 2018 for best feature film &#8211; Festival Internacional de Cine de los Derechos Humanos (Sucre &#8211; Bolivia);<br>*Official selection &#8211; international film festival Fest Cine Pedra Azul 2018 (Brazil).<\/p>\n\n\n\n<p>&#8211; Director of the short film EUREC4a (2019)<br>Experience of an international scientific cooperation in Germany on the sea level rising<\/p>\n\n\n\n<p>Last Scientific papers<br>\u2022 Diversity of marine heatwave trends across the Mediterranean Sea over the last decades (Hugo Dayan, Ronan McAdam, Simona Masina, Sabrina Speich \u2013 Journal of Operational Oceanography \u2013 Ocean State Report 6 &#8211; 2021).<br>\u2022 High-end scenarios of sea-level rise for coastal risk-averse stakeholders (Hugo Dayan, Gon\u00e9ri Le Cozannet, Sabrina Speich, R\u00e9mi Thi\u00e9blemont, 2021 &#8211; Frontiers in Marine Science).<br>\u2022 Finance and climate science: worlds apart ? (Vincent Bouchet, Hugo Dayan, Camille Contoux, 2021 &#8211; Journal of risk research).<\/p>\n\n\n\n<p><\/p>\n\n\n\n<p><\/p>\n","protected":false},"excerpt":{"rendered":"<p>Directed by Hugo Dayan Country of Origin France Runtime 01:39:36 Category Documentary Camille, a young French climatologist, has a string of research contracts at the French National Center for Scientific Research. But understanding how the climate itself works and only drawing curves announcing future catastrophes on a screen are no longer enough for her. She &hellip; <\/p>\n","protected":false},"author":1,"featured_media":1224,"parent":0,"menu_order":0,"comment_status":"closed","ping_status":"closed","template":"","meta":{"pgc_sgb_lightbox_settings":"","footnotes":""},"class_list":["post-1594","page","type-page","status-publish","has-post-thumbnail","hentry","latest_post"],"yoast_head":"<!-- This site is optimized with the Yoast SEO plugin v23.1 - https:\/\/yoast.com\/wordpress\/plugins\/seo\/ -->\n<title>So, still digging? - International Migration &amp; Environmental Film Festival<\/title>\n<meta name=\"robots\" content=\"index, follow, max-snippet:-1, max-image-preview:large, max-video-preview:-1\" \/>\n<link rel=\"canonical\" href=\"https:\/\/imefilmfest.com\/international-migration-&-environmental-film-festival\/so-still-digging\/\" \/>\n<meta property=\"og:locale\" content=\"en_US\" \/>\n<meta property=\"og:type\" content=\"article\" \/>\n<meta property=\"og:title\" content=\"So, still digging? - International Migration &amp; Environmental Film Festival\" \/>\n<meta property=\"og:description\" content=\"Directed by Hugo Dayan Country of Origin France Runtime 01:39:36 Category Documentary Camille, a young French climatologist, has a string of research contracts at the French National Center for Scientific Research. But understanding how the climate itself works and only drawing curves announcing future catastrophes on a screen are no longer enough for her. She &hellip;\" \/>\n<meta property=\"og:url\" content=\"https:\/\/imefilmfest.com\/international-migration-&amp;-environmental-film-festival\/so-still-digging\/\" \/>\n<meta property=\"og:site_name\" content=\"International Migration &amp; Environmental Film Festival\" \/>\n<meta property=\"article:publisher\" content=\"https:\/\/m.facebook.com\/imefilmfest\/\" \/>\n<meta property=\"article:modified_time\" content=\"2023-03-21T05:46:17+00:00\" \/>\n<meta property=\"og:image\" content=\"https:\/\/imefilmfest.com\/wp-content\/uploads\/2023\/03\/So-still-digging.jpeg\" \/>\n\t<meta property=\"og:image:width\" content=\"603\" \/>\n\t<meta property=\"og:image:height\" content=\"800\" \/>\n\t<meta property=\"og:image:type\" content=\"image\/jpeg\" \/>\n<meta name=\"twitter:card\" content=\"summary_large_image\" \/>\n<meta name=\"twitter:label1\" content=\"Est. reading time\" \/>\n\t<meta name=\"twitter:data1\" content=\"2 minutes\" \/>\n<script type=\"application\/ld+json\" class=\"yoast-schema-graph\">{\"@context\":\"https:\/\/schema.org\",\"@graph\":[{\"@type\":\"WebPage\",\"@id\":\"https:\/\/imefilmfest.com\/international-migration-&-environmental-film-festival\/so-still-digging\/\",\"url\":\"https:\/\/imefilmfest.com\/international-migration-&-environmental-film-festival\/so-still-digging\/\",\"name\":\"So, still digging? - International Migration &amp; Environmental Film Festival\",\"isPartOf\":{\"@id\":\"https:\/\/imefilmfest.com\/international-migration-&-environmental-film-festival\/#website\"},\"primaryImageOfPage\":{\"@id\":\"https:\/\/imefilmfest.com\/international-migration-&-environmental-film-festival\/so-still-digging\/#primaryimage\"},\"image\":{\"@id\":\"https:\/\/imefilmfest.com\/international-migration-&-environmental-film-festival\/so-still-digging\/#primaryimage\"},\"thumbnailUrl\":\"https:\/\/imefilmfest.com\/wp-content\/uploads\/2023\/03\/So-still-digging.jpeg\",\"datePublished\":\"2023-03-20T07:36:24+00:00\",\"dateModified\":\"2023-03-21T05:46:17+00:00\",\"breadcrumb\":{\"@id\":\"https:\/\/imefilmfest.com\/international-migration-&-environmental-film-festival\/so-still-digging\/#breadcrumb\"},\"inLanguage\":\"en-US\",\"potentialAction\":[{\"@type\":\"ReadAction\",\"target\":[\"https:\/\/imefilmfest.com\/international-migration-&-environmental-film-festival\/so-still-digging\/\"]}]},{\"@type\":\"ImageObject\",\"inLanguage\":\"en-US\",\"@id\":\"https:\/\/imefilmfest.com\/international-migration-&-environmental-film-festival\/so-still-digging\/#primaryimage\",\"url\":\"https:\/\/imefilmfest.com\/wp-content\/uploads\/2023\/03\/So-still-digging.jpeg\",\"contentUrl\":\"https:\/\/imefilmfest.com\/wp-content\/uploads\/2023\/03\/So-still-digging.jpeg\",\"width\":603,\"height\":800},{\"@type\":\"BreadcrumbList\",\"@id\":\"https:\/\/imefilmfest.com\/international-migration-&-environmental-film-festival\/so-still-digging\/#breadcrumb\",\"itemListElement\":[{\"@type\":\"ListItem\",\"position\":1,\"name\":\"Home\",\"item\":\"https:\/\/imefilmfest.com\/international-migration-&-environmental-film-festival\/home\/\"},{\"@type\":\"ListItem\",\"position\":2,\"name\":\"So, still digging?\"}]},{\"@type\":\"WebSite\",\"@id\":\"https:\/\/imefilmfest.com\/international-migration-&-environmental-film-festival\/#website\",\"url\":\"https:\/\/imefilmfest.com\/international-migration-&-environmental-film-festival\/\",\"name\":\"International Migration & Environmental Film Festival\",\"description\":\"North America&#039;s Largest Film Festival on Migration and Environment Sustainability\",\"publisher\":{\"@id\":\"https:\/\/imefilmfest.com\/international-migration-&-environmental-film-festival\/#organization\"},\"potentialAction\":[{\"@type\":\"SearchAction\",\"target\":{\"@type\":\"EntryPoint\",\"urlTemplate\":\"https:\/\/imefilmfest.com\/international-migration-&-environmental-film-festival\/?s={search_term_string}\"},\"query-input\":\"required name=search_term_string\"}],\"inLanguage\":\"en-US\"},{\"@type\":\"Organization\",\"@id\":\"https:\/\/imefilmfest.com\/international-migration-&-environmental-film-festival\/#organization\",\"name\":\"International Migration & Environmental Film Festival\",\"url\":\"https:\/\/imefilmfest.com\/international-migration-&-environmental-film-festival\/\",\"logo\":{\"@type\":\"ImageObject\",\"inLanguage\":\"en-US\",\"@id\":\"https:\/\/imefilmfest.com\/international-migration-&-environmental-film-festival\/#\/schema\/logo\/image\/\",\"url\":\"https:\/\/imefilmfest.com\/wp-content\/uploads\/2021\/09\/IMEFF-i-1-scaled.jpg\",\"contentUrl\":\"https:\/\/imefilmfest.com\/wp-content\/uploads\/2021\/09\/IMEFF-i-1-scaled.jpg\",\"width\":2560,\"height\":2560,\"caption\":\"International Migration & Environmental Film Festival\"},\"image\":{\"@id\":\"https:\/\/imefilmfest.com\/international-migration-&-environmental-film-festival\/#\/schema\/logo\/image\/\"},\"sameAs\":[\"https:\/\/m.facebook.com\/imefilmfest\/\"]}]}<\/script>\n<!-- \/ Yoast SEO plugin. -->","yoast_head_json":{"title":"So, still digging? - International Migration &amp; Environmental Film Festival","robots":{"index":"index","follow":"follow","max-snippet":"max-snippet:-1","max-image-preview":"max-image-preview:large","max-video-preview":"max-video-preview:-1"},"canonical":"https:\/\/imefilmfest.com\/international-migration-&-environmental-film-festival\/so-still-digging\/","og_locale":"en_US","og_type":"article","og_title":"So, still digging? - International Migration &amp; Environmental Film Festival","og_description":"Directed by Hugo Dayan Country of Origin France Runtime 01:39:36 Category Documentary Camille, a young French climatologist, has a string of research contracts at the French National Center for Scientific Research. But understanding how the climate itself works and only drawing curves announcing future catastrophes on a screen are no longer enough for her. She &hellip;","og_url":"https:\/\/imefilmfest.com\/international-migration-&-environmental-film-festival\/so-still-digging\/","og_site_name":"International Migration &amp; Environmental Film Festival","article_publisher":"https:\/\/m.facebook.com\/imefilmfest\/","article_modified_time":"2023-03-21T05:46:17+00:00","og_image":[{"width":603,"height":800,"url":"https:\/\/imefilmfest.com\/wp-content\/uploads\/2023\/03\/So-still-digging.jpeg","type":"image\/jpeg"}],"twitter_card":"summary_large_image","twitter_misc":{"Est. reading time":"2 minutes"},"schema":{"@context":"https:\/\/schema.org","@graph":[{"@type":"WebPage","@id":"https:\/\/imefilmfest.com\/international-migration-&-environmental-film-festival\/so-still-digging\/","url":"https:\/\/imefilmfest.com\/international-migration-&-environmental-film-festival\/so-still-digging\/","name":"So, still digging? - International Migration &amp; Environmental Film Festival","isPartOf":{"@id":"https:\/\/imefilmfest.com\/international-migration-&-environmental-film-festival\/#website"},"primaryImageOfPage":{"@id":"https:\/\/imefilmfest.com\/international-migration-&-environmental-film-festival\/so-still-digging\/#primaryimage"},"image":{"@id":"https:\/\/imefilmfest.com\/international-migration-&-environmental-film-festival\/so-still-digging\/#primaryimage"},"thumbnailUrl":"https:\/\/imefilmfest.com\/wp-content\/uploads\/2023\/03\/So-still-digging.jpeg","datePublished":"2023-03-20T07:36:24+00:00","dateModified":"2023-03-21T05:46:17+00:00","breadcrumb":{"@id":"https:\/\/imefilmfest.com\/international-migration-&-environmental-film-festival\/so-still-digging\/#breadcrumb"},"inLanguage":"en-US","potentialAction":[{"@type":"ReadAction","target":["https:\/\/imefilmfest.com\/international-migration-&-environmental-film-festival\/so-still-digging\/"]}]},{"@type":"ImageObject","inLanguage":"en-US","@id":"https:\/\/imefilmfest.com\/international-migration-&-environmental-film-festival\/so-still-digging\/#primaryimage","url":"https:\/\/imefilmfest.com\/wp-content\/uploads\/2023\/03\/So-still-digging.jpeg","contentUrl":"https:\/\/imefilmfest.com\/wp-content\/uploads\/2023\/03\/So-still-digging.jpeg","width":603,"height":800},{"@type":"BreadcrumbList","@id":"https:\/\/imefilmfest.com\/international-migration-&-environmental-film-festival\/so-still-digging\/#breadcrumb","itemListElement":[{"@type":"ListItem","position":1,"name":"Home","item":"https:\/\/imefilmfest.com\/international-migration-&-environmental-film-festival\/home\/"},{"@type":"ListItem","position":2,"name":"So, still digging?"}]},{"@type":"WebSite","@id":"https:\/\/imefilmfest.com\/international-migration-&-environmental-film-festival\/#website","url":"https:\/\/imefilmfest.com\/international-migration-&-environmental-film-festival\/","name":"International Migration & Environmental Film Festival","description":"North America&#039;s Largest Film Festival on Migration and Environment Sustainability","publisher":{"@id":"https:\/\/imefilmfest.com\/international-migration-&-environmental-film-festival\/#organization"},"potentialAction":[{"@type":"SearchAction","target":{"@type":"EntryPoint","urlTemplate":"https:\/\/imefilmfest.com\/international-migration-&-environmental-film-festival\/?s={search_term_string}"},"query-input":"required name=search_term_string"}],"inLanguage":"en-US"},{"@type":"Organization","@id":"https:\/\/imefilmfest.com\/international-migration-&-environmental-film-festival\/#organization","name":"International Migration & Environmental Film Festival","url":"https:\/\/imefilmfest.com\/international-migration-&-environmental-film-festival\/","logo":{"@type":"ImageObject","inLanguage":"en-US","@id":"https:\/\/imefilmfest.com\/international-migration-&-environmental-film-festival\/#\/schema\/logo\/image\/","url":"https:\/\/imefilmfest.com\/wp-content\/uploads\/2021\/09\/IMEFF-i-1-scaled.jpg","contentUrl":"https:\/\/imefilmfest.com\/wp-content\/uploads\/2021\/09\/IMEFF-i-1-scaled.jpg","width":2560,"height":2560,"caption":"International Migration & Environmental Film Festival"},"image":{"@id":"https:\/\/imefilmfest.com\/international-migration-&-environmental-film-festival\/#\/schema\/logo\/image\/"},"sameAs":["https:\/\/m.facebook.com\/imefilmfest\/"]}]}},"_links":{"self":[{"href":"https:\/\/imefilmfest.com\/international-migration-&-environmental-film-festival\/wp-json\/wp\/v2\/pages\/1594","targetHints":{"allow":["GET"]}}],"collection":[{"href":"https:\/\/imefilmfest.com\/international-migration-&-environmental-film-festival\/wp-json\/wp\/v2\/pages"}],"about":[{"href":"https:\/\/imefilmfest.com\/international-migration-&-environmental-film-festival\/wp-json\/wp\/v2\/types\/page"}],"author":[{"embeddable":true,"href":"https:\/\/imefilmfest.com\/international-migration-&-environmental-film-festival\/wp-json\/wp\/v2\/users\/1"}],"replies":[{"embeddable":true,"href":"https:\/\/imefilmfest.com\/international-migration-&-environmental-film-festival\/wp-json\/wp\/v2\/comments?post=1594"}],"version-history":[{"count":2,"href":"https:\/\/imefilmfest.com\/international-migration-&-environmental-film-festival\/wp-json\/wp\/v2\/pages\/1594\/revisions"}],"predecessor-version":[{"id":1922,"href":"https:\/\/imefilmfest.com\/international-migration-&-environmental-film-festival\/wp-json\/wp\/v2\/pages\/1594\/revisions\/1922"}],"wp:featuredmedia":[{"embeddable":true,"href":"https:\/\/imefilmfest.com\/international-migration-&-environmental-film-festival\/wp-json\/wp\/v2\/media\/1224"}],"wp:attachment":[{"href":"https:\/\/imefilmfest.com\/international-migration-&-environmental-film-festival\/wp-json\/wp\/v2\/media?parent=1594"}],"curies":[{"name":"wp","href":"https:\/\/api.w.org\/{rel}","templated":true}]}}