{"id":1702,"date":"2023-03-20T15:39:16","date_gmt":"2023-03-20T15:39:16","guid":{"rendered":"https:\/\/imefilmfest.com\/international-migration-&#038;-environmental-film-festival\/?page_id=1702"},"modified":"2023-05-25T23:17:05","modified_gmt":"2023-05-25T23:17:05","slug":"exodos-2","status":"publish","type":"page","link":"https:\/\/imefilmfest.com\/international-migration-&-environmental-film-festival\/exodos-2\/","title":{"rendered":"Exodos"},"content":{"rendered":"\n<figure class=\"wp-block-image size-large is-resized\"><img fetchpriority=\"high\" decoding=\"async\" src=\"data:image\/gif;base64,R0lGODlhAQABAAAAACH5BAEKAAEALAAAAAABAAEAAAICTAEAOw==\" data-layzr=\"https:\/\/imefilmfest.com\/wp-content\/uploads\/2023\/05\/Exodos-1024x576.jpeg\" alt=\"\" class=\"wp-image-2595\" width=\"699\" height=\"393\"\/><\/figure>\n\n\n\n<h5 class=\"wp-block-heading\">Directed by<\/h5>\n\n\n\n<p>Alessandro Ingaria<\/p>\n\n\n\n<h5 class=\"wp-block-heading\">Country of Origin<\/h5>\n\n\n\n<p>Italy<\/p>\n\n\n\n<h5 class=\"wp-block-heading\">Runtime<\/h5>\n\n\n\n<p>01:00:20<\/p>\n\n\n\n<h5 class=\"wp-block-heading\">Category<\/h5>\n\n\n\n<p><a href=\"javascript:void(0);\"><\/a>Documentary<\/p>\n\n\n\n<p>A sore humankind &#8211; walking a path, torn apart by wars and poverty &#8211; is portrayed through the eyes and hearts of photographers, who are the participants in Exodos. Men and women, elderly people and children travelling long distances, passing through landscapes and attempting to cross crystallized borders closing the door to life.<\/p>\n\n\n\n<p><strong>Director Biography &#8211;&nbsp;Alessandro Ingaria<\/strong><\/p>\n\n\n\n<figure class=\"wp-block-image size-full is-resized\"><img decoding=\"async\" src=\"data:image\/gif;base64,R0lGODlhAQABAAAAACH5BAEKAAEALAAAAAABAAEAAAICTAEAOw==\" data-layzr=\"https:\/\/imefilmfest.com\/wp-content\/uploads\/2023\/03\/Alessandro-Ingaria-headshot.jpeg\" alt=\"\" class=\"wp-image-1836\" width=\"241\" height=\"362\"\/><\/figure>\n\n\n\n<p>Alessandro Ingaria (Italy, 1976)<br>Director of documentaries and short movies with contamination by video-art. Head of social projects and asylum seeker hospitality projects. Mayor of small municipality in Italy. He works with a strong vocation for human rights and anthropology approach.<\/p>\n\n\n\n<p>Filmography:<br>FLIYNG VIPERA (12\u2019 &#8211; 2020) Director &#8211; Genres: Mockumentary<br>Jury Prize Piemonte Documenteur Film Festival 2020<br>Official Selection Buenos Aires Festival Internacional de Cine Independiente (BAFICI) 2021<\/p>\n\n\n\n<p>SENZA CONFINI, SENZA PAURA (20\u2019 \u2013 2018) Director &#8211; Genres: Documentary<br>United Network, Atlante Italian Teacher Award 2018<\/p>\n\n\n\n<p>L\u2019ARITMETICA DEL LUPO (38\u2019, 2018) Director &#8211; Genres: Documentary<br>Club Alpino Italiano Renata Viviani Award \u2013 Cineteca del CAI &#8211; Milano Mountain Festival 2018<br>Jury Prize Sandalia Sustainability Film Festival 2018<br>Official Selection Trento Film Festival 2018<br>Official Selection Lessinia Film Festival 2018<br>Official Selection Clorofilla Film Festival 2018<\/p>\n\n\n\n<p>OLA (2\u2019, 2016) Director &#8211; Video installation \u201cExpo GOOAL ! rendez-vous europ\u00e9en UEFA EURO 2016\u201d, Mus\u00e9e National du Sport \u2013 Nice (Francia)<\/p>\n\n\n\n<p>AMORE D\u2019INVERNO (9\u2019, 2015) Author, screenwriter and producer &#8211; Genres: Animation short-movie<br>with Isabel Herguera (Director) and Gianmarco Serra (Screenwriter)<br>2020 New Selection Academy Members USA<br>Official Selection Goya Prize 2017 Animation (Spain)<br>Award MEJOR FICCI\u00d3N secci\u00f3n Collita 2016 Festival Internacional de Cinema del Vi i el Cava Vilafranca del Pened\u00e8s Barcelona (Espanya)<br>Jury Special Mentions SHORT FILMS AWARDS Imaginaria Film Festival 2016 Italia<br>Jury Special Mentions FASCURT Festival de curtmetratges del Masnou 2016 Barcellona<br>Award Festival internacional de cine documental y cortometraje de Bilbao Zinebi 57<br>Movistar award best short Festival de Cine de Alcal\u00e1 de Henares 2015 (Spain)<br>Official Selection L\u2019Alternativa 2015 \u2013 Festival de Cinema Indipendente di Barcellona<br>Official Selection 58th International Leipzig Festival 2015 for documentary and animated film (Germany)<br>Guest on Focus On in the Sofia International Short Film Festival 2015<br>Official Selection Medina del Campo 2015 (Spagna)<br>Official Selection Programme Carte Blanche Court C\u2019est Court Cabri\u00e8res d\u2019Avignon 2015 (Francia)<br>Official Selection Balkanima 2015 (Novi Beograd, Serbia)<br>Official Selection Festival de Cortometrajes &#8220;Cortada&#8221; de Vitoria-Gasteiz 2015<br>Guest&nbsp;1\u00b0 Beijing Short Film Festival, China Film Agency<br>Official Selection Animac 2016 &#8211; International Animation Film Festival of Catalonia &#8211; Lleida<br>Guest Les Journ\u00e9es du Cin\u00e9ma Italien di Nizza (Francia, marzo 2016)<br>Official Selection MECAL 2016 Festival Internacional de Cortometrajes de Barcelona<br>Official Selection FEC 2016 &#8211; Festival Europeo de Curtmetratges<br>Official Selection Best of Short Fims &#8211; Out of Competition, Monstra 2016 (Lisbona)<br>Official Selection Anima Brussels Animation Film Festival 2016<br>Official Selection \u2018\u2019Short Film Pool\u2019\u2019 2016 (Germany, France, Portugal, Netherland, Switzerland, Italy)<br>Official Selection Athens Digital Arts Festival 2016 Grecia<br>Official Selection Tokyo Anime Award Festival 2016<br>Official Selection Festival de M\u00e0laga de Cine Espa\u00f1ol 2016<br>Official Selection Piemonte Movie GLocal Film Fest 2016<br>Official Selection Belo Horizonte International Short Film Festival 2016 Brasil<br>Official Selection Ciclo Nuevo Cineastas Vascos 2016<br>Official Selection Cabourg Film Festival 2016 Francia<br>Official Selection Countryside Animafest Cyprus<br>Official Selection Athens ANIMFEST 2016 Grecia<br>Guest 7TH KINOOKUS FFF 2016 Dubrovnik Croazia<br>Official Selection BUSHO \u2013 Budapest Short Film Festival 2016 Ungheria<br>Official Selection ANIMAFEST Zagreb World Festival of Animated Films 2016 Croazia<br>Official Selection International Animation Festival Hiroshima 2016 Japan<br>Official Selection Annecy \u2013 Festival International Film Animation 2016<\/p>\n\n\n\n<p>PIANETA MARGUAREIS (10\u2019, 2015) Director \u2013 Genres: Experimental short movie<br>Official Selection Trento Film Festival 2015<br>Official Selection Clorofilla Film Festival 2015<br>Official Selection Cervino CineMountain Festival 2015<br>Official Selection Ortometraggi Film Festival 2018<\/p>\n\n\n\n<p>HALS (9\u2019, 2014) Director \u2013 Genres: Art video<br>Best Experimental Short Montecatini International Short Film Festival 2015&nbsp;<br>Macchiavelli Award GLocal Film Festival del Piemonte Movie 2015<br>Official Selection Animfest Atene 2015<br>Official Selection II Proceso de Error Festival de Cinema Experimental Valparaiso Chile 2015<br>Official Selection Rubber: International Festival of Music in cinema 2015<br>Official Selection 13th Festival Signes de Nuit Festival Paris 2015<br>Official Selection IX Edici\u00f3n Encuento Hispanoamericano de Cine y Video Documental: Contra el Silencio Todas las Voces (Mexico)<br>Official Selection Carmarthen Bay Film Festival 2016 (BAFTA Qualyfing Festival)<br>Official Selection Med Film Festival 2018<br>Official Selection Moscow Experimental Shorts 2018<\/p>\n\n\n\n<p>MEMORIA FOSSILE (15\u2019, 2014) DOP \u2013 Genres: short movie<br>Official Selection Tirana International Film Festival 2014<\/p>\n\n\n\n<p>DAMA A SCEGLIERE (10\u2019, 2014) Director \u2013 Genres: Mockumentary<br>Audience Award Piemonte Documenteur Film Festival (Italy) 2014<\/p>\n\n\n\n<p>#AUSTERITY (7\u2019, 2013) Director &#8211; Genres: short movie<br>Best short Corti senza fissa dimora Potenza (Italy) 2014<\/p>\n","protected":false},"excerpt":{"rendered":"<p>Directed by Alessandro Ingaria Country of Origin Italy Runtime 01:00:20 Category Documentary A sore humankind &#8211; walking a path, torn apart by wars and poverty &#8211; is portrayed through the eyes and hearts of photographers, who are the participants in Exodos. Men and women, elderly people and children travelling long distances, passing through landscapes and &hellip; <\/p>\n","protected":false},"author":1,"featured_media":1186,"parent":0,"menu_order":0,"comment_status":"closed","ping_status":"closed","template":"","meta":{"pgc_sgb_lightbox_settings":"","footnotes":""},"class_list":["post-1702","page","type-page","status-publish","has-post-thumbnail","hentry","latest_post"],"yoast_head":"<!-- This site is optimized with the Yoast SEO plugin v23.1 - https:\/\/yoast.com\/wordpress\/plugins\/seo\/ -->\n<title>Exodos - International Migration &amp; Environmental Film Festival<\/title>\n<meta name=\"robots\" content=\"index, follow, max-snippet:-1, max-image-preview:large, max-video-preview:-1\" \/>\n<link rel=\"canonical\" href=\"https:\/\/imefilmfest.com\/international-migration-&-environmental-film-festival\/exodos-2\/\" \/>\n<meta property=\"og:locale\" content=\"en_US\" \/>\n<meta property=\"og:type\" content=\"article\" \/>\n<meta property=\"og:title\" content=\"Exodos - International Migration &amp; Environmental Film Festival\" \/>\n<meta property=\"og:description\" content=\"Directed by Alessandro Ingaria Country of Origin Italy Runtime 01:00:20 Category Documentary A sore humankind &#8211; walking a path, torn apart by wars and poverty &#8211; is portrayed through the eyes and hearts of photographers, who are the participants in Exodos. Men and women, elderly people and children travelling long distances, passing through landscapes and &hellip;\" \/>\n<meta property=\"og:url\" content=\"https:\/\/imefilmfest.com\/international-migration-&amp;-environmental-film-festival\/exodos-2\/\" \/>\n<meta property=\"og:site_name\" content=\"International Migration &amp; Environmental Film Festival\" \/>\n<meta property=\"article:publisher\" content=\"https:\/\/m.facebook.com\/imefilmfest\/\" \/>\n<meta property=\"article:modified_time\" content=\"2023-05-25T23:17:05+00:00\" \/>\n<meta property=\"og:image\" content=\"https:\/\/imefilmfest.com\/wp-content\/uploads\/2023\/03\/Exodos-1.jpeg\" \/>\n\t<meta property=\"og:image:width\" content=\"686\" \/>\n\t<meta property=\"og:image:height\" content=\"800\" \/>\n\t<meta property=\"og:image:type\" content=\"image\/jpeg\" \/>\n<meta name=\"twitter:card\" content=\"summary_large_image\" \/>\n<meta name=\"twitter:label1\" content=\"Est. reading time\" \/>\n\t<meta name=\"twitter:data1\" content=\"3 minutes\" \/>\n<script type=\"application\/ld+json\" class=\"yoast-schema-graph\">{\"@context\":\"https:\/\/schema.org\",\"@graph\":[{\"@type\":\"WebPage\",\"@id\":\"https:\/\/imefilmfest.com\/international-migration-&-environmental-film-festival\/exodos-2\/\",\"url\":\"https:\/\/imefilmfest.com\/international-migration-&-environmental-film-festival\/exodos-2\/\",\"name\":\"Exodos - International Migration &amp; Environmental Film Festival\",\"isPartOf\":{\"@id\":\"https:\/\/imefilmfest.com\/international-migration-&-environmental-film-festival\/#website\"},\"primaryImageOfPage\":{\"@id\":\"https:\/\/imefilmfest.com\/international-migration-&-environmental-film-festival\/exodos-2\/#primaryimage\"},\"image\":{\"@id\":\"https:\/\/imefilmfest.com\/international-migration-&-environmental-film-festival\/exodos-2\/#primaryimage\"},\"thumbnailUrl\":\"https:\/\/imefilmfest.com\/wp-content\/uploads\/2023\/03\/Exodos-1.jpeg\",\"datePublished\":\"2023-03-20T15:39:16+00:00\",\"dateModified\":\"2023-05-25T23:17:05+00:00\",\"breadcrumb\":{\"@id\":\"https:\/\/imefilmfest.com\/international-migration-&-environmental-film-festival\/exodos-2\/#breadcrumb\"},\"inLanguage\":\"en-US\",\"potentialAction\":[{\"@type\":\"ReadAction\",\"target\":[\"https:\/\/imefilmfest.com\/international-migration-&-environmental-film-festival\/exodos-2\/\"]}]},{\"@type\":\"ImageObject\",\"inLanguage\":\"en-US\",\"@id\":\"https:\/\/imefilmfest.com\/international-migration-&-environmental-film-festival\/exodos-2\/#primaryimage\",\"url\":\"https:\/\/imefilmfest.com\/wp-content\/uploads\/2023\/03\/Exodos-1.jpeg\",\"contentUrl\":\"https:\/\/imefilmfest.com\/wp-content\/uploads\/2023\/03\/Exodos-1.jpeg\",\"width\":686,\"height\":800},{\"@type\":\"BreadcrumbList\",\"@id\":\"https:\/\/imefilmfest.com\/international-migration-&-environmental-film-festival\/exodos-2\/#breadcrumb\",\"itemListElement\":[{\"@type\":\"ListItem\",\"position\":1,\"name\":\"Home\",\"item\":\"https:\/\/imefilmfest.com\/international-migration-&-environmental-film-festival\/home\/\"},{\"@type\":\"ListItem\",\"position\":2,\"name\":\"Exodos\"}]},{\"@type\":\"WebSite\",\"@id\":\"https:\/\/imefilmfest.com\/international-migration-&-environmental-film-festival\/#website\",\"url\":\"https:\/\/imefilmfest.com\/international-migration-&-environmental-film-festival\/\",\"name\":\"International Migration & Environmental Film Festival\",\"description\":\"North America&#039;s Largest Film Festival on Migration and Environment Sustainability\",\"publisher\":{\"@id\":\"https:\/\/imefilmfest.com\/international-migration-&-environmental-film-festival\/#organization\"},\"potentialAction\":[{\"@type\":\"SearchAction\",\"target\":{\"@type\":\"EntryPoint\",\"urlTemplate\":\"https:\/\/imefilmfest.com\/international-migration-&-environmental-film-festival\/?s={search_term_string}\"},\"query-input\":\"required name=search_term_string\"}],\"inLanguage\":\"en-US\"},{\"@type\":\"Organization\",\"@id\":\"https:\/\/imefilmfest.com\/international-migration-&-environmental-film-festival\/#organization\",\"name\":\"International Migration & Environmental Film Festival\",\"url\":\"https:\/\/imefilmfest.com\/international-migration-&-environmental-film-festival\/\",\"logo\":{\"@type\":\"ImageObject\",\"inLanguage\":\"en-US\",\"@id\":\"https:\/\/imefilmfest.com\/international-migration-&-environmental-film-festival\/#\/schema\/logo\/image\/\",\"url\":\"https:\/\/imefilmfest.com\/wp-content\/uploads\/2021\/09\/IMEFF-i-1-scaled.jpg\",\"contentUrl\":\"https:\/\/imefilmfest.com\/wp-content\/uploads\/2021\/09\/IMEFF-i-1-scaled.jpg\",\"width\":2560,\"height\":2560,\"caption\":\"International Migration & Environmental Film Festival\"},\"image\":{\"@id\":\"https:\/\/imefilmfest.com\/international-migration-&-environmental-film-festival\/#\/schema\/logo\/image\/\"},\"sameAs\":[\"https:\/\/m.facebook.com\/imefilmfest\/\"]}]}<\/script>\n<!-- \/ Yoast SEO plugin. -->","yoast_head_json":{"title":"Exodos - International Migration &amp; Environmental Film Festival","robots":{"index":"index","follow":"follow","max-snippet":"max-snippet:-1","max-image-preview":"max-image-preview:large","max-video-preview":"max-video-preview:-1"},"canonical":"https:\/\/imefilmfest.com\/international-migration-&-environmental-film-festival\/exodos-2\/","og_locale":"en_US","og_type":"article","og_title":"Exodos - International Migration &amp; Environmental Film Festival","og_description":"Directed by Alessandro Ingaria Country of Origin Italy Runtime 01:00:20 Category Documentary A sore humankind &#8211; walking a path, torn apart by wars and poverty &#8211; is portrayed through the eyes and hearts of photographers, who are the participants in Exodos. Men and women, elderly people and children travelling long distances, passing through landscapes and &hellip;","og_url":"https:\/\/imefilmfest.com\/international-migration-&-environmental-film-festival\/exodos-2\/","og_site_name":"International Migration &amp; Environmental Film Festival","article_publisher":"https:\/\/m.facebook.com\/imefilmfest\/","article_modified_time":"2023-05-25T23:17:05+00:00","og_image":[{"width":686,"height":800,"url":"https:\/\/imefilmfest.com\/wp-content\/uploads\/2023\/03\/Exodos-1.jpeg","type":"image\/jpeg"}],"twitter_card":"summary_large_image","twitter_misc":{"Est. reading time":"3 minutes"},"schema":{"@context":"https:\/\/schema.org","@graph":[{"@type":"WebPage","@id":"https:\/\/imefilmfest.com\/international-migration-&-environmental-film-festival\/exodos-2\/","url":"https:\/\/imefilmfest.com\/international-migration-&-environmental-film-festival\/exodos-2\/","name":"Exodos - International Migration &amp; Environmental Film Festival","isPartOf":{"@id":"https:\/\/imefilmfest.com\/international-migration-&-environmental-film-festival\/#website"},"primaryImageOfPage":{"@id":"https:\/\/imefilmfest.com\/international-migration-&-environmental-film-festival\/exodos-2\/#primaryimage"},"image":{"@id":"https:\/\/imefilmfest.com\/international-migration-&-environmental-film-festival\/exodos-2\/#primaryimage"},"thumbnailUrl":"https:\/\/imefilmfest.com\/wp-content\/uploads\/2023\/03\/Exodos-1.jpeg","datePublished":"2023-03-20T15:39:16+00:00","dateModified":"2023-05-25T23:17:05+00:00","breadcrumb":{"@id":"https:\/\/imefilmfest.com\/international-migration-&-environmental-film-festival\/exodos-2\/#breadcrumb"},"inLanguage":"en-US","potentialAction":[{"@type":"ReadAction","target":["https:\/\/imefilmfest.com\/international-migration-&-environmental-film-festival\/exodos-2\/"]}]},{"@type":"ImageObject","inLanguage":"en-US","@id":"https:\/\/imefilmfest.com\/international-migration-&-environmental-film-festival\/exodos-2\/#primaryimage","url":"https:\/\/imefilmfest.com\/wp-content\/uploads\/2023\/03\/Exodos-1.jpeg","contentUrl":"https:\/\/imefilmfest.com\/wp-content\/uploads\/2023\/03\/Exodos-1.jpeg","width":686,"height":800},{"@type":"BreadcrumbList","@id":"https:\/\/imefilmfest.com\/international-migration-&-environmental-film-festival\/exodos-2\/#breadcrumb","itemListElement":[{"@type":"ListItem","position":1,"name":"Home","item":"https:\/\/imefilmfest.com\/international-migration-&-environmental-film-festival\/home\/"},{"@type":"ListItem","position":2,"name":"Exodos"}]},{"@type":"WebSite","@id":"https:\/\/imefilmfest.com\/international-migration-&-environmental-film-festival\/#website","url":"https:\/\/imefilmfest.com\/international-migration-&-environmental-film-festival\/","name":"International Migration & Environmental Film Festival","description":"North America&#039;s Largest Film Festival on Migration and Environment Sustainability","publisher":{"@id":"https:\/\/imefilmfest.com\/international-migration-&-environmental-film-festival\/#organization"},"potentialAction":[{"@type":"SearchAction","target":{"@type":"EntryPoint","urlTemplate":"https:\/\/imefilmfest.com\/international-migration-&-environmental-film-festival\/?s={search_term_string}"},"query-input":"required name=search_term_string"}],"inLanguage":"en-US"},{"@type":"Organization","@id":"https:\/\/imefilmfest.com\/international-migration-&-environmental-film-festival\/#organization","name":"International Migration & Environmental Film Festival","url":"https:\/\/imefilmfest.com\/international-migration-&-environmental-film-festival\/","logo":{"@type":"ImageObject","inLanguage":"en-US","@id":"https:\/\/imefilmfest.com\/international-migration-&-environmental-film-festival\/#\/schema\/logo\/image\/","url":"https:\/\/imefilmfest.com\/wp-content\/uploads\/2021\/09\/IMEFF-i-1-scaled.jpg","contentUrl":"https:\/\/imefilmfest.com\/wp-content\/uploads\/2021\/09\/IMEFF-i-1-scaled.jpg","width":2560,"height":2560,"caption":"International Migration & Environmental Film Festival"},"image":{"@id":"https:\/\/imefilmfest.com\/international-migration-&-environmental-film-festival\/#\/schema\/logo\/image\/"},"sameAs":["https:\/\/m.facebook.com\/imefilmfest\/"]}]}},"_links":{"self":[{"href":"https:\/\/imefilmfest.com\/international-migration-&-environmental-film-festival\/wp-json\/wp\/v2\/pages\/1702","targetHints":{"allow":["GET"]}}],"collection":[{"href":"https:\/\/imefilmfest.com\/international-migration-&-environmental-film-festival\/wp-json\/wp\/v2\/pages"}],"about":[{"href":"https:\/\/imefilmfest.com\/international-migration-&-environmental-film-festival\/wp-json\/wp\/v2\/types\/page"}],"author":[{"embeddable":true,"href":"https:\/\/imefilmfest.com\/international-migration-&-environmental-film-festival\/wp-json\/wp\/v2\/users\/1"}],"replies":[{"embeddable":true,"href":"https:\/\/imefilmfest.com\/international-migration-&-environmental-film-festival\/wp-json\/wp\/v2\/comments?post=1702"}],"version-history":[{"count":3,"href":"https:\/\/imefilmfest.com\/international-migration-&-environmental-film-festival\/wp-json\/wp\/v2\/pages\/1702\/revisions"}],"predecessor-version":[{"id":2596,"href":"https:\/\/imefilmfest.com\/international-migration-&-environmental-film-festival\/wp-json\/wp\/v2\/pages\/1702\/revisions\/2596"}],"wp:featuredmedia":[{"embeddable":true,"href":"https:\/\/imefilmfest.com\/international-migration-&-environmental-film-festival\/wp-json\/wp\/v2\/media\/1186"}],"wp:attachment":[{"href":"https:\/\/imefilmfest.com\/international-migration-&-environmental-film-festival\/wp-json\/wp\/v2\/media?parent=1702"}],"curies":[{"name":"wp","href":"https:\/\/api.w.org\/{rel}","templated":true}]}}