{"id":1766,"date":"2023-03-20T19:59:16","date_gmt":"2023-03-20T19:59:16","guid":{"rendered":"https:\/\/imefilmfest.com\/international-migration-&#038;-environmental-film-festival\/?page_id=1766"},"modified":"2023-05-26T02:12:59","modified_gmt":"2023-05-26T02:12:59","slug":"ancestral-land","status":"publish","type":"page","link":"https:\/\/imefilmfest.com\/international-migration-&-environmental-film-festival\/ancestral-land\/","title":{"rendered":"Ancestral Land"},"content":{"rendered":"\n<figure class=\"wp-block-image size-large is-resized\"><img fetchpriority=\"high\" decoding=\"async\" src=\"data:image\/gif;base64,R0lGODlhAQABAAAAACH5BAEKAAEALAAAAAABAAEAAAICTAEAOw==\" data-layzr=\"https:\/\/imefilmfest.com\/wp-content\/uploads\/2023\/05\/Ancestral-Land-1024x683.jpeg\" alt=\"\" class=\"wp-image-2659\" width=\"633\" height=\"422\"\/><\/figure>\n\n\n\n<h5 class=\"wp-block-heading\">Directed by<\/h5>\n\n\n\n<p>Gabriel Bissonnette<\/p>\n\n\n\n<h5 class=\"wp-block-heading\">Country of Origin<\/h5>\n\n\n\n<p>Canada<\/p>\n\n\n\n<h5 class=\"wp-block-heading\">Runtime<\/h5>\n\n\n\n<p>6:19<\/p>\n\n\n\n<h5 class=\"wp-block-heading\">Category<\/h5>\n\n\n\n<p><a href=\"javascript:void(0);\"><\/a>Short Film<\/p>\n\n\n\n<p><\/p>\n\n\n\n<p>A young traveler thrives on the forest that surrounds him until, by chance, he spots an evil ax that makes him greedy.<\/p>\n\n\n\n<p><strong>Director Biography &#8211;&nbsp;Gabriel Bissonnette<\/strong><\/p>\n\n\n\n<figure class=\"wp-block-image size-full is-resized\"><img decoding=\"async\" src=\"data:image\/gif;base64,R0lGODlhAQABAAAAACH5BAEKAAEALAAAAAABAAEAAAICTAEAOw==\" data-layzr=\"https:\/\/imefilmfest.com\/wp-content\/uploads\/2023\/03\/Gabriel-Bissonnette.jpeg\" alt=\"\" class=\"wp-image-2142\" width=\"341\" height=\"227\"\/><\/figure>\n\n\n\n<p>Gabriel is a director who was born in Laval in 1982, he later grew up in Montreal where he discovered cinema in a youth centre. He cut his teeth in cinema at C\u00e9gep de Rosemont and then perfected his skills in editing at ECTQ in Quebec. He built a strong experience thanks to personal projects of short films. He has also formed his own group called Fusion Film. He is now self-employed in the big city of Montreal. He produces as many shows as films or web series.<\/p>\n\n\n\n<p>Some notable projects: In 2009 he received an Art Partage grant for the film Lena dans le mirroir,<br>Gabriel is making a documentary A Letter from Ga\u00efa and is funded through grants obtained from the Courses des R\u00e9gions. The same year, Gabriel directed the film KO for which he was nominated for best direction. It is broadcast on the UNIS.TV channel, screened at Kino Montr\u00e9al 2018 and at the Rendez-vous du Cin\u00e9ma Qu\u00e9b\u00e9cois. Since then, he has produced several other short films such as Les autres where he received the prize for best special effects at the Yes Mtl festival, L&#8217;or bleu with the theme of water war. Finally, he directed and produced two agritourism programs entitled \u00c0 la bonne franquette for Bell&#8217;s TV1 channel.<\/p>\n","protected":false},"excerpt":{"rendered":"<p>Directed by Gabriel Bissonnette Country of Origin Canada Runtime 6:19 Category Short Film A young traveler thrives on the forest that surrounds him until, by chance, he spots an evil ax that makes him greedy. Director Biography &#8211;&nbsp;Gabriel Bissonnette Gabriel is a director who was born in Laval in 1982, he later grew up in &hellip; <\/p>\n","protected":false},"author":1,"featured_media":1402,"parent":0,"menu_order":0,"comment_status":"closed","ping_status":"closed","template":"","meta":{"pgc_sgb_lightbox_settings":"","footnotes":""},"class_list":["post-1766","page","type-page","status-publish","has-post-thumbnail","hentry","latest_post"],"yoast_head":"<!-- This site is optimized with the Yoast SEO plugin v23.1 - https:\/\/yoast.com\/wordpress\/plugins\/seo\/ -->\n<title>Ancestral Land - International Migration &amp; Environmental Film Festival<\/title>\n<meta name=\"robots\" content=\"index, follow, max-snippet:-1, max-image-preview:large, max-video-preview:-1\" \/>\n<link rel=\"canonical\" href=\"https:\/\/imefilmfest.com\/international-migration-&-environmental-film-festival\/ancestral-land\/\" \/>\n<meta property=\"og:locale\" content=\"en_US\" \/>\n<meta property=\"og:type\" content=\"article\" \/>\n<meta property=\"og:title\" content=\"Ancestral Land - International Migration &amp; Environmental Film Festival\" \/>\n<meta property=\"og:description\" content=\"Directed by Gabriel Bissonnette Country of Origin Canada Runtime 6:19 Category Short Film A young traveler thrives on the forest that surrounds him until, by chance, he spots an evil ax that makes him greedy. Director Biography &#8211;&nbsp;Gabriel Bissonnette Gabriel is a director who was born in Laval in 1982, he later grew up in &hellip;\" \/>\n<meta property=\"og:url\" content=\"https:\/\/imefilmfest.com\/international-migration-&amp;-environmental-film-festival\/ancestral-land\/\" \/>\n<meta property=\"og:site_name\" content=\"International Migration &amp; Environmental Film Festival\" \/>\n<meta property=\"article:publisher\" content=\"https:\/\/m.facebook.com\/imefilmfest\/\" \/>\n<meta property=\"article:modified_time\" content=\"2023-05-26T02:12:59+00:00\" \/>\n<meta property=\"og:image\" content=\"https:\/\/imefilmfest.com\/wp-content\/uploads\/2023\/03\/Ancestral-Land.jpeg\" \/>\n\t<meta property=\"og:image:width\" content=\"546\" \/>\n\t<meta property=\"og:image:height\" content=\"800\" \/>\n\t<meta property=\"og:image:type\" content=\"image\/jpeg\" \/>\n<meta name=\"twitter:card\" content=\"summary_large_image\" \/>\n<meta name=\"twitter:label1\" content=\"Est. reading time\" \/>\n\t<meta name=\"twitter:data1\" content=\"1 minute\" \/>\n<script type=\"application\/ld+json\" class=\"yoast-schema-graph\">{\"@context\":\"https:\/\/schema.org\",\"@graph\":[{\"@type\":\"WebPage\",\"@id\":\"https:\/\/imefilmfest.com\/international-migration-&-environmental-film-festival\/ancestral-land\/\",\"url\":\"https:\/\/imefilmfest.com\/international-migration-&-environmental-film-festival\/ancestral-land\/\",\"name\":\"Ancestral Land - International Migration &amp; Environmental Film Festival\",\"isPartOf\":{\"@id\":\"https:\/\/imefilmfest.com\/international-migration-&-environmental-film-festival\/#website\"},\"primaryImageOfPage\":{\"@id\":\"https:\/\/imefilmfest.com\/international-migration-&-environmental-film-festival\/ancestral-land\/#primaryimage\"},\"image\":{\"@id\":\"https:\/\/imefilmfest.com\/international-migration-&-environmental-film-festival\/ancestral-land\/#primaryimage\"},\"thumbnailUrl\":\"https:\/\/imefilmfest.com\/wp-content\/uploads\/2023\/03\/Ancestral-Land.jpeg\",\"datePublished\":\"2023-03-20T19:59:16+00:00\",\"dateModified\":\"2023-05-26T02:12:59+00:00\",\"breadcrumb\":{\"@id\":\"https:\/\/imefilmfest.com\/international-migration-&-environmental-film-festival\/ancestral-land\/#breadcrumb\"},\"inLanguage\":\"en-US\",\"potentialAction\":[{\"@type\":\"ReadAction\",\"target\":[\"https:\/\/imefilmfest.com\/international-migration-&-environmental-film-festival\/ancestral-land\/\"]}]},{\"@type\":\"ImageObject\",\"inLanguage\":\"en-US\",\"@id\":\"https:\/\/imefilmfest.com\/international-migration-&-environmental-film-festival\/ancestral-land\/#primaryimage\",\"url\":\"https:\/\/imefilmfest.com\/wp-content\/uploads\/2023\/03\/Ancestral-Land.jpeg\",\"contentUrl\":\"https:\/\/imefilmfest.com\/wp-content\/uploads\/2023\/03\/Ancestral-Land.jpeg\",\"width\":546,\"height\":800},{\"@type\":\"BreadcrumbList\",\"@id\":\"https:\/\/imefilmfest.com\/international-migration-&-environmental-film-festival\/ancestral-land\/#breadcrumb\",\"itemListElement\":[{\"@type\":\"ListItem\",\"position\":1,\"name\":\"Home\",\"item\":\"https:\/\/imefilmfest.com\/international-migration-&-environmental-film-festival\/home\/\"},{\"@type\":\"ListItem\",\"position\":2,\"name\":\"Ancestral Land\"}]},{\"@type\":\"WebSite\",\"@id\":\"https:\/\/imefilmfest.com\/international-migration-&-environmental-film-festival\/#website\",\"url\":\"https:\/\/imefilmfest.com\/international-migration-&-environmental-film-festival\/\",\"name\":\"International Migration & Environmental Film Festival\",\"description\":\"North America&#039;s Largest Film Festival on Migration and Environment Sustainability\",\"publisher\":{\"@id\":\"https:\/\/imefilmfest.com\/international-migration-&-environmental-film-festival\/#organization\"},\"potentialAction\":[{\"@type\":\"SearchAction\",\"target\":{\"@type\":\"EntryPoint\",\"urlTemplate\":\"https:\/\/imefilmfest.com\/international-migration-&-environmental-film-festival\/?s={search_term_string}\"},\"query-input\":\"required name=search_term_string\"}],\"inLanguage\":\"en-US\"},{\"@type\":\"Organization\",\"@id\":\"https:\/\/imefilmfest.com\/international-migration-&-environmental-film-festival\/#organization\",\"name\":\"International Migration & Environmental Film Festival\",\"url\":\"https:\/\/imefilmfest.com\/international-migration-&-environmental-film-festival\/\",\"logo\":{\"@type\":\"ImageObject\",\"inLanguage\":\"en-US\",\"@id\":\"https:\/\/imefilmfest.com\/international-migration-&-environmental-film-festival\/#\/schema\/logo\/image\/\",\"url\":\"https:\/\/imefilmfest.com\/wp-content\/uploads\/2021\/09\/IMEFF-i-1-scaled.jpg\",\"contentUrl\":\"https:\/\/imefilmfest.com\/wp-content\/uploads\/2021\/09\/IMEFF-i-1-scaled.jpg\",\"width\":2560,\"height\":2560,\"caption\":\"International Migration & Environmental Film Festival\"},\"image\":{\"@id\":\"https:\/\/imefilmfest.com\/international-migration-&-environmental-film-festival\/#\/schema\/logo\/image\/\"},\"sameAs\":[\"https:\/\/m.facebook.com\/imefilmfest\/\"]}]}<\/script>\n<!-- \/ Yoast SEO plugin. -->","yoast_head_json":{"title":"Ancestral Land - International Migration &amp; Environmental Film Festival","robots":{"index":"index","follow":"follow","max-snippet":"max-snippet:-1","max-image-preview":"max-image-preview:large","max-video-preview":"max-video-preview:-1"},"canonical":"https:\/\/imefilmfest.com\/international-migration-&-environmental-film-festival\/ancestral-land\/","og_locale":"en_US","og_type":"article","og_title":"Ancestral Land - International Migration &amp; Environmental Film Festival","og_description":"Directed by Gabriel Bissonnette Country of Origin Canada Runtime 6:19 Category Short Film A young traveler thrives on the forest that surrounds him until, by chance, he spots an evil ax that makes him greedy. Director Biography &#8211;&nbsp;Gabriel Bissonnette Gabriel is a director who was born in Laval in 1982, he later grew up in &hellip;","og_url":"https:\/\/imefilmfest.com\/international-migration-&-environmental-film-festival\/ancestral-land\/","og_site_name":"International Migration &amp; Environmental Film Festival","article_publisher":"https:\/\/m.facebook.com\/imefilmfest\/","article_modified_time":"2023-05-26T02:12:59+00:00","og_image":[{"width":546,"height":800,"url":"https:\/\/imefilmfest.com\/wp-content\/uploads\/2023\/03\/Ancestral-Land.jpeg","type":"image\/jpeg"}],"twitter_card":"summary_large_image","twitter_misc":{"Est. reading time":"1 minute"},"schema":{"@context":"https:\/\/schema.org","@graph":[{"@type":"WebPage","@id":"https:\/\/imefilmfest.com\/international-migration-&-environmental-film-festival\/ancestral-land\/","url":"https:\/\/imefilmfest.com\/international-migration-&-environmental-film-festival\/ancestral-land\/","name":"Ancestral Land - International Migration &amp; Environmental Film Festival","isPartOf":{"@id":"https:\/\/imefilmfest.com\/international-migration-&-environmental-film-festival\/#website"},"primaryImageOfPage":{"@id":"https:\/\/imefilmfest.com\/international-migration-&-environmental-film-festival\/ancestral-land\/#primaryimage"},"image":{"@id":"https:\/\/imefilmfest.com\/international-migration-&-environmental-film-festival\/ancestral-land\/#primaryimage"},"thumbnailUrl":"https:\/\/imefilmfest.com\/wp-content\/uploads\/2023\/03\/Ancestral-Land.jpeg","datePublished":"2023-03-20T19:59:16+00:00","dateModified":"2023-05-26T02:12:59+00:00","breadcrumb":{"@id":"https:\/\/imefilmfest.com\/international-migration-&-environmental-film-festival\/ancestral-land\/#breadcrumb"},"inLanguage":"en-US","potentialAction":[{"@type":"ReadAction","target":["https:\/\/imefilmfest.com\/international-migration-&-environmental-film-festival\/ancestral-land\/"]}]},{"@type":"ImageObject","inLanguage":"en-US","@id":"https:\/\/imefilmfest.com\/international-migration-&-environmental-film-festival\/ancestral-land\/#primaryimage","url":"https:\/\/imefilmfest.com\/wp-content\/uploads\/2023\/03\/Ancestral-Land.jpeg","contentUrl":"https:\/\/imefilmfest.com\/wp-content\/uploads\/2023\/03\/Ancestral-Land.jpeg","width":546,"height":800},{"@type":"BreadcrumbList","@id":"https:\/\/imefilmfest.com\/international-migration-&-environmental-film-festival\/ancestral-land\/#breadcrumb","itemListElement":[{"@type":"ListItem","position":1,"name":"Home","item":"https:\/\/imefilmfest.com\/international-migration-&-environmental-film-festival\/home\/"},{"@type":"ListItem","position":2,"name":"Ancestral Land"}]},{"@type":"WebSite","@id":"https:\/\/imefilmfest.com\/international-migration-&-environmental-film-festival\/#website","url":"https:\/\/imefilmfest.com\/international-migration-&-environmental-film-festival\/","name":"International Migration & Environmental Film Festival","description":"North America&#039;s Largest Film Festival on Migration and Environment Sustainability","publisher":{"@id":"https:\/\/imefilmfest.com\/international-migration-&-environmental-film-festival\/#organization"},"potentialAction":[{"@type":"SearchAction","target":{"@type":"EntryPoint","urlTemplate":"https:\/\/imefilmfest.com\/international-migration-&-environmental-film-festival\/?s={search_term_string}"},"query-input":"required name=search_term_string"}],"inLanguage":"en-US"},{"@type":"Organization","@id":"https:\/\/imefilmfest.com\/international-migration-&-environmental-film-festival\/#organization","name":"International Migration & Environmental Film Festival","url":"https:\/\/imefilmfest.com\/international-migration-&-environmental-film-festival\/","logo":{"@type":"ImageObject","inLanguage":"en-US","@id":"https:\/\/imefilmfest.com\/international-migration-&-environmental-film-festival\/#\/schema\/logo\/image\/","url":"https:\/\/imefilmfest.com\/wp-content\/uploads\/2021\/09\/IMEFF-i-1-scaled.jpg","contentUrl":"https:\/\/imefilmfest.com\/wp-content\/uploads\/2021\/09\/IMEFF-i-1-scaled.jpg","width":2560,"height":2560,"caption":"International Migration & Environmental Film Festival"},"image":{"@id":"https:\/\/imefilmfest.com\/international-migration-&-environmental-film-festival\/#\/schema\/logo\/image\/"},"sameAs":["https:\/\/m.facebook.com\/imefilmfest\/"]}]}},"_links":{"self":[{"href":"https:\/\/imefilmfest.com\/international-migration-&-environmental-film-festival\/wp-json\/wp\/v2\/pages\/1766","targetHints":{"allow":["GET"]}}],"collection":[{"href":"https:\/\/imefilmfest.com\/international-migration-&-environmental-film-festival\/wp-json\/wp\/v2\/pages"}],"about":[{"href":"https:\/\/imefilmfest.com\/international-migration-&-environmental-film-festival\/wp-json\/wp\/v2\/types\/page"}],"author":[{"embeddable":true,"href":"https:\/\/imefilmfest.com\/international-migration-&-environmental-film-festival\/wp-json\/wp\/v2\/users\/1"}],"replies":[{"embeddable":true,"href":"https:\/\/imefilmfest.com\/international-migration-&-environmental-film-festival\/wp-json\/wp\/v2\/comments?post=1766"}],"version-history":[{"count":4,"href":"https:\/\/imefilmfest.com\/international-migration-&-environmental-film-festival\/wp-json\/wp\/v2\/pages\/1766\/revisions"}],"predecessor-version":[{"id":2661,"href":"https:\/\/imefilmfest.com\/international-migration-&-environmental-film-festival\/wp-json\/wp\/v2\/pages\/1766\/revisions\/2661"}],"wp:featuredmedia":[{"embeddable":true,"href":"https:\/\/imefilmfest.com\/international-migration-&-environmental-film-festival\/wp-json\/wp\/v2\/media\/1402"}],"wp:attachment":[{"href":"https:\/\/imefilmfest.com\/international-migration-&-environmental-film-festival\/wp-json\/wp\/v2\/media?parent=1766"}],"curies":[{"name":"wp","href":"https:\/\/api.w.org\/{rel}","templated":true}]}}