{"id":2004,"date":"2023-03-21T08:21:28","date_gmt":"2023-03-21T08:21:28","guid":{"rendered":"https:\/\/imefilmfest.com\/international-migration-&#038;-environmental-film-festival\/?page_id=2004"},"modified":"2023-05-26T19:08:19","modified_gmt":"2023-05-26T19:08:19","slug":"travels-inside-foreign-heads","status":"publish","type":"page","link":"https:\/\/imefilmfest.com\/international-migration-&-environmental-film-festival\/travels-inside-foreign-heads\/","title":{"rendered":"TRAVELS INSIDE FOREIGN HEADS"},"content":{"rendered":"\n<figure class=\"wp-block-image size-large is-resized\"><img fetchpriority=\"high\" decoding=\"async\" src=\"data:image\/gif;base64,R0lGODlhAQABAAAAACH5BAEKAAEALAAAAAABAAEAAAICTAEAOw==\" data-layzr=\"https:\/\/imefilmfest.com\/wp-content\/uploads\/2023\/05\/TRAVELS-INSIDE-FOREIGN-HEADS-1024x576.jpeg\" alt=\"\" class=\"wp-image-2851\" width=\"671\" height=\"377\"\/><\/figure>\n\n\n\n<h5 class=\"wp-block-heading\">Directed by<\/h5>\n\n\n\n<p>Antonio AMARAL<\/p>\n\n\n\n<h5 class=\"wp-block-heading\">Country of Origin<\/h5>\n\n\n\n<p>France<\/p>\n\n\n\n<h5 class=\"wp-block-heading\">Runtime<\/h5>\n\n\n\n<p>01:59:32<\/p>\n\n\n\n<h5 class=\"wp-block-heading\">Category<\/h5>\n\n\n\n<p><a href=\"javascript:void(0);\"><\/a>Feature Film<\/p>\n\n\n\n<p><\/p>\n\n\n\n<p>My name is YEDEL. I have been on Earth for one month. My graft is called GIL CARVALHO. With him, I&#8217;m like a jar full of dirty water. I can&#8217;t get anywhere. I have found GULH and KADATH. GULH has good news for us: he says that the time has come to leave. We have seven days to leave Earth, not one more. But KADATH is grafted to an exiled, a certain ADAMOU. He keeps delaying the moment of departure. What does he want exactly? This one will give us a hard time&#8230;<\/p>\n\n\n\n<p><strong>Director Biography &#8211;&nbsp;Antonio AMARAL<\/strong><\/p>\n\n\n\n<figure class=\"wp-block-image size-full is-resized\"><img decoding=\"async\" src=\"data:image\/gif;base64,R0lGODlhAQABAAAAACH5BAEKAAEALAAAAAABAAEAAAICTAEAOw==\" data-layzr=\"https:\/\/imefilmfest.com\/wp-content\/uploads\/2023\/03\/Antonio-AMARAL.jpeg\" alt=\"\" class=\"wp-image-2221\" width=\"272\" height=\"412\"\/><\/figure>\n\n\n\n<p>filmographie :<br>&#8211; TRAVELS INSIDE FOREIGN HEADS (Voyages en t\u00eates \u00e9trang\u00e8res) : first narrative feature \/ 2022<br>AWARDS :<br>&#8211; AVANCA Film Festival 2022 (26th), Portugal : Best Director, Best actor (Julien Darney), Special mention Feature film and special mention for the actor Amine Benrachid.<br>&#8211; Bannab\u00e1Fest 2022, Panama : BEST Fiction film<br>&#8211; BANGUI FAIT SON CIN\u00c9MA 2022, Centralafrican Republic : BEST SOUND<br>&#8211; TIFA, Ti\u00eate International Film Awards, 2022 Year II : GOLDEN CAPYBARA as BEST ACTOR for Amine Benrachid \/ Silver Capybara as BEST LEADING ACTRESS for Elisabeth MBAKI.<br>Other selections : EL CINE DE SUMA PAZ 2022, Bogot\u00e1 Colombia (september) ; DJANHO Fantastico Film Festival 2022, Brazill ; LUSCA Fantastic Film Fest (16th) 2022, Puerto Rico ; SIFF Sweden international Film Festival 2022<br>KOLKATA International Film Festival (28th), 2022, India<\/p>\n\n\n\n<p>&#8211; D&#8217;\u00c9TOILE EN \u00c9TOILE (FROM STAR TO STAR) : first EXPERIMENTAL feature film 2019 &#8211; AWARDS (*) :<br>*JURY AWARD &#8211; Festival international du cin\u00e9ma ind\u00e9pendant de Casablanca 2021<br>*DIRECTOR OF THE MONTH &#8211; Direct Monthly Film festival _ Jan. 2022<br>*Liverpool Underground film festival : Best Director, Best Actress, Best Feature (June 2020 session)<br>*PEEPHOLE FILM FESTIVAL (2020) &#8211; BEST experimental feature.<br>*Cutting edge Film Festival, 2020 &#8211; BEST experimental feature.<br>*BEST EXPERIMENTAL FEATURE FILM (Meilleur Long m\u00e9trage exp\u00e9rimental) Walles international film festival 2021<br>*BEST EXPERIMENTAL FEATURE FILM : New Age Cinemas &amp; Scripts (NACS) \u2013 2022 (Inde \/ Mumbai)<br>OFFICIAL SELECTION for competition :<br>*RABAT International Author Film Festival (24th), 2019<br>*Festival MADRIFF 2019<br>*Straight-Jacket Film Festival : 2020, US<br>*Anatolia International Film Festival 2020<br>*FICIC, Casablanca, Maroco, 2021<\/p>\n\n\n\n<p>&#8211; Graffeuse (graffiti girl)<br>20-minute fiction short film, completed in 2013<br>with Val\u00e9rie NATAF, Diane DASSIGNY,<br>Selections: OFF COURTS, TROUVILLE 2013 &#8211; VEBRON International Film Festival 2013 &#8211; CINE en LIBERT\u00e9, VAR 2013 &#8211; Cin\u00e9 MICHOACANO, MEXIQUE 2013\/14 &#8211; short film festival AUCH 2013 &#8211; 4th ARTISANAL ET AUDACIEUX 2014 Festival de JOYEUSE (AWARD : special mention from the Jury). Selected in competition at the FIGUEIRA FILM ART festival 2014, PORTUGAL; telebocal broadcast December 2014,, Kurzfilmwoche Regensburg 2015, Festival Cin\u00e9 Luso Espirito Mundo 2019 BRUSSELS.<\/p>\n\n\n\n<p>&#8211; Yesno<br>(Animation, humor, 8 minutes)<br>o April \/ May \/ June 2011: 19 broadcasts on Cin\u00e9FX (TV) &#8211; Distributed by AGENCE DU COURT METRAGE, as part of the revelations of Short Film Corner 2009, Cannes.<br>o Grand prize at Vues sur courts in 2009, at Bischwiller (FR);<br>o selected at festivals: MIAF in Melbourne 2009, at LIAF in London 2009, SIAF in Sydney 2009, at the Festival du Film Ind\u00e9pendant de Bruxelles, at Cin\u00e9mages in Toulon, Audience award at Clap 89 in Sens (Fr), &#8220;shortlist&#8221; at the Babelgum festival 2010.<br>o Screening at the City of Architecture and Heritage (Chaillot, Paris) in October 2010.<br>o Animation film festival 2011: \u201cMen, animals\u2026 a planet? \u00bbProposed by the short film agency.<br>o Broadcast at the P\u00e9niche Cin\u00e9ma, PARIS, 2014.<\/p>\n\n\n\n<p>&#8211; L&#8217;\u00e9ternelle idole (The eternal idol)<br>(Fiction \/ 15 minutes), with Elodie GUEZOU and Pascal FOUCHER, selected at the Festival Recueil de Courts, Vallon Pont d&#8217;Arc.<\/p>\n\n\n\n<p>&#8211; Rob\u00e8s Tabuna<br>(Documentary, 12 minutes), Shot in Tunisia in April 2011: EL SUR festival, Paris.<\/p>\n\n\n\n<p>&#8211; Frenzy<br>(Animation, fantastic, 5 minutes) broadcast on M6 (TV), 25 evening shows at Boulevard des clips.<\/p>\n\n\n\n<p>&#8211; Scenariolife. com<br>(Fiction, fantastic, 23 minutes): Prize for BEST fiction at FEN\u00caTRE SUR COURT, Arzon (Fr), selected at FAITES des COURTS, Brie Comte Robert (Fr).<\/p>\n\n\n\n<p>&#8211; tendance suicidaire (Suicidal tendencies)<br>(Fiction, fantastic, 16 minutes) broadcast on CANAL + (TV), selection at the Mad Movies Festival, in PARIS.<\/p>\n","protected":false},"excerpt":{"rendered":"<p>Directed by Antonio AMARAL Country of Origin France Runtime 01:59:32 Category Feature Film My name is YEDEL. I have been on Earth for one month. My graft is called GIL CARVALHO. With him, I&#8217;m like a jar full of dirty water. I can&#8217;t get anywhere. I have found GULH and KADATH. GULH has good news &hellip; <\/p>\n","protected":false},"author":1,"featured_media":1325,"parent":0,"menu_order":0,"comment_status":"closed","ping_status":"closed","template":"","meta":{"pgc_sgb_lightbox_settings":"","footnotes":""},"class_list":["post-2004","page","type-page","status-publish","has-post-thumbnail","hentry","latest_post"],"yoast_head":"<!-- This site is optimized with the Yoast SEO plugin v23.1 - https:\/\/yoast.com\/wordpress\/plugins\/seo\/ -->\n<title>TRAVELS INSIDE FOREIGN HEADS - International Migration &amp; Environmental Film Festival<\/title>\n<meta name=\"robots\" content=\"index, follow, max-snippet:-1, max-image-preview:large, max-video-preview:-1\" \/>\n<link rel=\"canonical\" href=\"https:\/\/imefilmfest.com\/international-migration-&-environmental-film-festival\/travels-inside-foreign-heads\/\" \/>\n<meta property=\"og:locale\" content=\"en_US\" \/>\n<meta property=\"og:type\" content=\"article\" \/>\n<meta property=\"og:title\" content=\"TRAVELS INSIDE FOREIGN HEADS - International Migration &amp; Environmental Film Festival\" \/>\n<meta property=\"og:description\" content=\"Directed by Antonio AMARAL Country of Origin France Runtime 01:59:32 Category Feature Film My name is YEDEL. I have been on Earth for one month. My graft is called GIL CARVALHO. With him, I&#8217;m like a jar full of dirty water. I can&#8217;t get anywhere. I have found GULH and KADATH. GULH has good news &hellip;\" \/>\n<meta property=\"og:url\" content=\"https:\/\/imefilmfest.com\/international-migration-&amp;-environmental-film-festival\/travels-inside-foreign-heads\/\" \/>\n<meta property=\"og:site_name\" content=\"International Migration &amp; Environmental Film Festival\" \/>\n<meta property=\"article:publisher\" content=\"https:\/\/m.facebook.com\/imefilmfest\/\" \/>\n<meta property=\"article:modified_time\" content=\"2023-05-26T19:08:19+00:00\" \/>\n<meta property=\"og:image\" content=\"https:\/\/imefilmfest.com\/wp-content\/uploads\/2023\/03\/TRAVELS-INSIDE-FOREIGN-HEADS.jpeg\" \/>\n\t<meta property=\"og:image:width\" content=\"571\" \/>\n\t<meta property=\"og:image:height\" content=\"800\" \/>\n\t<meta property=\"og:image:type\" content=\"image\/jpeg\" \/>\n<meta name=\"twitter:card\" content=\"summary_large_image\" \/>\n<meta name=\"twitter:label1\" content=\"Est. reading time\" \/>\n\t<meta name=\"twitter:data1\" content=\"3 minutes\" \/>\n<script type=\"application\/ld+json\" class=\"yoast-schema-graph\">{\"@context\":\"https:\/\/schema.org\",\"@graph\":[{\"@type\":\"WebPage\",\"@id\":\"https:\/\/imefilmfest.com\/international-migration-&-environmental-film-festival\/travels-inside-foreign-heads\/\",\"url\":\"https:\/\/imefilmfest.com\/international-migration-&-environmental-film-festival\/travels-inside-foreign-heads\/\",\"name\":\"TRAVELS INSIDE FOREIGN HEADS - International Migration &amp; Environmental Film Festival\",\"isPartOf\":{\"@id\":\"https:\/\/imefilmfest.com\/international-migration-&-environmental-film-festival\/#website\"},\"primaryImageOfPage\":{\"@id\":\"https:\/\/imefilmfest.com\/international-migration-&-environmental-film-festival\/travels-inside-foreign-heads\/#primaryimage\"},\"image\":{\"@id\":\"https:\/\/imefilmfest.com\/international-migration-&-environmental-film-festival\/travels-inside-foreign-heads\/#primaryimage\"},\"thumbnailUrl\":\"https:\/\/imefilmfest.com\/wp-content\/uploads\/2023\/03\/TRAVELS-INSIDE-FOREIGN-HEADS.jpeg\",\"datePublished\":\"2023-03-21T08:21:28+00:00\",\"dateModified\":\"2023-05-26T19:08:19+00:00\",\"breadcrumb\":{\"@id\":\"https:\/\/imefilmfest.com\/international-migration-&-environmental-film-festival\/travels-inside-foreign-heads\/#breadcrumb\"},\"inLanguage\":\"en-US\",\"potentialAction\":[{\"@type\":\"ReadAction\",\"target\":[\"https:\/\/imefilmfest.com\/international-migration-&-environmental-film-festival\/travels-inside-foreign-heads\/\"]}]},{\"@type\":\"ImageObject\",\"inLanguage\":\"en-US\",\"@id\":\"https:\/\/imefilmfest.com\/international-migration-&-environmental-film-festival\/travels-inside-foreign-heads\/#primaryimage\",\"url\":\"https:\/\/imefilmfest.com\/wp-content\/uploads\/2023\/03\/TRAVELS-INSIDE-FOREIGN-HEADS.jpeg\",\"contentUrl\":\"https:\/\/imefilmfest.com\/wp-content\/uploads\/2023\/03\/TRAVELS-INSIDE-FOREIGN-HEADS.jpeg\",\"width\":571,\"height\":800},{\"@type\":\"BreadcrumbList\",\"@id\":\"https:\/\/imefilmfest.com\/international-migration-&-environmental-film-festival\/travels-inside-foreign-heads\/#breadcrumb\",\"itemListElement\":[{\"@type\":\"ListItem\",\"position\":1,\"name\":\"Home\",\"item\":\"https:\/\/imefilmfest.com\/international-migration-&-environmental-film-festival\/home\/\"},{\"@type\":\"ListItem\",\"position\":2,\"name\":\"TRAVELS INSIDE FOREIGN HEADS\"}]},{\"@type\":\"WebSite\",\"@id\":\"https:\/\/imefilmfest.com\/international-migration-&-environmental-film-festival\/#website\",\"url\":\"https:\/\/imefilmfest.com\/international-migration-&-environmental-film-festival\/\",\"name\":\"International Migration & Environmental Film Festival\",\"description\":\"North America&#039;s Largest Film Festival on Migration and Environment Sustainability\",\"publisher\":{\"@id\":\"https:\/\/imefilmfest.com\/international-migration-&-environmental-film-festival\/#organization\"},\"potentialAction\":[{\"@type\":\"SearchAction\",\"target\":{\"@type\":\"EntryPoint\",\"urlTemplate\":\"https:\/\/imefilmfest.com\/international-migration-&-environmental-film-festival\/?s={search_term_string}\"},\"query-input\":\"required name=search_term_string\"}],\"inLanguage\":\"en-US\"},{\"@type\":\"Organization\",\"@id\":\"https:\/\/imefilmfest.com\/international-migration-&-environmental-film-festival\/#organization\",\"name\":\"International Migration & Environmental Film Festival\",\"url\":\"https:\/\/imefilmfest.com\/international-migration-&-environmental-film-festival\/\",\"logo\":{\"@type\":\"ImageObject\",\"inLanguage\":\"en-US\",\"@id\":\"https:\/\/imefilmfest.com\/international-migration-&-environmental-film-festival\/#\/schema\/logo\/image\/\",\"url\":\"https:\/\/imefilmfest.com\/wp-content\/uploads\/2021\/09\/IMEFF-i-1-scaled.jpg\",\"contentUrl\":\"https:\/\/imefilmfest.com\/wp-content\/uploads\/2021\/09\/IMEFF-i-1-scaled.jpg\",\"width\":2560,\"height\":2560,\"caption\":\"International Migration & Environmental Film Festival\"},\"image\":{\"@id\":\"https:\/\/imefilmfest.com\/international-migration-&-environmental-film-festival\/#\/schema\/logo\/image\/\"},\"sameAs\":[\"https:\/\/m.facebook.com\/imefilmfest\/\"]}]}<\/script>\n<!-- \/ Yoast SEO plugin. -->","yoast_head_json":{"title":"TRAVELS INSIDE FOREIGN HEADS - International Migration &amp; Environmental Film Festival","robots":{"index":"index","follow":"follow","max-snippet":"max-snippet:-1","max-image-preview":"max-image-preview:large","max-video-preview":"max-video-preview:-1"},"canonical":"https:\/\/imefilmfest.com\/international-migration-&-environmental-film-festival\/travels-inside-foreign-heads\/","og_locale":"en_US","og_type":"article","og_title":"TRAVELS INSIDE FOREIGN HEADS - International Migration &amp; Environmental Film Festival","og_description":"Directed by Antonio AMARAL Country of Origin France Runtime 01:59:32 Category Feature Film My name is YEDEL. I have been on Earth for one month. My graft is called GIL CARVALHO. With him, I&#8217;m like a jar full of dirty water. I can&#8217;t get anywhere. I have found GULH and KADATH. GULH has good news &hellip;","og_url":"https:\/\/imefilmfest.com\/international-migration-&-environmental-film-festival\/travels-inside-foreign-heads\/","og_site_name":"International Migration &amp; Environmental Film Festival","article_publisher":"https:\/\/m.facebook.com\/imefilmfest\/","article_modified_time":"2023-05-26T19:08:19+00:00","og_image":[{"width":571,"height":800,"url":"https:\/\/imefilmfest.com\/wp-content\/uploads\/2023\/03\/TRAVELS-INSIDE-FOREIGN-HEADS.jpeg","type":"image\/jpeg"}],"twitter_card":"summary_large_image","twitter_misc":{"Est. reading time":"3 minutes"},"schema":{"@context":"https:\/\/schema.org","@graph":[{"@type":"WebPage","@id":"https:\/\/imefilmfest.com\/international-migration-&-environmental-film-festival\/travels-inside-foreign-heads\/","url":"https:\/\/imefilmfest.com\/international-migration-&-environmental-film-festival\/travels-inside-foreign-heads\/","name":"TRAVELS INSIDE FOREIGN HEADS - International Migration &amp; Environmental Film Festival","isPartOf":{"@id":"https:\/\/imefilmfest.com\/international-migration-&-environmental-film-festival\/#website"},"primaryImageOfPage":{"@id":"https:\/\/imefilmfest.com\/international-migration-&-environmental-film-festival\/travels-inside-foreign-heads\/#primaryimage"},"image":{"@id":"https:\/\/imefilmfest.com\/international-migration-&-environmental-film-festival\/travels-inside-foreign-heads\/#primaryimage"},"thumbnailUrl":"https:\/\/imefilmfest.com\/wp-content\/uploads\/2023\/03\/TRAVELS-INSIDE-FOREIGN-HEADS.jpeg","datePublished":"2023-03-21T08:21:28+00:00","dateModified":"2023-05-26T19:08:19+00:00","breadcrumb":{"@id":"https:\/\/imefilmfest.com\/international-migration-&-environmental-film-festival\/travels-inside-foreign-heads\/#breadcrumb"},"inLanguage":"en-US","potentialAction":[{"@type":"ReadAction","target":["https:\/\/imefilmfest.com\/international-migration-&-environmental-film-festival\/travels-inside-foreign-heads\/"]}]},{"@type":"ImageObject","inLanguage":"en-US","@id":"https:\/\/imefilmfest.com\/international-migration-&-environmental-film-festival\/travels-inside-foreign-heads\/#primaryimage","url":"https:\/\/imefilmfest.com\/wp-content\/uploads\/2023\/03\/TRAVELS-INSIDE-FOREIGN-HEADS.jpeg","contentUrl":"https:\/\/imefilmfest.com\/wp-content\/uploads\/2023\/03\/TRAVELS-INSIDE-FOREIGN-HEADS.jpeg","width":571,"height":800},{"@type":"BreadcrumbList","@id":"https:\/\/imefilmfest.com\/international-migration-&-environmental-film-festival\/travels-inside-foreign-heads\/#breadcrumb","itemListElement":[{"@type":"ListItem","position":1,"name":"Home","item":"https:\/\/imefilmfest.com\/international-migration-&-environmental-film-festival\/home\/"},{"@type":"ListItem","position":2,"name":"TRAVELS INSIDE FOREIGN HEADS"}]},{"@type":"WebSite","@id":"https:\/\/imefilmfest.com\/international-migration-&-environmental-film-festival\/#website","url":"https:\/\/imefilmfest.com\/international-migration-&-environmental-film-festival\/","name":"International Migration & Environmental Film Festival","description":"North America&#039;s Largest Film Festival on Migration and Environment Sustainability","publisher":{"@id":"https:\/\/imefilmfest.com\/international-migration-&-environmental-film-festival\/#organization"},"potentialAction":[{"@type":"SearchAction","target":{"@type":"EntryPoint","urlTemplate":"https:\/\/imefilmfest.com\/international-migration-&-environmental-film-festival\/?s={search_term_string}"},"query-input":"required name=search_term_string"}],"inLanguage":"en-US"},{"@type":"Organization","@id":"https:\/\/imefilmfest.com\/international-migration-&-environmental-film-festival\/#organization","name":"International Migration & Environmental Film Festival","url":"https:\/\/imefilmfest.com\/international-migration-&-environmental-film-festival\/","logo":{"@type":"ImageObject","inLanguage":"en-US","@id":"https:\/\/imefilmfest.com\/international-migration-&-environmental-film-festival\/#\/schema\/logo\/image\/","url":"https:\/\/imefilmfest.com\/wp-content\/uploads\/2021\/09\/IMEFF-i-1-scaled.jpg","contentUrl":"https:\/\/imefilmfest.com\/wp-content\/uploads\/2021\/09\/IMEFF-i-1-scaled.jpg","width":2560,"height":2560,"caption":"International Migration & Environmental Film Festival"},"image":{"@id":"https:\/\/imefilmfest.com\/international-migration-&-environmental-film-festival\/#\/schema\/logo\/image\/"},"sameAs":["https:\/\/m.facebook.com\/imefilmfest\/"]}]}},"_links":{"self":[{"href":"https:\/\/imefilmfest.com\/international-migration-&-environmental-film-festival\/wp-json\/wp\/v2\/pages\/2004","targetHints":{"allow":["GET"]}}],"collection":[{"href":"https:\/\/imefilmfest.com\/international-migration-&-environmental-film-festival\/wp-json\/wp\/v2\/pages"}],"about":[{"href":"https:\/\/imefilmfest.com\/international-migration-&-environmental-film-festival\/wp-json\/wp\/v2\/types\/page"}],"author":[{"embeddable":true,"href":"https:\/\/imefilmfest.com\/international-migration-&-environmental-film-festival\/wp-json\/wp\/v2\/users\/1"}],"replies":[{"embeddable":true,"href":"https:\/\/imefilmfest.com\/international-migration-&-environmental-film-festival\/wp-json\/wp\/v2\/comments?post=2004"}],"version-history":[{"count":3,"href":"https:\/\/imefilmfest.com\/international-migration-&-environmental-film-festival\/wp-json\/wp\/v2\/pages\/2004\/revisions"}],"predecessor-version":[{"id":2852,"href":"https:\/\/imefilmfest.com\/international-migration-&-environmental-film-festival\/wp-json\/wp\/v2\/pages\/2004\/revisions\/2852"}],"wp:featuredmedia":[{"embeddable":true,"href":"https:\/\/imefilmfest.com\/international-migration-&-environmental-film-festival\/wp-json\/wp\/v2\/media\/1325"}],"wp:attachment":[{"href":"https:\/\/imefilmfest.com\/international-migration-&-environmental-film-festival\/wp-json\/wp\/v2\/media?parent=2004"}],"curies":[{"name":"wp","href":"https:\/\/api.w.org\/{rel}","templated":true}]}}