{"id":3446,"date":"2024-07-26T17:11:46","date_gmt":"2024-07-26T17:11:46","guid":{"rendered":"https:\/\/imefilmfest.com\/international-migration-&#038;-environmental-film-festival\/?page_id=3446"},"modified":"2024-07-29T11:49:26","modified_gmt":"2024-07-29T11:49:26","slug":"distance","status":"publish","type":"page","link":"https:\/\/imefilmfest.com\/international-migration-&-environmental-film-festival\/distance\/","title":{"rendered":"Distance"},"content":{"rendered":"\n<p><strong>Directed by<\/strong><\/p>\n\n\n\n<p> <strong> <\/strong>C\u00e9sar Hern\u00e1ndez, Gerardo Mart\u00ednez<\/p>\n\n\n\n<p><strong>Country of Origin<\/strong><\/p>\n\n\n\n<p><strong> <\/strong>Honduras<\/p>\n\n\n\n<p><strong>Runtime<\/strong><\/p>\n\n\n\n<p> 24:40<\/p>\n\n\n\n<p><strong>Category<\/strong><\/p>\n\n\n\n<p><strong> <\/strong>Short Film<\/p>\n\n\n\n<p>A series of intertwined stories and found footage explore the relationship between migration and violence in Honduras.<\/p>\n\n\n\n<p><strong>Director Biography &#8211;&nbsp;<\/strong>C\u00e9sar Hern\u00e1ndez, Gerardo Mart\u00ednez<\/p>\n\n\n\n<figure class=\"wp-block-image size-full is-resized\"><img decoding=\"async\" src=\"data:image\/gif;base64,R0lGODlhAQABAAAAACH5BAEKAAEALAAAAAABAAEAAAICTAEAOw==\" data-layzr=\"https:\/\/imefilmfest.com\/wp-content\/uploads\/2024\/07\/Cesar-Hernandez-Gerardo-Martinez.jpg\" alt=\"\" class=\"wp-image-3447\" style=\"width:527px;height:auto\"\/><\/figure>\n\n\n\n<p>C\u00e9sar Hern\u00e1ndez as DP<br>-Irabazi Arte Temporada 2 (2023) Spain &#8211; TV Series EITB<br>&#8211; Irabazi Arte Temporada 1 (2022) Spain &#8211; TV Series EITB<br>-All\u00e1 donde nace el sol (2021) Honduras\/M\u00e9xico &#8211; Documentary feature<br>-A.P.P. (2022) &#8211; Spain- Shortfilm<br>&#8211; Basque team road to Tokio(2021-2022) -Spain &#8211; Short Tv documentary series EITB<br>-Carcoma (2022) &#8211; Spain- Short<br>&#8211; Moraz\u00e1n (2017) &#8211; Honduras- Feature Film -Mortal (2019) Honduras- Short<br>-Domingo a las diez (2020) Honduras- Shortfilm<br>-El Profe(2012) Honduras- Shortfilm<\/p>\n\n\n\n<p>Gerardo Martinez<\/p>\n\n\n\n<p>-Documentary: &#8220;The echo of the pain of many people&#8221; Armadillo<br>Filmography Producciones, Manchester U.K., 2011 (editing and music). Nominated for Best Central American Documentary, Santiago de<br>Chile Film Festival, Chile, 2012. Honorable mention International Film Festivals for Peace, Inspiration, and Equality.<br>Indonesia. 2012<\/p>\n\n\n\n<p>&#8211; Animated short film: Oscuro Cardinal, Eternity Films, Honduras, 2008 (music score). First Place, Fenaco Film Festival, Peru, 2008. &#8211;<\/p>\n\n\n\n<p>-Animated short film: Xico and the mirror, Eternity Films, honduras 2013 (Script and music) First place in the Latin American animated short film competition Cromafest. within the framework of the Morelia International Film Festival. Mexico. 2013.<\/p>\n\n\n\n<p><\/p>\n\n\n\n<p><\/p>\n","protected":false},"excerpt":{"rendered":"<p>Directed by C\u00e9sar Hern\u00e1ndez, Gerardo Mart\u00ednez Country of Origin Honduras Runtime 24:40 Category Short Film A series of intertwined stories and found footage explore the relationship between migration and violence in Honduras. Director Biography &#8211;&nbsp;C\u00e9sar Hern\u00e1ndez, Gerardo Mart\u00ednez C\u00e9sar Hern\u00e1ndez as DP-Irabazi Arte Temporada 2 (2023) Spain &#8211; TV Series EITB&#8211; Irabazi Arte Temporada 1 &hellip; <\/p>\n","protected":false},"author":1,"featured_media":3180,"parent":0,"menu_order":0,"comment_status":"closed","ping_status":"closed","template":"","meta":{"pgc_sgb_lightbox_settings":"","footnotes":""},"class_list":["post-3446","page","type-page","status-publish","has-post-thumbnail","hentry","latest_post"],"yoast_head":"<!-- This site is optimized with the Yoast SEO plugin v23.1 - https:\/\/yoast.com\/wordpress\/plugins\/seo\/ -->\n<title>Distance - International Migration &amp; Environmental Film Festival<\/title>\n<meta name=\"robots\" content=\"index, follow, max-snippet:-1, max-image-preview:large, max-video-preview:-1\" \/>\n<link rel=\"canonical\" href=\"https:\/\/imefilmfest.com\/international-migration-&-environmental-film-festival\/distance\/\" \/>\n<meta property=\"og:locale\" content=\"en_US\" \/>\n<meta property=\"og:type\" content=\"article\" \/>\n<meta property=\"og:title\" content=\"Distance - International Migration &amp; Environmental Film Festival\" \/>\n<meta property=\"og:description\" content=\"Directed by C\u00e9sar Hern\u00e1ndez, Gerardo Mart\u00ednez Country of Origin Honduras Runtime 24:40 Category Short Film A series of intertwined stories and found footage explore the relationship between migration and violence in Honduras. Director Biography &#8211;&nbsp;C\u00e9sar Hern\u00e1ndez, Gerardo Mart\u00ednez C\u00e9sar Hern\u00e1ndez as DP-Irabazi Arte Temporada 2 (2023) Spain &#8211; TV Series EITB&#8211; Irabazi Arte Temporada 1 &hellip;\" \/>\n<meta property=\"og:url\" content=\"https:\/\/imefilmfest.com\/international-migration-&amp;-environmental-film-festival\/distance\/\" \/>\n<meta property=\"og:site_name\" content=\"International Migration &amp; Environmental Film Festival\" \/>\n<meta property=\"article:publisher\" content=\"https:\/\/m.facebook.com\/imefilmfest\/\" \/>\n<meta property=\"article:modified_time\" content=\"2024-07-29T11:49:26+00:00\" \/>\n<meta property=\"og:image\" content=\"https:\/\/imefilmfest.com\/wp-content\/uploads\/2024\/07\/Distance.jpg\" \/>\n\t<meta property=\"og:image:width\" content=\"518\" \/>\n\t<meta property=\"og:image:height\" content=\"800\" \/>\n\t<meta property=\"og:image:type\" content=\"image\/jpeg\" \/>\n<meta name=\"twitter:card\" content=\"summary_large_image\" \/>\n<meta name=\"twitter:label1\" content=\"Est. reading time\" \/>\n\t<meta name=\"twitter:data1\" content=\"1 minute\" \/>\n<script type=\"application\/ld+json\" class=\"yoast-schema-graph\">{\"@context\":\"https:\/\/schema.org\",\"@graph\":[{\"@type\":\"WebPage\",\"@id\":\"https:\/\/imefilmfest.com\/international-migration-&-environmental-film-festival\/distance\/\",\"url\":\"https:\/\/imefilmfest.com\/international-migration-&-environmental-film-festival\/distance\/\",\"name\":\"Distance - International Migration &amp; Environmental Film Festival\",\"isPartOf\":{\"@id\":\"https:\/\/imefilmfest.com\/international-migration-&-environmental-film-festival\/#website\"},\"primaryImageOfPage\":{\"@id\":\"https:\/\/imefilmfest.com\/international-migration-&-environmental-film-festival\/distance\/#primaryimage\"},\"image\":{\"@id\":\"https:\/\/imefilmfest.com\/international-migration-&-environmental-film-festival\/distance\/#primaryimage\"},\"thumbnailUrl\":\"https:\/\/imefilmfest.com\/wp-content\/uploads\/2024\/07\/Distance.jpg\",\"datePublished\":\"2024-07-26T17:11:46+00:00\",\"dateModified\":\"2024-07-29T11:49:26+00:00\",\"breadcrumb\":{\"@id\":\"https:\/\/imefilmfest.com\/international-migration-&-environmental-film-festival\/distance\/#breadcrumb\"},\"inLanguage\":\"en-US\",\"potentialAction\":[{\"@type\":\"ReadAction\",\"target\":[\"https:\/\/imefilmfest.com\/international-migration-&-environmental-film-festival\/distance\/\"]}]},{\"@type\":\"ImageObject\",\"inLanguage\":\"en-US\",\"@id\":\"https:\/\/imefilmfest.com\/international-migration-&-environmental-film-festival\/distance\/#primaryimage\",\"url\":\"https:\/\/imefilmfest.com\/wp-content\/uploads\/2024\/07\/Distance.jpg\",\"contentUrl\":\"https:\/\/imefilmfest.com\/wp-content\/uploads\/2024\/07\/Distance.jpg\",\"width\":518,\"height\":800},{\"@type\":\"BreadcrumbList\",\"@id\":\"https:\/\/imefilmfest.com\/international-migration-&-environmental-film-festival\/distance\/#breadcrumb\",\"itemListElement\":[{\"@type\":\"ListItem\",\"position\":1,\"name\":\"Home\",\"item\":\"https:\/\/imefilmfest.com\/international-migration-&-environmental-film-festival\/home\/\"},{\"@type\":\"ListItem\",\"position\":2,\"name\":\"Distance\"}]},{\"@type\":\"WebSite\",\"@id\":\"https:\/\/imefilmfest.com\/international-migration-&-environmental-film-festival\/#website\",\"url\":\"https:\/\/imefilmfest.com\/international-migration-&-environmental-film-festival\/\",\"name\":\"International Migration & Environmental Film Festival\",\"description\":\"North America&#039;s Largest Film Festival on Migration and Environment Sustainability\",\"publisher\":{\"@id\":\"https:\/\/imefilmfest.com\/international-migration-&-environmental-film-festival\/#organization\"},\"potentialAction\":[{\"@type\":\"SearchAction\",\"target\":{\"@type\":\"EntryPoint\",\"urlTemplate\":\"https:\/\/imefilmfest.com\/international-migration-&-environmental-film-festival\/?s={search_term_string}\"},\"query-input\":\"required name=search_term_string\"}],\"inLanguage\":\"en-US\"},{\"@type\":\"Organization\",\"@id\":\"https:\/\/imefilmfest.com\/international-migration-&-environmental-film-festival\/#organization\",\"name\":\"International Migration & Environmental Film Festival\",\"url\":\"https:\/\/imefilmfest.com\/international-migration-&-environmental-film-festival\/\",\"logo\":{\"@type\":\"ImageObject\",\"inLanguage\":\"en-US\",\"@id\":\"https:\/\/imefilmfest.com\/international-migration-&-environmental-film-festival\/#\/schema\/logo\/image\/\",\"url\":\"https:\/\/imefilmfest.com\/wp-content\/uploads\/2021\/09\/IMEFF-i-1-scaled.jpg\",\"contentUrl\":\"https:\/\/imefilmfest.com\/wp-content\/uploads\/2021\/09\/IMEFF-i-1-scaled.jpg\",\"width\":2560,\"height\":2560,\"caption\":\"International Migration & Environmental Film Festival\"},\"image\":{\"@id\":\"https:\/\/imefilmfest.com\/international-migration-&-environmental-film-festival\/#\/schema\/logo\/image\/\"},\"sameAs\":[\"https:\/\/m.facebook.com\/imefilmfest\/\"]}]}<\/script>\n<!-- \/ Yoast SEO plugin. -->","yoast_head_json":{"title":"Distance - International Migration &amp; Environmental Film Festival","robots":{"index":"index","follow":"follow","max-snippet":"max-snippet:-1","max-image-preview":"max-image-preview:large","max-video-preview":"max-video-preview:-1"},"canonical":"https:\/\/imefilmfest.com\/international-migration-&-environmental-film-festival\/distance\/","og_locale":"en_US","og_type":"article","og_title":"Distance - International Migration &amp; Environmental Film Festival","og_description":"Directed by C\u00e9sar Hern\u00e1ndez, Gerardo Mart\u00ednez Country of Origin Honduras Runtime 24:40 Category Short Film A series of intertwined stories and found footage explore the relationship between migration and violence in Honduras. Director Biography &#8211;&nbsp;C\u00e9sar Hern\u00e1ndez, Gerardo Mart\u00ednez C\u00e9sar Hern\u00e1ndez as DP-Irabazi Arte Temporada 2 (2023) Spain &#8211; TV Series EITB&#8211; Irabazi Arte Temporada 1 &hellip;","og_url":"https:\/\/imefilmfest.com\/international-migration-&-environmental-film-festival\/distance\/","og_site_name":"International Migration &amp; Environmental Film Festival","article_publisher":"https:\/\/m.facebook.com\/imefilmfest\/","article_modified_time":"2024-07-29T11:49:26+00:00","og_image":[{"width":518,"height":800,"url":"https:\/\/imefilmfest.com\/wp-content\/uploads\/2024\/07\/Distance.jpg","type":"image\/jpeg"}],"twitter_card":"summary_large_image","twitter_misc":{"Est. reading time":"1 minute"},"schema":{"@context":"https:\/\/schema.org","@graph":[{"@type":"WebPage","@id":"https:\/\/imefilmfest.com\/international-migration-&-environmental-film-festival\/distance\/","url":"https:\/\/imefilmfest.com\/international-migration-&-environmental-film-festival\/distance\/","name":"Distance - International Migration &amp; Environmental Film Festival","isPartOf":{"@id":"https:\/\/imefilmfest.com\/international-migration-&-environmental-film-festival\/#website"},"primaryImageOfPage":{"@id":"https:\/\/imefilmfest.com\/international-migration-&-environmental-film-festival\/distance\/#primaryimage"},"image":{"@id":"https:\/\/imefilmfest.com\/international-migration-&-environmental-film-festival\/distance\/#primaryimage"},"thumbnailUrl":"https:\/\/imefilmfest.com\/wp-content\/uploads\/2024\/07\/Distance.jpg","datePublished":"2024-07-26T17:11:46+00:00","dateModified":"2024-07-29T11:49:26+00:00","breadcrumb":{"@id":"https:\/\/imefilmfest.com\/international-migration-&-environmental-film-festival\/distance\/#breadcrumb"},"inLanguage":"en-US","potentialAction":[{"@type":"ReadAction","target":["https:\/\/imefilmfest.com\/international-migration-&-environmental-film-festival\/distance\/"]}]},{"@type":"ImageObject","inLanguage":"en-US","@id":"https:\/\/imefilmfest.com\/international-migration-&-environmental-film-festival\/distance\/#primaryimage","url":"https:\/\/imefilmfest.com\/wp-content\/uploads\/2024\/07\/Distance.jpg","contentUrl":"https:\/\/imefilmfest.com\/wp-content\/uploads\/2024\/07\/Distance.jpg","width":518,"height":800},{"@type":"BreadcrumbList","@id":"https:\/\/imefilmfest.com\/international-migration-&-environmental-film-festival\/distance\/#breadcrumb","itemListElement":[{"@type":"ListItem","position":1,"name":"Home","item":"https:\/\/imefilmfest.com\/international-migration-&-environmental-film-festival\/home\/"},{"@type":"ListItem","position":2,"name":"Distance"}]},{"@type":"WebSite","@id":"https:\/\/imefilmfest.com\/international-migration-&-environmental-film-festival\/#website","url":"https:\/\/imefilmfest.com\/international-migration-&-environmental-film-festival\/","name":"International Migration & Environmental Film Festival","description":"North America&#039;s Largest Film Festival on Migration and Environment Sustainability","publisher":{"@id":"https:\/\/imefilmfest.com\/international-migration-&-environmental-film-festival\/#organization"},"potentialAction":[{"@type":"SearchAction","target":{"@type":"EntryPoint","urlTemplate":"https:\/\/imefilmfest.com\/international-migration-&-environmental-film-festival\/?s={search_term_string}"},"query-input":"required name=search_term_string"}],"inLanguage":"en-US"},{"@type":"Organization","@id":"https:\/\/imefilmfest.com\/international-migration-&-environmental-film-festival\/#organization","name":"International Migration & Environmental Film Festival","url":"https:\/\/imefilmfest.com\/international-migration-&-environmental-film-festival\/","logo":{"@type":"ImageObject","inLanguage":"en-US","@id":"https:\/\/imefilmfest.com\/international-migration-&-environmental-film-festival\/#\/schema\/logo\/image\/","url":"https:\/\/imefilmfest.com\/wp-content\/uploads\/2021\/09\/IMEFF-i-1-scaled.jpg","contentUrl":"https:\/\/imefilmfest.com\/wp-content\/uploads\/2021\/09\/IMEFF-i-1-scaled.jpg","width":2560,"height":2560,"caption":"International Migration & Environmental Film Festival"},"image":{"@id":"https:\/\/imefilmfest.com\/international-migration-&-environmental-film-festival\/#\/schema\/logo\/image\/"},"sameAs":["https:\/\/m.facebook.com\/imefilmfest\/"]}]}},"_links":{"self":[{"href":"https:\/\/imefilmfest.com\/international-migration-&-environmental-film-festival\/wp-json\/wp\/v2\/pages\/3446","targetHints":{"allow":["GET"]}}],"collection":[{"href":"https:\/\/imefilmfest.com\/international-migration-&-environmental-film-festival\/wp-json\/wp\/v2\/pages"}],"about":[{"href":"https:\/\/imefilmfest.com\/international-migration-&-environmental-film-festival\/wp-json\/wp\/v2\/types\/page"}],"author":[{"embeddable":true,"href":"https:\/\/imefilmfest.com\/international-migration-&-environmental-film-festival\/wp-json\/wp\/v2\/users\/1"}],"replies":[{"embeddable":true,"href":"https:\/\/imefilmfest.com\/international-migration-&-environmental-film-festival\/wp-json\/wp\/v2\/comments?post=3446"}],"version-history":[{"count":2,"href":"https:\/\/imefilmfest.com\/international-migration-&-environmental-film-festival\/wp-json\/wp\/v2\/pages\/3446\/revisions"}],"predecessor-version":[{"id":3837,"href":"https:\/\/imefilmfest.com\/international-migration-&-environmental-film-festival\/wp-json\/wp\/v2\/pages\/3446\/revisions\/3837"}],"wp:featuredmedia":[{"embeddable":true,"href":"https:\/\/imefilmfest.com\/international-migration-&-environmental-film-festival\/wp-json\/wp\/v2\/media\/3180"}],"wp:attachment":[{"href":"https:\/\/imefilmfest.com\/international-migration-&-environmental-film-festival\/wp-json\/wp\/v2\/media?parent=3446"}],"curies":[{"name":"wp","href":"https:\/\/api.w.org\/{rel}","templated":true}]}}