{"id":3645,"date":"2024-07-28T14:19:21","date_gmt":"2024-07-28T14:19:21","guid":{"rendered":"https:\/\/imefilmfest.com\/international-migration-&#038;-environmental-film-festival\/?page_id=3645"},"modified":"2024-07-30T03:01:48","modified_gmt":"2024-07-30T03:01:48","slug":"ma-terre-daccueil","status":"publish","type":"page","link":"https:\/\/imefilmfest.com\/international-migration-&-environmental-film-festival\/ma-terre-daccueil\/","title":{"rendered":"Ma terre d&#8217;accueil"},"content":{"rendered":"\n<h5 class=\"wp-block-heading\">Directed by<\/h5>\n\n\n\n<p> Amandine Garrido, Emmanuelle Roberge<\/p>\n\n\n\n<h5 class=\"wp-block-heading\">Submitted by<\/h5>\n\n\n\n<p>Amandine Garrido<\/p>\n\n\n\n<h5 class=\"wp-block-heading\">Country of Origin<\/h5>\n\n\n\n<p>Canada<\/p>\n\n\n\n<h5 class=\"wp-block-heading\">Runtime<\/h5>\n\n\n\n<p>13:13<\/p>\n\n\n\n<h5 class=\"wp-block-heading\">Category<\/h5>\n\n\n\n<p><a href=\"https:\/\/filmfreeway.com\/submissions\/27910741#ff_javascript\"><\/a>Short Film<\/p>\n\n\n\n<p>Ma Terre d&#8217;Accueil is a video-dance exploring the immigration journey of a woman from South America. Carrying a bag full of stories and memories, she enters a new country, facing the challenges and transformations that await her. The video follows her journey from her native warmth to the extreme cold of a new land, illustrating how she must tame not only a new climate, but also a new language, a new culture, and even winter darkness. Through this artistic work, the viewer is invited to share the profound experience of immigration, to feel the emotions, challenges and joys of this process, and to discover how the beauty and strength of the Earth can become a source of inspiration and moral support for those who undertake this journey. Ma Terre d&#8217;Accueil captures the essence that lives on in this woman beyond physical and cultural change, illustrating the resilience and transformation that accompany the act of entering a new place.<\/p>\n\n\n\n<p><strong>Director Biography &#8211;<\/strong>&nbsp;Amandine Garrido, Emmanuelle Roberge<\/p>\n\n\n\n<figure class=\"wp-block-image size-full is-resized\"><img decoding=\"async\" src=\"data:image\/gif;base64,R0lGODlhAQABAAAAACH5BAEKAAEALAAAAAABAAEAAAICTAEAOw==\" data-layzr=\"https:\/\/imefilmfest.com\/wp-content\/uploads\/2024\/07\/Amandine-Garrido-Emmanuelle-Roberge.jpg\" alt=\"\" class=\"wp-image-3646\" style=\"width:316px;height:auto\"\/><\/figure>\n\n\n\n<p><a href=\"https:\/\/filmfreeway-production-storage-01-storage.filmfreeway.com\/press_kits\/headshots\/002\/537\/454\/original\/f4e5e4ffa2-headshot.jpg?1707783590\"><\/a>Amandine Garrido, dot\u00e9e des nombreuses ann\u00e9es d&#8217;exp\u00e9rience dans les arts de la sc\u00e8ne, apporte une expertise diversifi\u00e9e en tant qu&#8217;artiste danseuse-interpr\u00e8te, chor\u00e9graphe, r\u00e9alisatrice et enseignante. Elle a obtenu son dipl\u00f4me d&#8217;interpr\u00e8te en danse, avec une formation en danse classique et contemporaine, en 2002 (Mention excellence, Conservatoire des Arts de l&#8217;Universit\u00e9 du Chili). Elle a travaill\u00e9 avec diverses compagnies contemporaines de renom dans son pays d&#8217;origine. C&#8217;est en 2008 qu&#8217;elle arrive au Canada, rejoignant la troupe du spectacle Varekai du Cirque du Soleil, o\u00f9 elle a pratiqu\u00e9 l&#8217;art a\u00e9rien.artiste interpr\u00e8te et chor\u00e9graphe aux talents multiples, nous enchante par sa pr\u00e9sence sur sc\u00e8ne, sa polyvalence et la fluidit\u00e9 de ses mouvements. Ses inspirations, un m\u00e9lange d&#8217;influences contemporaines et de bases classiques, lui permettent d&#8217;exprimer son art de mani\u00e8re envo\u00fbtante, alliant souplesse et agilit\u00e9. Depuis son arriv\u00e9e au Canada, elle a cr\u00e9\u00e9 trois vid\u00e9os-danse en tant que chor\u00e9graphe, r\u00e9alisatrice et interpr\u00e8te. Ces productions ont \u00e9tais r\u00e9alis\u00e9es gr\u00e2ce au soutien du Conseil des arts et lettres du Qu\u00e9bec, de ZemmourBallet et le CASJB.<br><br>Emmanuelle Roberge, ayant oeuvr\u00e9 pendant plus 20 ans en photographie, son regard a \u00e9t\u00e9 aiguis\u00e9, affermi par cette<br>pratique. Raconter en images des histoires est sa force. Porter un regard nouveau sur les sujets<br>qui se pr\u00e9sentent devant sa cam\u00e9ra est \u00e0 la fois un engagement et une grande source<br>d\u2019inspiration. Depuis 4 ans maintenant, arm\u00e9e d\u2019\u00e9tudes en anthropologie et cin\u00e9ma, elle fait le<br>virage vers l\u2019image en mouvement. Les sujets qui la passionnent exigeaient une captation du<br>mouvement et de la parole. L\u2019image en mouvement donne une nouvelle dimension \u00e0 sa cr\u00e9ativit\u00e9<br>et lui permet d\u2019aller plus audacieusement \u00e0 la rencontre de ses sujets. Par des cadres serr\u00e9s, des<br>plans le plus souvent rapproch\u00e9s, des ambiances \u00e0 l\u2019\u00e9clairage naturel feutr\u00e9es, son objectif est de<br>pr\u00e9senter avec le plus de pr\u00e9cision possible la personnalit\u00e9, le milieu de vie, le quotidien et les<br>d\u00e9fis intimes et profonds auxquels font face ses personnages.<br>Ses premi\u00e8res r\u00e9alisations ont voyag\u00e9es dans divers festivals de films au Qu\u00e9bec et \u00e0 l\u2019\u00e9tranger.<br>La vid\u00e9o-danse (Wel)Coming in a re\u00e7u un prix du public au Cannes short film festival en 2022.<\/p>\n","protected":false},"excerpt":{"rendered":"<p>Directed by Amandine Garrido, Emmanuelle Roberge Submitted by Amandine Garrido Country of Origin Canada Runtime 13:13 Category Short Film Ma Terre d&#8217;Accueil is a video-dance exploring the immigration journey of a woman from South America. Carrying a bag full of stories and memories, she enters a new country, facing the challenges and transformations that await &hellip; <\/p>\n","protected":false},"author":1,"featured_media":3219,"parent":0,"menu_order":0,"comment_status":"closed","ping_status":"closed","template":"","meta":{"pgc_sgb_lightbox_settings":"","footnotes":""},"class_list":["post-3645","page","type-page","status-publish","has-post-thumbnail","hentry","latest_post"],"yoast_head":"<!-- This site is optimized with the Yoast SEO plugin v23.1 - https:\/\/yoast.com\/wordpress\/plugins\/seo\/ -->\n<title>Ma terre d&#039;accueil - International Migration &amp; Environmental Film Festival<\/title>\n<meta name=\"robots\" content=\"index, follow, max-snippet:-1, max-image-preview:large, max-video-preview:-1\" \/>\n<link rel=\"canonical\" href=\"https:\/\/imefilmfest.com\/international-migration-&-environmental-film-festival\/ma-terre-daccueil\/\" \/>\n<meta property=\"og:locale\" content=\"en_US\" \/>\n<meta property=\"og:type\" content=\"article\" \/>\n<meta property=\"og:title\" content=\"Ma terre d&#039;accueil - International Migration &amp; Environmental Film Festival\" \/>\n<meta property=\"og:description\" content=\"Directed by Amandine Garrido, Emmanuelle Roberge Submitted by Amandine Garrido Country of Origin Canada Runtime 13:13 Category Short Film Ma Terre d&#8217;Accueil is a video-dance exploring the immigration journey of a woman from South America. Carrying a bag full of stories and memories, she enters a new country, facing the challenges and transformations that await &hellip;\" \/>\n<meta property=\"og:url\" content=\"https:\/\/imefilmfest.com\/international-migration-&amp;-environmental-film-festival\/ma-terre-daccueil\/\" \/>\n<meta property=\"og:site_name\" content=\"International Migration &amp; Environmental Film Festival\" \/>\n<meta property=\"article:publisher\" content=\"https:\/\/m.facebook.com\/imefilmfest\/\" \/>\n<meta property=\"article:modified_time\" content=\"2024-07-30T03:01:48+00:00\" \/>\n<meta property=\"og:image\" content=\"https:\/\/imefilmfest.com\/wp-content\/uploads\/2024\/07\/Ma-terre-daccueil.jpg\" \/>\n\t<meta property=\"og:image:width\" content=\"542\" \/>\n\t<meta property=\"og:image:height\" content=\"800\" \/>\n\t<meta property=\"og:image:type\" content=\"image\/jpeg\" \/>\n<meta name=\"twitter:card\" content=\"summary_large_image\" \/>\n<meta name=\"twitter:label1\" content=\"Est. reading time\" \/>\n\t<meta name=\"twitter:data1\" content=\"3 minutes\" \/>\n<script type=\"application\/ld+json\" class=\"yoast-schema-graph\">{\"@context\":\"https:\/\/schema.org\",\"@graph\":[{\"@type\":\"WebPage\",\"@id\":\"https:\/\/imefilmfest.com\/international-migration-&-environmental-film-festival\/ma-terre-daccueil\/\",\"url\":\"https:\/\/imefilmfest.com\/international-migration-&-environmental-film-festival\/ma-terre-daccueil\/\",\"name\":\"Ma terre d'accueil - International Migration &amp; Environmental Film Festival\",\"isPartOf\":{\"@id\":\"https:\/\/imefilmfest.com\/international-migration-&-environmental-film-festival\/#website\"},\"primaryImageOfPage\":{\"@id\":\"https:\/\/imefilmfest.com\/international-migration-&-environmental-film-festival\/ma-terre-daccueil\/#primaryimage\"},\"image\":{\"@id\":\"https:\/\/imefilmfest.com\/international-migration-&-environmental-film-festival\/ma-terre-daccueil\/#primaryimage\"},\"thumbnailUrl\":\"https:\/\/imefilmfest.com\/wp-content\/uploads\/2024\/07\/Ma-terre-daccueil.jpg\",\"datePublished\":\"2024-07-28T14:19:21+00:00\",\"dateModified\":\"2024-07-30T03:01:48+00:00\",\"breadcrumb\":{\"@id\":\"https:\/\/imefilmfest.com\/international-migration-&-environmental-film-festival\/ma-terre-daccueil\/#breadcrumb\"},\"inLanguage\":\"en-US\",\"potentialAction\":[{\"@type\":\"ReadAction\",\"target\":[\"https:\/\/imefilmfest.com\/international-migration-&-environmental-film-festival\/ma-terre-daccueil\/\"]}]},{\"@type\":\"ImageObject\",\"inLanguage\":\"en-US\",\"@id\":\"https:\/\/imefilmfest.com\/international-migration-&-environmental-film-festival\/ma-terre-daccueil\/#primaryimage\",\"url\":\"https:\/\/imefilmfest.com\/wp-content\/uploads\/2024\/07\/Ma-terre-daccueil.jpg\",\"contentUrl\":\"https:\/\/imefilmfest.com\/wp-content\/uploads\/2024\/07\/Ma-terre-daccueil.jpg\",\"width\":542,\"height\":800},{\"@type\":\"BreadcrumbList\",\"@id\":\"https:\/\/imefilmfest.com\/international-migration-&-environmental-film-festival\/ma-terre-daccueil\/#breadcrumb\",\"itemListElement\":[{\"@type\":\"ListItem\",\"position\":1,\"name\":\"Home\",\"item\":\"https:\/\/imefilmfest.com\/international-migration-&-environmental-film-festival\/home\/\"},{\"@type\":\"ListItem\",\"position\":2,\"name\":\"Ma terre d&#8217;accueil\"}]},{\"@type\":\"WebSite\",\"@id\":\"https:\/\/imefilmfest.com\/international-migration-&-environmental-film-festival\/#website\",\"url\":\"https:\/\/imefilmfest.com\/international-migration-&-environmental-film-festival\/\",\"name\":\"International Migration & Environmental Film Festival\",\"description\":\"North America&#039;s Largest Film Festival on Migration and Environment Sustainability\",\"publisher\":{\"@id\":\"https:\/\/imefilmfest.com\/international-migration-&-environmental-film-festival\/#organization\"},\"potentialAction\":[{\"@type\":\"SearchAction\",\"target\":{\"@type\":\"EntryPoint\",\"urlTemplate\":\"https:\/\/imefilmfest.com\/international-migration-&-environmental-film-festival\/?s={search_term_string}\"},\"query-input\":\"required name=search_term_string\"}],\"inLanguage\":\"en-US\"},{\"@type\":\"Organization\",\"@id\":\"https:\/\/imefilmfest.com\/international-migration-&-environmental-film-festival\/#organization\",\"name\":\"International Migration & Environmental Film Festival\",\"url\":\"https:\/\/imefilmfest.com\/international-migration-&-environmental-film-festival\/\",\"logo\":{\"@type\":\"ImageObject\",\"inLanguage\":\"en-US\",\"@id\":\"https:\/\/imefilmfest.com\/international-migration-&-environmental-film-festival\/#\/schema\/logo\/image\/\",\"url\":\"https:\/\/imefilmfest.com\/wp-content\/uploads\/2021\/09\/IMEFF-i-1-scaled.jpg\",\"contentUrl\":\"https:\/\/imefilmfest.com\/wp-content\/uploads\/2021\/09\/IMEFF-i-1-scaled.jpg\",\"width\":2560,\"height\":2560,\"caption\":\"International Migration & Environmental Film Festival\"},\"image\":{\"@id\":\"https:\/\/imefilmfest.com\/international-migration-&-environmental-film-festival\/#\/schema\/logo\/image\/\"},\"sameAs\":[\"https:\/\/m.facebook.com\/imefilmfest\/\"]}]}<\/script>\n<!-- \/ Yoast SEO plugin. -->","yoast_head_json":{"title":"Ma terre d'accueil - International Migration &amp; Environmental Film Festival","robots":{"index":"index","follow":"follow","max-snippet":"max-snippet:-1","max-image-preview":"max-image-preview:large","max-video-preview":"max-video-preview:-1"},"canonical":"https:\/\/imefilmfest.com\/international-migration-&-environmental-film-festival\/ma-terre-daccueil\/","og_locale":"en_US","og_type":"article","og_title":"Ma terre d'accueil - International Migration &amp; Environmental Film Festival","og_description":"Directed by Amandine Garrido, Emmanuelle Roberge Submitted by Amandine Garrido Country of Origin Canada Runtime 13:13 Category Short Film Ma Terre d&#8217;Accueil is a video-dance exploring the immigration journey of a woman from South America. Carrying a bag full of stories and memories, she enters a new country, facing the challenges and transformations that await &hellip;","og_url":"https:\/\/imefilmfest.com\/international-migration-&-environmental-film-festival\/ma-terre-daccueil\/","og_site_name":"International Migration &amp; Environmental Film Festival","article_publisher":"https:\/\/m.facebook.com\/imefilmfest\/","article_modified_time":"2024-07-30T03:01:48+00:00","og_image":[{"width":542,"height":800,"url":"https:\/\/imefilmfest.com\/wp-content\/uploads\/2024\/07\/Ma-terre-daccueil.jpg","type":"image\/jpeg"}],"twitter_card":"summary_large_image","twitter_misc":{"Est. reading time":"3 minutes"},"schema":{"@context":"https:\/\/schema.org","@graph":[{"@type":"WebPage","@id":"https:\/\/imefilmfest.com\/international-migration-&-environmental-film-festival\/ma-terre-daccueil\/","url":"https:\/\/imefilmfest.com\/international-migration-&-environmental-film-festival\/ma-terre-daccueil\/","name":"Ma terre d'accueil - International Migration &amp; Environmental Film Festival","isPartOf":{"@id":"https:\/\/imefilmfest.com\/international-migration-&-environmental-film-festival\/#website"},"primaryImageOfPage":{"@id":"https:\/\/imefilmfest.com\/international-migration-&-environmental-film-festival\/ma-terre-daccueil\/#primaryimage"},"image":{"@id":"https:\/\/imefilmfest.com\/international-migration-&-environmental-film-festival\/ma-terre-daccueil\/#primaryimage"},"thumbnailUrl":"https:\/\/imefilmfest.com\/wp-content\/uploads\/2024\/07\/Ma-terre-daccueil.jpg","datePublished":"2024-07-28T14:19:21+00:00","dateModified":"2024-07-30T03:01:48+00:00","breadcrumb":{"@id":"https:\/\/imefilmfest.com\/international-migration-&-environmental-film-festival\/ma-terre-daccueil\/#breadcrumb"},"inLanguage":"en-US","potentialAction":[{"@type":"ReadAction","target":["https:\/\/imefilmfest.com\/international-migration-&-environmental-film-festival\/ma-terre-daccueil\/"]}]},{"@type":"ImageObject","inLanguage":"en-US","@id":"https:\/\/imefilmfest.com\/international-migration-&-environmental-film-festival\/ma-terre-daccueil\/#primaryimage","url":"https:\/\/imefilmfest.com\/wp-content\/uploads\/2024\/07\/Ma-terre-daccueil.jpg","contentUrl":"https:\/\/imefilmfest.com\/wp-content\/uploads\/2024\/07\/Ma-terre-daccueil.jpg","width":542,"height":800},{"@type":"BreadcrumbList","@id":"https:\/\/imefilmfest.com\/international-migration-&-environmental-film-festival\/ma-terre-daccueil\/#breadcrumb","itemListElement":[{"@type":"ListItem","position":1,"name":"Home","item":"https:\/\/imefilmfest.com\/international-migration-&-environmental-film-festival\/home\/"},{"@type":"ListItem","position":2,"name":"Ma terre d&#8217;accueil"}]},{"@type":"WebSite","@id":"https:\/\/imefilmfest.com\/international-migration-&-environmental-film-festival\/#website","url":"https:\/\/imefilmfest.com\/international-migration-&-environmental-film-festival\/","name":"International Migration & Environmental Film Festival","description":"North America&#039;s Largest Film Festival on Migration and Environment Sustainability","publisher":{"@id":"https:\/\/imefilmfest.com\/international-migration-&-environmental-film-festival\/#organization"},"potentialAction":[{"@type":"SearchAction","target":{"@type":"EntryPoint","urlTemplate":"https:\/\/imefilmfest.com\/international-migration-&-environmental-film-festival\/?s={search_term_string}"},"query-input":"required name=search_term_string"}],"inLanguage":"en-US"},{"@type":"Organization","@id":"https:\/\/imefilmfest.com\/international-migration-&-environmental-film-festival\/#organization","name":"International Migration & Environmental Film Festival","url":"https:\/\/imefilmfest.com\/international-migration-&-environmental-film-festival\/","logo":{"@type":"ImageObject","inLanguage":"en-US","@id":"https:\/\/imefilmfest.com\/international-migration-&-environmental-film-festival\/#\/schema\/logo\/image\/","url":"https:\/\/imefilmfest.com\/wp-content\/uploads\/2021\/09\/IMEFF-i-1-scaled.jpg","contentUrl":"https:\/\/imefilmfest.com\/wp-content\/uploads\/2021\/09\/IMEFF-i-1-scaled.jpg","width":2560,"height":2560,"caption":"International Migration & Environmental Film Festival"},"image":{"@id":"https:\/\/imefilmfest.com\/international-migration-&-environmental-film-festival\/#\/schema\/logo\/image\/"},"sameAs":["https:\/\/m.facebook.com\/imefilmfest\/"]}]}},"_links":{"self":[{"href":"https:\/\/imefilmfest.com\/international-migration-&-environmental-film-festival\/wp-json\/wp\/v2\/pages\/3645","targetHints":{"allow":["GET"]}}],"collection":[{"href":"https:\/\/imefilmfest.com\/international-migration-&-environmental-film-festival\/wp-json\/wp\/v2\/pages"}],"about":[{"href":"https:\/\/imefilmfest.com\/international-migration-&-environmental-film-festival\/wp-json\/wp\/v2\/types\/page"}],"author":[{"embeddable":true,"href":"https:\/\/imefilmfest.com\/international-migration-&-environmental-film-festival\/wp-json\/wp\/v2\/users\/1"}],"replies":[{"embeddable":true,"href":"https:\/\/imefilmfest.com\/international-migration-&-environmental-film-festival\/wp-json\/wp\/v2\/comments?post=3645"}],"version-history":[{"count":2,"href":"https:\/\/imefilmfest.com\/international-migration-&-environmental-film-festival\/wp-json\/wp\/v2\/pages\/3645\/revisions"}],"predecessor-version":[{"id":3877,"href":"https:\/\/imefilmfest.com\/international-migration-&-environmental-film-festival\/wp-json\/wp\/v2\/pages\/3645\/revisions\/3877"}],"wp:featuredmedia":[{"embeddable":true,"href":"https:\/\/imefilmfest.com\/international-migration-&-environmental-film-festival\/wp-json\/wp\/v2\/media\/3219"}],"wp:attachment":[{"href":"https:\/\/imefilmfest.com\/international-migration-&-environmental-film-festival\/wp-json\/wp\/v2\/media?parent=3645"}],"curies":[{"name":"wp","href":"https:\/\/api.w.org\/{rel}","templated":true}]}}