{"id":3655,"date":"2024-07-28T14:37:11","date_gmt":"2024-07-28T14:37:11","guid":{"rendered":"https:\/\/imefilmfest.com\/international-migration-&#038;-environmental-film-festival\/?page_id=3655"},"modified":"2024-07-30T03:06:43","modified_gmt":"2024-07-30T03:06:43","slug":"mount-horquera","status":"publish","type":"page","link":"https:\/\/imefilmfest.com\/international-migration-&-environmental-film-festival\/mount-horquera\/","title":{"rendered":"MOUNT HORQUERA"},"content":{"rendered":"\n<h5 class=\"wp-block-heading\">Directed by<\/h5>\n\n\n\n<p> FERNANDO PENCO VALENZUELA<\/p>\n\n\n\n<h5 class=\"wp-block-heading\">Country of Origin<\/h5>\n\n\n\n<p>Spain<\/p>\n\n\n\n<h5 class=\"wp-block-heading\">Runtime<\/h5>\n\n\n\n<p>52:00<\/p>\n\n\n\n<h5 class=\"wp-block-heading\">Category<\/h5>\n\n\n\n<p><a href=\"https:\/\/filmfreeway.com\/submissions\/26434964#ff_javascript\"><\/a>Documentary<\/p>\n\n\n\n<p>&#8220;How can we not think that life ends with death,?&#8221; the narrator asks himself at the end of the documentary. Monte Horquera is a double plane loop, dreamlike and real, in which the viewer is immersed and in which the past and the present inevitably intermingle. 200 years of the life of a village, Nueva Carteya, in the province of Cordova, Andalusia, whose origins lie in the seven hills of Monte Horquera and its first inhabitants who populated them in order to exploit them: to clear the mountain of undergrowth in order to cultivate it and obtain resources from it!<br>But the history of Nueva Carteya, the village that gave its name to one of the seven hills, is lost in the darkness of times and in it converge stories of life and circumstances that speak of emigration and departures without return; of archaeology and the environment; of cultural anthropology; of beliefs and traditions. Made partly with archive materials, Monte Horquera tries to highlight images and memories of the old Carteya, through its own original language.<\/p>\n\n\n\n<p><strong>Director Biography &#8211;&nbsp;<\/strong>FERNANDO PENCO VALENZUELA<\/p>\n\n\n\n<figure class=\"wp-block-image size-full is-resized\"><img decoding=\"async\" src=\"data:image\/gif;base64,R0lGODlhAQABAAAAACH5BAEKAAEALAAAAAABAAEAAAICTAEAOw==\" data-layzr=\"https:\/\/imefilmfest.com\/wp-content\/uploads\/2024\/07\/FERNANDO-PENCO-VALENZUELA.jpg\" alt=\"\" class=\"wp-image-3656\" style=\"width:367px;height:auto\"\/><\/figure>\n\n\n\n<p><a href=\"https:\/\/filmfreeway-production-storage-01-storage.filmfreeway.com\/press_kits\/headshots\/002\/409\/448\/original\/2c662d6aa2-headshot.jpg?1688491853\"><\/a>Archaeologist, academic and writer, in 2017 he received the Juan Bernier Archaeology Prize for his research work and his papers on historical and archeological heritage, which have been published in national and international journals.<br>He is the author of books such as Guadalquivir, un valle legendario (Almuzara, 2008), Viaje a Tartessos (Almuzara, 2013) and Mediterr\u00e1neo (C\u00e1ntico, 2019). Throughout 2005 and 2006 he lives between Cordoba and Rabat, where he directs and coordinates the Museum Project for the National Museum of the Jewel of the Alaouite kingdom. He was awarded a special mention and congratulations on the achievement of the Historical Site of Cerro Muriano Mining Reserve, where he currently directs the Copper Museum of that town. The aforementioned recognitions were given by the SEDPGYM (Spanish Society for the Defence of Geological and Mining Heritage), at the General Assembly held at the 10th International Congress on Geological and Mining Heritage.<br>In 1999 he won the Nueva Gente National Prize for Narrative, awarded by the Asociaci\u00f3n de Escritores y Artistas Espa\u00f1oles (Association of Spanish Writers and Artists), in recognition of the quality and effort of his first and only fiction book El cr\u00e1neo, y siete breves narraciones (Morandi ed., 1998). It was in 2002 when he wrote the script and directed the documentary La muerte, a trav\u00e9s del Guadalquivir, which was presented at the Filmoteca de Andaluc\u00eda (Film Archive of Andalusia) in 2003 and was selected for the 6th edition of the Festival del R\u00edu of the Generalitat de Catalunya (2005).<br>Years later, in May 2009, he discovers, together with the photographer Juan Obrero, the exact place where Robert Capa shot Muerte de un miliciano (Death of a militiaman), the result of this intense work is La foto de Capa (Paso de Cebra, 2011). This discovery will be the beginning of a series of academic research and publications that will see the light, among others, at the Universidad Complutense de Madrid and will be recognised in newspapers such as The Times and The Telegraph.<br>Monte Horquera is his second foray into the world of documentary filmmaking, having written the script and directed as well as doing an outstanding production job.<\/p>\n\n\n\n<p><\/p>\n","protected":false},"excerpt":{"rendered":"<p>Directed by FERNANDO PENCO VALENZUELA Country of Origin Spain Runtime 52:00 Category Documentary &#8220;How can we not think that life ends with death,?&#8221; the narrator asks himself at the end of the documentary. Monte Horquera is a double plane loop, dreamlike and real, in which the viewer is immersed and in which the past and &hellip; <\/p>\n","protected":false},"author":1,"featured_media":3227,"parent":0,"menu_order":0,"comment_status":"closed","ping_status":"closed","template":"","meta":{"pgc_sgb_lightbox_settings":"","footnotes":""},"class_list":["post-3655","page","type-page","status-publish","has-post-thumbnail","hentry","latest_post"],"yoast_head":"<!-- This site is optimized with the Yoast SEO plugin v23.1 - https:\/\/yoast.com\/wordpress\/plugins\/seo\/ -->\n<title>MOUNT HORQUERA - International Migration &amp; Environmental Film Festival<\/title>\n<meta name=\"robots\" content=\"index, follow, max-snippet:-1, max-image-preview:large, max-video-preview:-1\" \/>\n<link rel=\"canonical\" href=\"https:\/\/imefilmfest.com\/international-migration-&-environmental-film-festival\/mount-horquera\/\" \/>\n<meta property=\"og:locale\" content=\"en_US\" \/>\n<meta property=\"og:type\" content=\"article\" \/>\n<meta property=\"og:title\" content=\"MOUNT HORQUERA - International Migration &amp; Environmental Film Festival\" \/>\n<meta property=\"og:description\" content=\"Directed by FERNANDO PENCO VALENZUELA Country of Origin Spain Runtime 52:00 Category Documentary &#8220;How can we not think that life ends with death,?&#8221; the narrator asks himself at the end of the documentary. Monte Horquera is a double plane loop, dreamlike and real, in which the viewer is immersed and in which the past and &hellip;\" \/>\n<meta property=\"og:url\" content=\"https:\/\/imefilmfest.com\/international-migration-&amp;-environmental-film-festival\/mount-horquera\/\" \/>\n<meta property=\"og:site_name\" content=\"International Migration &amp; Environmental Film Festival\" \/>\n<meta property=\"article:publisher\" content=\"https:\/\/m.facebook.com\/imefilmfest\/\" \/>\n<meta property=\"article:modified_time\" content=\"2024-07-30T03:06:43+00:00\" \/>\n<meta property=\"og:image\" content=\"https:\/\/imefilmfest.com\/wp-content\/uploads\/2024\/07\/MOUNT-HORQUERA.jpg\" \/>\n\t<meta property=\"og:image:width\" content=\"566\" \/>\n\t<meta property=\"og:image:height\" content=\"800\" \/>\n\t<meta property=\"og:image:type\" content=\"image\/jpeg\" \/>\n<meta name=\"twitter:card\" content=\"summary_large_image\" \/>\n<meta name=\"twitter:label1\" content=\"Est. reading time\" \/>\n\t<meta name=\"twitter:data1\" content=\"3 minutes\" \/>\n<script type=\"application\/ld+json\" class=\"yoast-schema-graph\">{\"@context\":\"https:\/\/schema.org\",\"@graph\":[{\"@type\":\"WebPage\",\"@id\":\"https:\/\/imefilmfest.com\/international-migration-&-environmental-film-festival\/mount-horquera\/\",\"url\":\"https:\/\/imefilmfest.com\/international-migration-&-environmental-film-festival\/mount-horquera\/\",\"name\":\"MOUNT HORQUERA - International Migration &amp; Environmental Film Festival\",\"isPartOf\":{\"@id\":\"https:\/\/imefilmfest.com\/international-migration-&-environmental-film-festival\/#website\"},\"primaryImageOfPage\":{\"@id\":\"https:\/\/imefilmfest.com\/international-migration-&-environmental-film-festival\/mount-horquera\/#primaryimage\"},\"image\":{\"@id\":\"https:\/\/imefilmfest.com\/international-migration-&-environmental-film-festival\/mount-horquera\/#primaryimage\"},\"thumbnailUrl\":\"https:\/\/imefilmfest.com\/wp-content\/uploads\/2024\/07\/MOUNT-HORQUERA.jpg\",\"datePublished\":\"2024-07-28T14:37:11+00:00\",\"dateModified\":\"2024-07-30T03:06:43+00:00\",\"breadcrumb\":{\"@id\":\"https:\/\/imefilmfest.com\/international-migration-&-environmental-film-festival\/mount-horquera\/#breadcrumb\"},\"inLanguage\":\"en-US\",\"potentialAction\":[{\"@type\":\"ReadAction\",\"target\":[\"https:\/\/imefilmfest.com\/international-migration-&-environmental-film-festival\/mount-horquera\/\"]}]},{\"@type\":\"ImageObject\",\"inLanguage\":\"en-US\",\"@id\":\"https:\/\/imefilmfest.com\/international-migration-&-environmental-film-festival\/mount-horquera\/#primaryimage\",\"url\":\"https:\/\/imefilmfest.com\/wp-content\/uploads\/2024\/07\/MOUNT-HORQUERA.jpg\",\"contentUrl\":\"https:\/\/imefilmfest.com\/wp-content\/uploads\/2024\/07\/MOUNT-HORQUERA.jpg\",\"width\":566,\"height\":800},{\"@type\":\"BreadcrumbList\",\"@id\":\"https:\/\/imefilmfest.com\/international-migration-&-environmental-film-festival\/mount-horquera\/#breadcrumb\",\"itemListElement\":[{\"@type\":\"ListItem\",\"position\":1,\"name\":\"Home\",\"item\":\"https:\/\/imefilmfest.com\/international-migration-&-environmental-film-festival\/home\/\"},{\"@type\":\"ListItem\",\"position\":2,\"name\":\"MOUNT HORQUERA\"}]},{\"@type\":\"WebSite\",\"@id\":\"https:\/\/imefilmfest.com\/international-migration-&-environmental-film-festival\/#website\",\"url\":\"https:\/\/imefilmfest.com\/international-migration-&-environmental-film-festival\/\",\"name\":\"International Migration & Environmental Film Festival\",\"description\":\"North America&#039;s Largest Film Festival on Migration and Environment Sustainability\",\"publisher\":{\"@id\":\"https:\/\/imefilmfest.com\/international-migration-&-environmental-film-festival\/#organization\"},\"potentialAction\":[{\"@type\":\"SearchAction\",\"target\":{\"@type\":\"EntryPoint\",\"urlTemplate\":\"https:\/\/imefilmfest.com\/international-migration-&-environmental-film-festival\/?s={search_term_string}\"},\"query-input\":\"required name=search_term_string\"}],\"inLanguage\":\"en-US\"},{\"@type\":\"Organization\",\"@id\":\"https:\/\/imefilmfest.com\/international-migration-&-environmental-film-festival\/#organization\",\"name\":\"International Migration & Environmental Film Festival\",\"url\":\"https:\/\/imefilmfest.com\/international-migration-&-environmental-film-festival\/\",\"logo\":{\"@type\":\"ImageObject\",\"inLanguage\":\"en-US\",\"@id\":\"https:\/\/imefilmfest.com\/international-migration-&-environmental-film-festival\/#\/schema\/logo\/image\/\",\"url\":\"https:\/\/imefilmfest.com\/wp-content\/uploads\/2021\/09\/IMEFF-i-1-scaled.jpg\",\"contentUrl\":\"https:\/\/imefilmfest.com\/wp-content\/uploads\/2021\/09\/IMEFF-i-1-scaled.jpg\",\"width\":2560,\"height\":2560,\"caption\":\"International Migration & Environmental Film Festival\"},\"image\":{\"@id\":\"https:\/\/imefilmfest.com\/international-migration-&-environmental-film-festival\/#\/schema\/logo\/image\/\"},\"sameAs\":[\"https:\/\/m.facebook.com\/imefilmfest\/\"]}]}<\/script>\n<!-- \/ Yoast SEO plugin. -->","yoast_head_json":{"title":"MOUNT HORQUERA - International Migration &amp; Environmental Film Festival","robots":{"index":"index","follow":"follow","max-snippet":"max-snippet:-1","max-image-preview":"max-image-preview:large","max-video-preview":"max-video-preview:-1"},"canonical":"https:\/\/imefilmfest.com\/international-migration-&-environmental-film-festival\/mount-horquera\/","og_locale":"en_US","og_type":"article","og_title":"MOUNT HORQUERA - International Migration &amp; Environmental Film Festival","og_description":"Directed by FERNANDO PENCO VALENZUELA Country of Origin Spain Runtime 52:00 Category Documentary &#8220;How can we not think that life ends with death,?&#8221; the narrator asks himself at the end of the documentary. Monte Horquera is a double plane loop, dreamlike and real, in which the viewer is immersed and in which the past and &hellip;","og_url":"https:\/\/imefilmfest.com\/international-migration-&-environmental-film-festival\/mount-horquera\/","og_site_name":"International Migration &amp; Environmental Film Festival","article_publisher":"https:\/\/m.facebook.com\/imefilmfest\/","article_modified_time":"2024-07-30T03:06:43+00:00","og_image":[{"width":566,"height":800,"url":"https:\/\/imefilmfest.com\/wp-content\/uploads\/2024\/07\/MOUNT-HORQUERA.jpg","type":"image\/jpeg"}],"twitter_card":"summary_large_image","twitter_misc":{"Est. reading time":"3 minutes"},"schema":{"@context":"https:\/\/schema.org","@graph":[{"@type":"WebPage","@id":"https:\/\/imefilmfest.com\/international-migration-&-environmental-film-festival\/mount-horquera\/","url":"https:\/\/imefilmfest.com\/international-migration-&-environmental-film-festival\/mount-horquera\/","name":"MOUNT HORQUERA - International Migration &amp; Environmental Film Festival","isPartOf":{"@id":"https:\/\/imefilmfest.com\/international-migration-&-environmental-film-festival\/#website"},"primaryImageOfPage":{"@id":"https:\/\/imefilmfest.com\/international-migration-&-environmental-film-festival\/mount-horquera\/#primaryimage"},"image":{"@id":"https:\/\/imefilmfest.com\/international-migration-&-environmental-film-festival\/mount-horquera\/#primaryimage"},"thumbnailUrl":"https:\/\/imefilmfest.com\/wp-content\/uploads\/2024\/07\/MOUNT-HORQUERA.jpg","datePublished":"2024-07-28T14:37:11+00:00","dateModified":"2024-07-30T03:06:43+00:00","breadcrumb":{"@id":"https:\/\/imefilmfest.com\/international-migration-&-environmental-film-festival\/mount-horquera\/#breadcrumb"},"inLanguage":"en-US","potentialAction":[{"@type":"ReadAction","target":["https:\/\/imefilmfest.com\/international-migration-&-environmental-film-festival\/mount-horquera\/"]}]},{"@type":"ImageObject","inLanguage":"en-US","@id":"https:\/\/imefilmfest.com\/international-migration-&-environmental-film-festival\/mount-horquera\/#primaryimage","url":"https:\/\/imefilmfest.com\/wp-content\/uploads\/2024\/07\/MOUNT-HORQUERA.jpg","contentUrl":"https:\/\/imefilmfest.com\/wp-content\/uploads\/2024\/07\/MOUNT-HORQUERA.jpg","width":566,"height":800},{"@type":"BreadcrumbList","@id":"https:\/\/imefilmfest.com\/international-migration-&-environmental-film-festival\/mount-horquera\/#breadcrumb","itemListElement":[{"@type":"ListItem","position":1,"name":"Home","item":"https:\/\/imefilmfest.com\/international-migration-&-environmental-film-festival\/home\/"},{"@type":"ListItem","position":2,"name":"MOUNT HORQUERA"}]},{"@type":"WebSite","@id":"https:\/\/imefilmfest.com\/international-migration-&-environmental-film-festival\/#website","url":"https:\/\/imefilmfest.com\/international-migration-&-environmental-film-festival\/","name":"International Migration & Environmental Film Festival","description":"North America&#039;s Largest Film Festival on Migration and Environment Sustainability","publisher":{"@id":"https:\/\/imefilmfest.com\/international-migration-&-environmental-film-festival\/#organization"},"potentialAction":[{"@type":"SearchAction","target":{"@type":"EntryPoint","urlTemplate":"https:\/\/imefilmfest.com\/international-migration-&-environmental-film-festival\/?s={search_term_string}"},"query-input":"required name=search_term_string"}],"inLanguage":"en-US"},{"@type":"Organization","@id":"https:\/\/imefilmfest.com\/international-migration-&-environmental-film-festival\/#organization","name":"International Migration & Environmental Film Festival","url":"https:\/\/imefilmfest.com\/international-migration-&-environmental-film-festival\/","logo":{"@type":"ImageObject","inLanguage":"en-US","@id":"https:\/\/imefilmfest.com\/international-migration-&-environmental-film-festival\/#\/schema\/logo\/image\/","url":"https:\/\/imefilmfest.com\/wp-content\/uploads\/2021\/09\/IMEFF-i-1-scaled.jpg","contentUrl":"https:\/\/imefilmfest.com\/wp-content\/uploads\/2021\/09\/IMEFF-i-1-scaled.jpg","width":2560,"height":2560,"caption":"International Migration & Environmental Film Festival"},"image":{"@id":"https:\/\/imefilmfest.com\/international-migration-&-environmental-film-festival\/#\/schema\/logo\/image\/"},"sameAs":["https:\/\/m.facebook.com\/imefilmfest\/"]}]}},"_links":{"self":[{"href":"https:\/\/imefilmfest.com\/international-migration-&-environmental-film-festival\/wp-json\/wp\/v2\/pages\/3655","targetHints":{"allow":["GET"]}}],"collection":[{"href":"https:\/\/imefilmfest.com\/international-migration-&-environmental-film-festival\/wp-json\/wp\/v2\/pages"}],"about":[{"href":"https:\/\/imefilmfest.com\/international-migration-&-environmental-film-festival\/wp-json\/wp\/v2\/types\/page"}],"author":[{"embeddable":true,"href":"https:\/\/imefilmfest.com\/international-migration-&-environmental-film-festival\/wp-json\/wp\/v2\/users\/1"}],"replies":[{"embeddable":true,"href":"https:\/\/imefilmfest.com\/international-migration-&-environmental-film-festival\/wp-json\/wp\/v2\/comments?post=3655"}],"version-history":[{"count":2,"href":"https:\/\/imefilmfest.com\/international-migration-&-environmental-film-festival\/wp-json\/wp\/v2\/pages\/3655\/revisions"}],"predecessor-version":[{"id":3880,"href":"https:\/\/imefilmfest.com\/international-migration-&-environmental-film-festival\/wp-json\/wp\/v2\/pages\/3655\/revisions\/3880"}],"wp:featuredmedia":[{"embeddable":true,"href":"https:\/\/imefilmfest.com\/international-migration-&-environmental-film-festival\/wp-json\/wp\/v2\/media\/3227"}],"wp:attachment":[{"href":"https:\/\/imefilmfest.com\/international-migration-&-environmental-film-festival\/wp-json\/wp\/v2\/media?parent=3655"}],"curies":[{"name":"wp","href":"https:\/\/api.w.org\/{rel}","templated":true}]}}