{"id":3664,"date":"2024-07-28T15:05:29","date_gmt":"2024-07-28T15:05:29","guid":{"rendered":"https:\/\/imefilmfest.com\/international-migration-&#038;-environmental-film-festival\/?page_id=3664"},"modified":"2024-07-30T03:12:22","modified_gmt":"2024-07-30T03:12:22","slug":"numbers","status":"publish","type":"page","link":"https:\/\/imefilmfest.com\/international-migration-&-environmental-film-festival\/numbers\/","title":{"rendered":"NUMBERS"},"content":{"rendered":"\n<h5 class=\"wp-block-heading\">Directed by<\/h5>\n\n\n\n<p> Deniz T\u00fcrker<\/p>\n\n\n\n<h5 class=\"wp-block-heading\">Country of Origin<\/h5>\n\n\n\n<p>Turkey<\/p>\n\n\n\n<h5 class=\"wp-block-heading\">Runtime<\/h5>\n\n\n\n<p>9:05<\/p>\n\n\n\n<h5 class=\"wp-block-heading\">Category<\/h5>\n\n\n\n<p><a href=\"https:\/\/filmfreeway.com\/submissions\/26880504#ff_javascript\"><\/a>Animation<\/p>\n\n\n\n<p>The poignant story of migrants who are forced to leave their countries due to wars, conflicts, occupation, or chronic poverty, embarking on a journey towards unfamiliar lands in pursuit of a safer and more beautiful life. The animated film &#8220;Numbers&#8221; reminds us that humans are not mere statistics, but living beings.<\/p>\n\n\n\n<p><strong>Director Biography &#8211;<\/strong>&nbsp;Deniz T\u00fcrker<\/p>\n\n\n\n<figure class=\"wp-block-image size-full is-resized\"><img decoding=\"async\" src=\"data:image\/gif;base64,R0lGODlhAQABAAAAACH5BAEKAAEALAAAAAABAAEAAAICTAEAOw==\" data-layzr=\"https:\/\/imefilmfest.com\/wp-content\/uploads\/2024\/07\/Deniz-Turker.jpg\" alt=\"\" class=\"wp-image-3665\" style=\"width:451px;height:auto\"\/><\/figure>\n\n\n\n<p><a href=\"https:\/\/filmfreeway-production-storage-01-storage.filmfreeway.com\/press_kits\/headshots\/002\/481\/345\/original\/e6a350a049-headshot.jpg?1698323243\"><\/a><\/p>\n\n\n\n<p>Illustrator and animation artist Deniz T\u00fcrker was born in 1995, in Istanbul&#8217;s Beykoz district. After completing her primary and high schools there, she went to Ankara for university. She graduated from Gazi University, Faculty of Commucation, Department of Radio, Television and Cinema in 2017. T\u00fcrker who is doing video editings, after taking digital drawing education also made drawings for various children books. Then combining these two fields she turned to animation. Firstly she performed the drawings and animations of the documentary &#8216;Genocide is Its Name&#8217; directed by T\u00fclay G\u00f6k\u00e7imen. Finally she worked for a year on her first professional work in the animation field, &#8220;Numbers&#8221;. The film received various awards at festivals and continues to do so. She continues her works at the field to ensure every person in the world reach their fundamental rights and freedoms.<\/p>\n","protected":false},"excerpt":{"rendered":"<p>Directed by Deniz T\u00fcrker Country of Origin Turkey Runtime 9:05 Category Animation The poignant story of migrants who are forced to leave their countries due to wars, conflicts, occupation, or chronic poverty, embarking on a journey towards unfamiliar lands in pursuit of a safer and more beautiful life. The animated film &#8220;Numbers&#8221; reminds us that &hellip; <\/p>\n","protected":false},"author":1,"featured_media":3234,"parent":0,"menu_order":0,"comment_status":"closed","ping_status":"closed","template":"","meta":{"pgc_sgb_lightbox_settings":"","footnotes":""},"class_list":["post-3664","page","type-page","status-publish","has-post-thumbnail","hentry","latest_post"],"yoast_head":"<!-- This site is optimized with the Yoast SEO plugin v23.1 - https:\/\/yoast.com\/wordpress\/plugins\/seo\/ -->\n<title>NUMBERS - International Migration &amp; Environmental Film Festival<\/title>\n<meta name=\"robots\" content=\"index, follow, max-snippet:-1, max-image-preview:large, max-video-preview:-1\" \/>\n<link rel=\"canonical\" href=\"https:\/\/imefilmfest.com\/international-migration-&-environmental-film-festival\/numbers\/\" \/>\n<meta property=\"og:locale\" content=\"en_US\" \/>\n<meta property=\"og:type\" content=\"article\" \/>\n<meta property=\"og:title\" content=\"NUMBERS - International Migration &amp; Environmental Film Festival\" \/>\n<meta property=\"og:description\" content=\"Directed by Deniz T\u00fcrker Country of Origin Turkey Runtime 9:05 Category Animation The poignant story of migrants who are forced to leave their countries due to wars, conflicts, occupation, or chronic poverty, embarking on a journey towards unfamiliar lands in pursuit of a safer and more beautiful life. The animated film &#8220;Numbers&#8221; reminds us that &hellip;\" \/>\n<meta property=\"og:url\" content=\"https:\/\/imefilmfest.com\/international-migration-&amp;-environmental-film-festival\/numbers\/\" \/>\n<meta property=\"og:site_name\" content=\"International Migration &amp; Environmental Film Festival\" \/>\n<meta property=\"article:publisher\" content=\"https:\/\/m.facebook.com\/imefilmfest\/\" \/>\n<meta property=\"article:modified_time\" content=\"2024-07-30T03:12:22+00:00\" \/>\n<meta property=\"og:image\" content=\"https:\/\/imefilmfest.com\/wp-content\/uploads\/2024\/07\/NUMBERS.jpg\" \/>\n\t<meta property=\"og:image:width\" content=\"533\" \/>\n\t<meta property=\"og:image:height\" content=\"800\" \/>\n\t<meta property=\"og:image:type\" content=\"image\/jpeg\" \/>\n<meta name=\"twitter:card\" content=\"summary_large_image\" \/>\n<meta name=\"twitter:label1\" content=\"Est. reading time\" \/>\n\t<meta name=\"twitter:data1\" content=\"1 minute\" \/>\n<script type=\"application\/ld+json\" class=\"yoast-schema-graph\">{\"@context\":\"https:\/\/schema.org\",\"@graph\":[{\"@type\":\"WebPage\",\"@id\":\"https:\/\/imefilmfest.com\/international-migration-&-environmental-film-festival\/numbers\/\",\"url\":\"https:\/\/imefilmfest.com\/international-migration-&-environmental-film-festival\/numbers\/\",\"name\":\"NUMBERS - International Migration &amp; Environmental Film Festival\",\"isPartOf\":{\"@id\":\"https:\/\/imefilmfest.com\/international-migration-&-environmental-film-festival\/#website\"},\"primaryImageOfPage\":{\"@id\":\"https:\/\/imefilmfest.com\/international-migration-&-environmental-film-festival\/numbers\/#primaryimage\"},\"image\":{\"@id\":\"https:\/\/imefilmfest.com\/international-migration-&-environmental-film-festival\/numbers\/#primaryimage\"},\"thumbnailUrl\":\"https:\/\/imefilmfest.com\/wp-content\/uploads\/2024\/07\/NUMBERS.jpg\",\"datePublished\":\"2024-07-28T15:05:29+00:00\",\"dateModified\":\"2024-07-30T03:12:22+00:00\",\"breadcrumb\":{\"@id\":\"https:\/\/imefilmfest.com\/international-migration-&-environmental-film-festival\/numbers\/#breadcrumb\"},\"inLanguage\":\"en-US\",\"potentialAction\":[{\"@type\":\"ReadAction\",\"target\":[\"https:\/\/imefilmfest.com\/international-migration-&-environmental-film-festival\/numbers\/\"]}]},{\"@type\":\"ImageObject\",\"inLanguage\":\"en-US\",\"@id\":\"https:\/\/imefilmfest.com\/international-migration-&-environmental-film-festival\/numbers\/#primaryimage\",\"url\":\"https:\/\/imefilmfest.com\/wp-content\/uploads\/2024\/07\/NUMBERS.jpg\",\"contentUrl\":\"https:\/\/imefilmfest.com\/wp-content\/uploads\/2024\/07\/NUMBERS.jpg\",\"width\":533,\"height\":800},{\"@type\":\"BreadcrumbList\",\"@id\":\"https:\/\/imefilmfest.com\/international-migration-&-environmental-film-festival\/numbers\/#breadcrumb\",\"itemListElement\":[{\"@type\":\"ListItem\",\"position\":1,\"name\":\"Home\",\"item\":\"https:\/\/imefilmfest.com\/international-migration-&-environmental-film-festival\/home\/\"},{\"@type\":\"ListItem\",\"position\":2,\"name\":\"NUMBERS\"}]},{\"@type\":\"WebSite\",\"@id\":\"https:\/\/imefilmfest.com\/international-migration-&-environmental-film-festival\/#website\",\"url\":\"https:\/\/imefilmfest.com\/international-migration-&-environmental-film-festival\/\",\"name\":\"International Migration & Environmental Film Festival\",\"description\":\"North America&#039;s Largest Film Festival on Migration and Environment Sustainability\",\"publisher\":{\"@id\":\"https:\/\/imefilmfest.com\/international-migration-&-environmental-film-festival\/#organization\"},\"potentialAction\":[{\"@type\":\"SearchAction\",\"target\":{\"@type\":\"EntryPoint\",\"urlTemplate\":\"https:\/\/imefilmfest.com\/international-migration-&-environmental-film-festival\/?s={search_term_string}\"},\"query-input\":\"required name=search_term_string\"}],\"inLanguage\":\"en-US\"},{\"@type\":\"Organization\",\"@id\":\"https:\/\/imefilmfest.com\/international-migration-&-environmental-film-festival\/#organization\",\"name\":\"International Migration & Environmental Film Festival\",\"url\":\"https:\/\/imefilmfest.com\/international-migration-&-environmental-film-festival\/\",\"logo\":{\"@type\":\"ImageObject\",\"inLanguage\":\"en-US\",\"@id\":\"https:\/\/imefilmfest.com\/international-migration-&-environmental-film-festival\/#\/schema\/logo\/image\/\",\"url\":\"https:\/\/imefilmfest.com\/wp-content\/uploads\/2021\/09\/IMEFF-i-1-scaled.jpg\",\"contentUrl\":\"https:\/\/imefilmfest.com\/wp-content\/uploads\/2021\/09\/IMEFF-i-1-scaled.jpg\",\"width\":2560,\"height\":2560,\"caption\":\"International Migration & Environmental Film Festival\"},\"image\":{\"@id\":\"https:\/\/imefilmfest.com\/international-migration-&-environmental-film-festival\/#\/schema\/logo\/image\/\"},\"sameAs\":[\"https:\/\/m.facebook.com\/imefilmfest\/\"]}]}<\/script>\n<!-- \/ Yoast SEO plugin. -->","yoast_head_json":{"title":"NUMBERS - International Migration &amp; Environmental Film Festival","robots":{"index":"index","follow":"follow","max-snippet":"max-snippet:-1","max-image-preview":"max-image-preview:large","max-video-preview":"max-video-preview:-1"},"canonical":"https:\/\/imefilmfest.com\/international-migration-&-environmental-film-festival\/numbers\/","og_locale":"en_US","og_type":"article","og_title":"NUMBERS - International Migration &amp; Environmental Film Festival","og_description":"Directed by Deniz T\u00fcrker Country of Origin Turkey Runtime 9:05 Category Animation The poignant story of migrants who are forced to leave their countries due to wars, conflicts, occupation, or chronic poverty, embarking on a journey towards unfamiliar lands in pursuit of a safer and more beautiful life. The animated film &#8220;Numbers&#8221; reminds us that &hellip;","og_url":"https:\/\/imefilmfest.com\/international-migration-&-environmental-film-festival\/numbers\/","og_site_name":"International Migration &amp; Environmental Film Festival","article_publisher":"https:\/\/m.facebook.com\/imefilmfest\/","article_modified_time":"2024-07-30T03:12:22+00:00","og_image":[{"width":533,"height":800,"url":"https:\/\/imefilmfest.com\/wp-content\/uploads\/2024\/07\/NUMBERS.jpg","type":"image\/jpeg"}],"twitter_card":"summary_large_image","twitter_misc":{"Est. reading time":"1 minute"},"schema":{"@context":"https:\/\/schema.org","@graph":[{"@type":"WebPage","@id":"https:\/\/imefilmfest.com\/international-migration-&-environmental-film-festival\/numbers\/","url":"https:\/\/imefilmfest.com\/international-migration-&-environmental-film-festival\/numbers\/","name":"NUMBERS - International Migration &amp; Environmental Film Festival","isPartOf":{"@id":"https:\/\/imefilmfest.com\/international-migration-&-environmental-film-festival\/#website"},"primaryImageOfPage":{"@id":"https:\/\/imefilmfest.com\/international-migration-&-environmental-film-festival\/numbers\/#primaryimage"},"image":{"@id":"https:\/\/imefilmfest.com\/international-migration-&-environmental-film-festival\/numbers\/#primaryimage"},"thumbnailUrl":"https:\/\/imefilmfest.com\/wp-content\/uploads\/2024\/07\/NUMBERS.jpg","datePublished":"2024-07-28T15:05:29+00:00","dateModified":"2024-07-30T03:12:22+00:00","breadcrumb":{"@id":"https:\/\/imefilmfest.com\/international-migration-&-environmental-film-festival\/numbers\/#breadcrumb"},"inLanguage":"en-US","potentialAction":[{"@type":"ReadAction","target":["https:\/\/imefilmfest.com\/international-migration-&-environmental-film-festival\/numbers\/"]}]},{"@type":"ImageObject","inLanguage":"en-US","@id":"https:\/\/imefilmfest.com\/international-migration-&-environmental-film-festival\/numbers\/#primaryimage","url":"https:\/\/imefilmfest.com\/wp-content\/uploads\/2024\/07\/NUMBERS.jpg","contentUrl":"https:\/\/imefilmfest.com\/wp-content\/uploads\/2024\/07\/NUMBERS.jpg","width":533,"height":800},{"@type":"BreadcrumbList","@id":"https:\/\/imefilmfest.com\/international-migration-&-environmental-film-festival\/numbers\/#breadcrumb","itemListElement":[{"@type":"ListItem","position":1,"name":"Home","item":"https:\/\/imefilmfest.com\/international-migration-&-environmental-film-festival\/home\/"},{"@type":"ListItem","position":2,"name":"NUMBERS"}]},{"@type":"WebSite","@id":"https:\/\/imefilmfest.com\/international-migration-&-environmental-film-festival\/#website","url":"https:\/\/imefilmfest.com\/international-migration-&-environmental-film-festival\/","name":"International Migration & Environmental Film Festival","description":"North America&#039;s Largest Film Festival on Migration and Environment Sustainability","publisher":{"@id":"https:\/\/imefilmfest.com\/international-migration-&-environmental-film-festival\/#organization"},"potentialAction":[{"@type":"SearchAction","target":{"@type":"EntryPoint","urlTemplate":"https:\/\/imefilmfest.com\/international-migration-&-environmental-film-festival\/?s={search_term_string}"},"query-input":"required name=search_term_string"}],"inLanguage":"en-US"},{"@type":"Organization","@id":"https:\/\/imefilmfest.com\/international-migration-&-environmental-film-festival\/#organization","name":"International Migration & Environmental Film Festival","url":"https:\/\/imefilmfest.com\/international-migration-&-environmental-film-festival\/","logo":{"@type":"ImageObject","inLanguage":"en-US","@id":"https:\/\/imefilmfest.com\/international-migration-&-environmental-film-festival\/#\/schema\/logo\/image\/","url":"https:\/\/imefilmfest.com\/wp-content\/uploads\/2021\/09\/IMEFF-i-1-scaled.jpg","contentUrl":"https:\/\/imefilmfest.com\/wp-content\/uploads\/2021\/09\/IMEFF-i-1-scaled.jpg","width":2560,"height":2560,"caption":"International Migration & Environmental Film Festival"},"image":{"@id":"https:\/\/imefilmfest.com\/international-migration-&-environmental-film-festival\/#\/schema\/logo\/image\/"},"sameAs":["https:\/\/m.facebook.com\/imefilmfest\/"]}]}},"_links":{"self":[{"href":"https:\/\/imefilmfest.com\/international-migration-&-environmental-film-festival\/wp-json\/wp\/v2\/pages\/3664","targetHints":{"allow":["GET"]}}],"collection":[{"href":"https:\/\/imefilmfest.com\/international-migration-&-environmental-film-festival\/wp-json\/wp\/v2\/pages"}],"about":[{"href":"https:\/\/imefilmfest.com\/international-migration-&-environmental-film-festival\/wp-json\/wp\/v2\/types\/page"}],"author":[{"embeddable":true,"href":"https:\/\/imefilmfest.com\/international-migration-&-environmental-film-festival\/wp-json\/wp\/v2\/users\/1"}],"replies":[{"embeddable":true,"href":"https:\/\/imefilmfest.com\/international-migration-&-environmental-film-festival\/wp-json\/wp\/v2\/comments?post=3664"}],"version-history":[{"count":2,"href":"https:\/\/imefilmfest.com\/international-migration-&-environmental-film-festival\/wp-json\/wp\/v2\/pages\/3664\/revisions"}],"predecessor-version":[{"id":3884,"href":"https:\/\/imefilmfest.com\/international-migration-&-environmental-film-festival\/wp-json\/wp\/v2\/pages\/3664\/revisions\/3884"}],"wp:featuredmedia":[{"embeddable":true,"href":"https:\/\/imefilmfest.com\/international-migration-&-environmental-film-festival\/wp-json\/wp\/v2\/media\/3234"}],"wp:attachment":[{"href":"https:\/\/imefilmfest.com\/international-migration-&-environmental-film-festival\/wp-json\/wp\/v2\/media?parent=3664"}],"curies":[{"name":"wp","href":"https:\/\/api.w.org\/{rel}","templated":true}]}}