{"id":4058,"date":"2024-07-31T01:05:03","date_gmt":"2024-07-31T01:05:03","guid":{"rendered":"https:\/\/imefilmfest.com\/international-migration-&#038;-environmental-film-festival\/?page_id=4058"},"modified":"2024-07-31T01:05:03","modified_gmt":"2024-07-31T01:05:03","slug":"danzantes-del-alba","status":"publish","type":"page","link":"https:\/\/imefilmfest.com\/international-migration-&-environmental-film-festival\/danzantes-del-alba\/","title":{"rendered":"Danzantes del Alba"},"content":{"rendered":"\n<h5 class=\"wp-block-heading\">Directed by<\/h5>\n\n\n\n<p> Jorge Arturo Vargas<\/p>\n\n\n\n<h5 class=\"wp-block-heading\">Country of Origin<\/h5>\n\n\n\n<p>Mexico<\/p>\n\n\n\n<h5 class=\"wp-block-heading\">Runtime<\/h5>\n\n\n\n<p>38:00<\/p>\n\n\n\n<h5 class=\"wp-block-heading\">Category<\/h5>\n\n\n\n<p><a href=\"https:\/\/filmfreeway.com\/submissions\/26989610#ff_javascript\"><\/a>Documentary<\/p>\n\n\n\n<p>An artistic investigation aimed at questioning the modes of labor exploitation in the twilight of neoliberalism; work, bodies, machines, mobilities ,lives and objects.<\/p>\n\n\n\n<p><strong>Director Biography <\/strong>&#8211;\u00a0Jorge Arturo Vargas<\/p>\n\n\n\n<figure class=\"wp-block-image size-full is-resized\"><img decoding=\"async\" src=\"data:image\/gif;base64,R0lGODlhAQABAAAAACH5BAEKAAEALAAAAAABAAEAAAICTAEAOw==\" data-layzr=\"https:\/\/imefilmfest.com\/wp-content\/uploads\/2024\/07\/Jorge-Arturo-Vargas.jpg\" alt=\"\" class=\"wp-image-4059\" style=\"width:489px;height:auto\"\/><\/figure>\n\n\n\n<p><a href=\"https:\/\/filmfreeway-production-storage-01-storage.filmfreeway.com\/press_kits\/headshots\/002\/506\/535\/original\/254ed7d640-headshot.jpg?1694373366\"><\/a>Teatro L\u00ednea de Sombra bio and Jorge Vargas \u2013 Artistic Director<br>Jorge Vargas (b 1958) has been the artistic director of Teatro L\u00ednea de Sombra (Shadow Line Theatre) since its inception in 1993. In the mid 1980s he studied at \u00c9cole de Mime Corporel Dramatique of Ettiene Decroux in Paris, which led to his first work, Galer\u00eda de Moribundos (Gallery of dying men), which established Vargas in physical and visual theater in M\u00e9xico City. He subsequently trained with the International Theatre School for Latin America and the Caribbean in Havana, Cuba (1990), and Tlaxcala, Mexico (1994.) Until 2010, he alternated between devising experimental theater and directing plays written by authors such as Roland Schimmelpfenning, Jon Fosse, Anthony Neilson, Neil LaButte and Lars Nor\u00e9n. The Association of Theater Writers and Critics (UCCCT) twice recognized Vargas and Teatro L\u00ednea de Sombra (TLS) with Best Theatre Group in the Provinces (1982, 1991), and Vargas with two awards for Best Research Theatre Director (2001, 2005).<\/p>\n","protected":false},"excerpt":{"rendered":"<p>Directed by Jorge Arturo Vargas Country of Origin Mexico Runtime 38:00 Category Documentary An artistic investigation aimed at questioning the modes of labor exploitation in the twilight of neoliberalism; work, bodies, machines, mobilities ,lives and objects. Director Biography &#8211;\u00a0Jorge Arturo Vargas Teatro L\u00ednea de Sombra bio and Jorge Vargas \u2013 Artistic DirectorJorge Vargas (b 1958) &hellip; <\/p>\n","protected":false},"author":1,"featured_media":3176,"parent":0,"menu_order":0,"comment_status":"closed","ping_status":"closed","template":"","meta":{"pgc_sgb_lightbox_settings":"","footnotes":""},"class_list":["post-4058","page","type-page","status-publish","has-post-thumbnail","hentry","latest_post"],"yoast_head":"<!-- This site is optimized with the Yoast SEO plugin v23.1 - https:\/\/yoast.com\/wordpress\/plugins\/seo\/ -->\n<title>Danzantes del Alba - International Migration &amp; Environmental Film Festival<\/title>\n<meta name=\"robots\" content=\"index, follow, max-snippet:-1, max-image-preview:large, max-video-preview:-1\" \/>\n<link rel=\"canonical\" href=\"https:\/\/imefilmfest.com\/international-migration-&-environmental-film-festival\/danzantes-del-alba\/\" \/>\n<meta property=\"og:locale\" content=\"en_US\" \/>\n<meta property=\"og:type\" content=\"article\" \/>\n<meta property=\"og:title\" content=\"Danzantes del Alba - International Migration &amp; Environmental Film Festival\" \/>\n<meta property=\"og:description\" content=\"Directed by Jorge Arturo Vargas Country of Origin Mexico Runtime 38:00 Category Documentary An artistic investigation aimed at questioning the modes of labor exploitation in the twilight of neoliberalism; work, bodies, machines, mobilities ,lives and objects. Director Biography &#8211;\u00a0Jorge Arturo Vargas Teatro L\u00ednea de Sombra bio and Jorge Vargas \u2013 Artistic DirectorJorge Vargas (b 1958) &hellip;\" \/>\n<meta property=\"og:url\" content=\"https:\/\/imefilmfest.com\/international-migration-&amp;-environmental-film-festival\/danzantes-del-alba\/\" \/>\n<meta property=\"og:site_name\" content=\"International Migration &amp; Environmental Film Festival\" \/>\n<meta property=\"article:publisher\" content=\"https:\/\/m.facebook.com\/imefilmfest\/\" \/>\n<meta property=\"og:image\" content=\"https:\/\/imefilmfest.com\/wp-content\/uploads\/2024\/07\/Danzantes-del-Alba.jpg\" \/>\n\t<meta property=\"og:image:width\" content=\"518\" \/>\n\t<meta property=\"og:image:height\" content=\"800\" \/>\n\t<meta property=\"og:image:type\" content=\"image\/jpeg\" \/>\n<meta name=\"twitter:card\" content=\"summary_large_image\" \/>\n<meta name=\"twitter:label1\" content=\"Est. reading time\" \/>\n\t<meta name=\"twitter:data1\" content=\"1 minute\" \/>\n<script type=\"application\/ld+json\" class=\"yoast-schema-graph\">{\"@context\":\"https:\/\/schema.org\",\"@graph\":[{\"@type\":\"WebPage\",\"@id\":\"https:\/\/imefilmfest.com\/international-migration-&-environmental-film-festival\/danzantes-del-alba\/\",\"url\":\"https:\/\/imefilmfest.com\/international-migration-&-environmental-film-festival\/danzantes-del-alba\/\",\"name\":\"Danzantes del Alba - International Migration &amp; Environmental Film Festival\",\"isPartOf\":{\"@id\":\"https:\/\/imefilmfest.com\/international-migration-&-environmental-film-festival\/#website\"},\"primaryImageOfPage\":{\"@id\":\"https:\/\/imefilmfest.com\/international-migration-&-environmental-film-festival\/danzantes-del-alba\/#primaryimage\"},\"image\":{\"@id\":\"https:\/\/imefilmfest.com\/international-migration-&-environmental-film-festival\/danzantes-del-alba\/#primaryimage\"},\"thumbnailUrl\":\"https:\/\/imefilmfest.com\/wp-content\/uploads\/2024\/07\/Danzantes-del-Alba.jpg\",\"datePublished\":\"2024-07-31T01:05:03+00:00\",\"dateModified\":\"2024-07-31T01:05:03+00:00\",\"breadcrumb\":{\"@id\":\"https:\/\/imefilmfest.com\/international-migration-&-environmental-film-festival\/danzantes-del-alba\/#breadcrumb\"},\"inLanguage\":\"en-US\",\"potentialAction\":[{\"@type\":\"ReadAction\",\"target\":[\"https:\/\/imefilmfest.com\/international-migration-&-environmental-film-festival\/danzantes-del-alba\/\"]}]},{\"@type\":\"ImageObject\",\"inLanguage\":\"en-US\",\"@id\":\"https:\/\/imefilmfest.com\/international-migration-&-environmental-film-festival\/danzantes-del-alba\/#primaryimage\",\"url\":\"https:\/\/imefilmfest.com\/wp-content\/uploads\/2024\/07\/Danzantes-del-Alba.jpg\",\"contentUrl\":\"https:\/\/imefilmfest.com\/wp-content\/uploads\/2024\/07\/Danzantes-del-Alba.jpg\",\"width\":518,\"height\":800},{\"@type\":\"BreadcrumbList\",\"@id\":\"https:\/\/imefilmfest.com\/international-migration-&-environmental-film-festival\/danzantes-del-alba\/#breadcrumb\",\"itemListElement\":[{\"@type\":\"ListItem\",\"position\":1,\"name\":\"Home\",\"item\":\"https:\/\/imefilmfest.com\/international-migration-&-environmental-film-festival\/home\/\"},{\"@type\":\"ListItem\",\"position\":2,\"name\":\"Danzantes del Alba\"}]},{\"@type\":\"WebSite\",\"@id\":\"https:\/\/imefilmfest.com\/international-migration-&-environmental-film-festival\/#website\",\"url\":\"https:\/\/imefilmfest.com\/international-migration-&-environmental-film-festival\/\",\"name\":\"International Migration & Environmental Film Festival\",\"description\":\"North America&#039;s Largest Film Festival on Migration and Environment Sustainability\",\"publisher\":{\"@id\":\"https:\/\/imefilmfest.com\/international-migration-&-environmental-film-festival\/#organization\"},\"potentialAction\":[{\"@type\":\"SearchAction\",\"target\":{\"@type\":\"EntryPoint\",\"urlTemplate\":\"https:\/\/imefilmfest.com\/international-migration-&-environmental-film-festival\/?s={search_term_string}\"},\"query-input\":\"required name=search_term_string\"}],\"inLanguage\":\"en-US\"},{\"@type\":\"Organization\",\"@id\":\"https:\/\/imefilmfest.com\/international-migration-&-environmental-film-festival\/#organization\",\"name\":\"International Migration & Environmental Film Festival\",\"url\":\"https:\/\/imefilmfest.com\/international-migration-&-environmental-film-festival\/\",\"logo\":{\"@type\":\"ImageObject\",\"inLanguage\":\"en-US\",\"@id\":\"https:\/\/imefilmfest.com\/international-migration-&-environmental-film-festival\/#\/schema\/logo\/image\/\",\"url\":\"https:\/\/imefilmfest.com\/wp-content\/uploads\/2021\/09\/IMEFF-i-1-scaled.jpg\",\"contentUrl\":\"https:\/\/imefilmfest.com\/wp-content\/uploads\/2021\/09\/IMEFF-i-1-scaled.jpg\",\"width\":2560,\"height\":2560,\"caption\":\"International Migration & Environmental Film Festival\"},\"image\":{\"@id\":\"https:\/\/imefilmfest.com\/international-migration-&-environmental-film-festival\/#\/schema\/logo\/image\/\"},\"sameAs\":[\"https:\/\/m.facebook.com\/imefilmfest\/\"]}]}<\/script>\n<!-- \/ Yoast SEO plugin. -->","yoast_head_json":{"title":"Danzantes del Alba - International Migration &amp; Environmental Film Festival","robots":{"index":"index","follow":"follow","max-snippet":"max-snippet:-1","max-image-preview":"max-image-preview:large","max-video-preview":"max-video-preview:-1"},"canonical":"https:\/\/imefilmfest.com\/international-migration-&-environmental-film-festival\/danzantes-del-alba\/","og_locale":"en_US","og_type":"article","og_title":"Danzantes del Alba - International Migration &amp; Environmental Film Festival","og_description":"Directed by Jorge Arturo Vargas Country of Origin Mexico Runtime 38:00 Category Documentary An artistic investigation aimed at questioning the modes of labor exploitation in the twilight of neoliberalism; work, bodies, machines, mobilities ,lives and objects. Director Biography &#8211;\u00a0Jorge Arturo Vargas Teatro L\u00ednea de Sombra bio and Jorge Vargas \u2013 Artistic DirectorJorge Vargas (b 1958) &hellip;","og_url":"https:\/\/imefilmfest.com\/international-migration-&-environmental-film-festival\/danzantes-del-alba\/","og_site_name":"International Migration &amp; Environmental Film Festival","article_publisher":"https:\/\/m.facebook.com\/imefilmfest\/","og_image":[{"width":518,"height":800,"url":"https:\/\/imefilmfest.com\/wp-content\/uploads\/2024\/07\/Danzantes-del-Alba.jpg","type":"image\/jpeg"}],"twitter_card":"summary_large_image","twitter_misc":{"Est. reading time":"1 minute"},"schema":{"@context":"https:\/\/schema.org","@graph":[{"@type":"WebPage","@id":"https:\/\/imefilmfest.com\/international-migration-&-environmental-film-festival\/danzantes-del-alba\/","url":"https:\/\/imefilmfest.com\/international-migration-&-environmental-film-festival\/danzantes-del-alba\/","name":"Danzantes del Alba - International Migration &amp; Environmental Film Festival","isPartOf":{"@id":"https:\/\/imefilmfest.com\/international-migration-&-environmental-film-festival\/#website"},"primaryImageOfPage":{"@id":"https:\/\/imefilmfest.com\/international-migration-&-environmental-film-festival\/danzantes-del-alba\/#primaryimage"},"image":{"@id":"https:\/\/imefilmfest.com\/international-migration-&-environmental-film-festival\/danzantes-del-alba\/#primaryimage"},"thumbnailUrl":"https:\/\/imefilmfest.com\/wp-content\/uploads\/2024\/07\/Danzantes-del-Alba.jpg","datePublished":"2024-07-31T01:05:03+00:00","dateModified":"2024-07-31T01:05:03+00:00","breadcrumb":{"@id":"https:\/\/imefilmfest.com\/international-migration-&-environmental-film-festival\/danzantes-del-alba\/#breadcrumb"},"inLanguage":"en-US","potentialAction":[{"@type":"ReadAction","target":["https:\/\/imefilmfest.com\/international-migration-&-environmental-film-festival\/danzantes-del-alba\/"]}]},{"@type":"ImageObject","inLanguage":"en-US","@id":"https:\/\/imefilmfest.com\/international-migration-&-environmental-film-festival\/danzantes-del-alba\/#primaryimage","url":"https:\/\/imefilmfest.com\/wp-content\/uploads\/2024\/07\/Danzantes-del-Alba.jpg","contentUrl":"https:\/\/imefilmfest.com\/wp-content\/uploads\/2024\/07\/Danzantes-del-Alba.jpg","width":518,"height":800},{"@type":"BreadcrumbList","@id":"https:\/\/imefilmfest.com\/international-migration-&-environmental-film-festival\/danzantes-del-alba\/#breadcrumb","itemListElement":[{"@type":"ListItem","position":1,"name":"Home","item":"https:\/\/imefilmfest.com\/international-migration-&-environmental-film-festival\/home\/"},{"@type":"ListItem","position":2,"name":"Danzantes del Alba"}]},{"@type":"WebSite","@id":"https:\/\/imefilmfest.com\/international-migration-&-environmental-film-festival\/#website","url":"https:\/\/imefilmfest.com\/international-migration-&-environmental-film-festival\/","name":"International Migration & Environmental Film Festival","description":"North America&#039;s Largest Film Festival on Migration and Environment Sustainability","publisher":{"@id":"https:\/\/imefilmfest.com\/international-migration-&-environmental-film-festival\/#organization"},"potentialAction":[{"@type":"SearchAction","target":{"@type":"EntryPoint","urlTemplate":"https:\/\/imefilmfest.com\/international-migration-&-environmental-film-festival\/?s={search_term_string}"},"query-input":"required name=search_term_string"}],"inLanguage":"en-US"},{"@type":"Organization","@id":"https:\/\/imefilmfest.com\/international-migration-&-environmental-film-festival\/#organization","name":"International Migration & Environmental Film Festival","url":"https:\/\/imefilmfest.com\/international-migration-&-environmental-film-festival\/","logo":{"@type":"ImageObject","inLanguage":"en-US","@id":"https:\/\/imefilmfest.com\/international-migration-&-environmental-film-festival\/#\/schema\/logo\/image\/","url":"https:\/\/imefilmfest.com\/wp-content\/uploads\/2021\/09\/IMEFF-i-1-scaled.jpg","contentUrl":"https:\/\/imefilmfest.com\/wp-content\/uploads\/2021\/09\/IMEFF-i-1-scaled.jpg","width":2560,"height":2560,"caption":"International Migration & Environmental Film Festival"},"image":{"@id":"https:\/\/imefilmfest.com\/international-migration-&-environmental-film-festival\/#\/schema\/logo\/image\/"},"sameAs":["https:\/\/m.facebook.com\/imefilmfest\/"]}]}},"_links":{"self":[{"href":"https:\/\/imefilmfest.com\/international-migration-&-environmental-film-festival\/wp-json\/wp\/v2\/pages\/4058","targetHints":{"allow":["GET"]}}],"collection":[{"href":"https:\/\/imefilmfest.com\/international-migration-&-environmental-film-festival\/wp-json\/wp\/v2\/pages"}],"about":[{"href":"https:\/\/imefilmfest.com\/international-migration-&-environmental-film-festival\/wp-json\/wp\/v2\/types\/page"}],"author":[{"embeddable":true,"href":"https:\/\/imefilmfest.com\/international-migration-&-environmental-film-festival\/wp-json\/wp\/v2\/users\/1"}],"replies":[{"embeddable":true,"href":"https:\/\/imefilmfest.com\/international-migration-&-environmental-film-festival\/wp-json\/wp\/v2\/comments?post=4058"}],"version-history":[{"count":1,"href":"https:\/\/imefilmfest.com\/international-migration-&-environmental-film-festival\/wp-json\/wp\/v2\/pages\/4058\/revisions"}],"predecessor-version":[{"id":4060,"href":"https:\/\/imefilmfest.com\/international-migration-&-environmental-film-festival\/wp-json\/wp\/v2\/pages\/4058\/revisions\/4060"}],"wp:featuredmedia":[{"embeddable":true,"href":"https:\/\/imefilmfest.com\/international-migration-&-environmental-film-festival\/wp-json\/wp\/v2\/media\/3176"}],"wp:attachment":[{"href":"https:\/\/imefilmfest.com\/international-migration-&-environmental-film-festival\/wp-json\/wp\/v2\/media?parent=4058"}],"curies":[{"name":"wp","href":"https:\/\/api.w.org\/{rel}","templated":true}]}}