{"id":523,"date":"2021-09-03T05:16:06","date_gmt":"2021-09-03T05:16:06","guid":{"rendered":"https:\/\/imefilmfest.com\/international-migration-environmental-film-festival\/?page_id=523"},"modified":"2021-09-03T05:16:07","modified_gmt":"2021-09-03T05:16:07","slug":"imeff-2021-official-leon-felipe-the-pilgrim-poet-by-agustin-remesal","status":"publish","type":"page","link":"https:\/\/imefilmfest.com\/international-migration-&-environmental-film-festival\/imeff-2021-official-leon-felipe-the-pilgrim-poet-by-agustin-remesal\/","title":{"rendered":"Leon Felipe. The Pilgrim poet."},"content":{"rendered":"\n<figure class=\"wp-block-image size-full is-resized\"><img fetchpriority=\"high\" decoding=\"async\" src=\"data:image\/gif;base64,R0lGODlhAQABAAAAACH5BAEKAAEALAAAAAABAAEAAAICTAEAOw==\" data-layzr=\"https:\/\/imefilmfest.com\/wp-content\/uploads\/2021\/09\/Leon-Felipe-poster-1.jpeg\" alt=\"\" class=\"wp-image-524\" width=\"330\" height=\"461\"\/><\/figure>\n\n\n\n<h5 class=\"wp-block-heading\">Directed by Agust\u00edn Remesal P\u00e9rez<\/h5>\n\n\n\n<h5 class=\"wp-block-heading\">Country of Origin- Spain<\/h5>\n\n\n\n<h5 class=\"wp-block-heading\">Runtime- 01:19:26<a href=\"https:\/\/storage.googleapis.com\/ff-storage-p01\/press_kits\/posters\/001\/868\/314\/original\/13d88836ca-poster.jpg?1626253782\"><\/a><\/h5>\n\n\n\n<p>Film about the life and work of the great Spanish poet Le\u00f3n Felipe.\u00a0talking about his social and political commitment and his international travel.<\/p>\n\n\n\n<p><\/p>\n\n\n\n<p><strong>Director Biography &#8211;\u00a0Agust\u00edn Remesal P\u00e9rez<\/strong><a href=\"https:\/\/storage.googleapis.com\/ff-storage-p01\/press_kits\/headshots\/001\/868\/314\/original\/a3d864e999-headshot.jpg?1626255285\"><\/a><\/p>\n\n\n\n<p><br>He was born in the Zamora town of Gema in 1947. He obtained degrees in CC.\u00a0Politics and Sociology and Journalism (Complutense University) and the title of Programming at the RTVE School.\u00a0He joined RTVE as a journalist in 1975 and spent his entire career on Radio Nacional de Espa\u00f1a and Televisi\u00f3n Espa\u00f1ola.\u00a0Specialized in international information, he served as a foreign correspondent and special envoy since 1983, with destinations in Rome, Paris, New York, London, Angola, Lisbon, Jerusalem and Lebanon.\u00a0Between 1994 and 1996, he hosted the informative space &#8216;The reader&#8217;, on La 2 de TVE.\u00a0He directed and wrote the scripts for several documentary series and long reports for TVE, among them \u201cLa Raya Quebrada\u201d, \u201cRibadelago: chronicle of a tragedy\u201d, \u201cAmazonas: the skin of the jungle\u201d, \u201cBaltasar Lobo: the solitude of the sculptor \u201dAnd\u201c Le\u00f3n Felipe:\u00a0the pilgrim poet \u201d.\u00a0He has collaborated with articles on history and travel topics in GEO and National Geographic magazines among others, and has published hundreds of articles on international politics in various newspapers.\u00a0He is the author of a dozen books of a historical nature, among which are &#8216;Gaza, a prison without a roof&#8217;, &#8216;A banquet for the gods&#8217;,&#8217; The enigma of Maine, \u201cThrough the lands of Portugal\u201d and \u201cUnusual Zamora\u201d.\u00a0He has been distinguished with several journalistic awards, including the Eduardo de Louren\u00e7o Award (2003) and the Francisco de Coss\u00edo Award (2009) for professional career.\u00a0He is the author of a dozen books of a historical nature, among which are &#8216;Gaza, a prison without a roof&#8217;, &#8216;A banquet for the gods&#8217;,&#8217; The Maine enigma, &#8216;Through the lands of Portugal&#8217; and &#8216;Unusual Zamora&#8217;.\u00a0He has been distinguished with several journalistic awards, including the Eduardo de Louren\u00e7o Award (2003) and the Francisco de Coss\u00edo Award (2009) for professional career.\u00a0He is the author of a dozen books of a historical nature, among which are &#8216;Gaza, a prison without a roof&#8217;, &#8216;A banquet for the gods&#8217;,&#8217; The enigma of Maine, \u201cThrough the lands of Portugal\u201d and \u201cUnusual Zamora\u201d.\u00a0He has been distinguished with several journalistic awards, including the Eduardo de Louren\u00e7o Award (2003) and the Francisco de Coss\u00edo Award (2009) for professional career.<\/p>\n","protected":false},"excerpt":{"rendered":"<p>Directed by Agust\u00edn Remesal P\u00e9rez Country of Origin- Spain Runtime- 01:19:26 Film about the life and work of the great Spanish poet Le\u00f3n Felipe.\u00a0talking about his social and political commitment and his international travel. Director Biography &#8211;\u00a0Agust\u00edn Remesal P\u00e9rez He was born in the Zamora town of Gema in 1947. He obtained degrees in CC.\u00a0Politics &hellip; <\/p>\n","protected":false},"author":1,"featured_media":0,"parent":0,"menu_order":0,"comment_status":"closed","ping_status":"closed","template":"","meta":{"pgc_sgb_lightbox_settings":"","footnotes":""},"class_list":["post-523","page","type-page","status-publish","hentry","latest_post"],"yoast_head":"<!-- This site is optimized with the Yoast SEO plugin v23.1 - https:\/\/yoast.com\/wordpress\/plugins\/seo\/ -->\n<title>OFFICIAL SELCTION- Leon Felipe. The Pilgrim poet by Agust\u00edn Remesal<\/title>\n<meta name=\"description\" content=\"Film about the life and work of the great Spanish poet Le\u00f3n Felipe.\u00a0talking about his social and political commitment and his international t\" \/>\n<meta name=\"robots\" content=\"index, follow, max-snippet:-1, max-image-preview:large, max-video-preview:-1\" \/>\n<link rel=\"canonical\" href=\"https:\/\/imefilmfest.com\/international-migration-&-environmental-film-festival\/imeff-2021-official-leon-felipe-the-pilgrim-poet-by-agustin-remesal\/\" \/>\n<meta property=\"og:locale\" content=\"en_US\" \/>\n<meta property=\"og:type\" content=\"article\" \/>\n<meta property=\"og:title\" content=\"OFFICIAL SELCTION- Leon Felipe. The Pilgrim poet by Agust\u00edn Remesal\" \/>\n<meta property=\"og:description\" content=\"Film about the life and work of the great Spanish poet Le\u00f3n Felipe.\u00a0talking about his social and political commitment and his international t\" \/>\n<meta property=\"og:url\" content=\"https:\/\/imefilmfest.com\/international-migration-&amp;-environmental-film-festival\/imeff-2021-official-leon-felipe-the-pilgrim-poet-by-agustin-remesal\/\" \/>\n<meta property=\"og:site_name\" content=\"International Migration &amp; Environmental Film Festival\" \/>\n<meta property=\"article:publisher\" content=\"https:\/\/m.facebook.com\/imefilmfest\/\" \/>\n<meta property=\"article:modified_time\" content=\"2021-09-03T05:16:07+00:00\" \/>\n<meta property=\"og:image\" content=\"https:\/\/imefilmfest.com\/wp-content\/uploads\/2021\/09\/Leon-Felipe-poster-1.jpeg\" \/>\n<meta name=\"twitter:card\" content=\"summary_large_image\" \/>\n<meta name=\"twitter:label1\" content=\"Est. reading time\" \/>\n\t<meta name=\"twitter:data1\" content=\"2 minutes\" \/>\n<script type=\"application\/ld+json\" class=\"yoast-schema-graph\">{\"@context\":\"https:\/\/schema.org\",\"@graph\":[{\"@type\":\"WebPage\",\"@id\":\"https:\/\/imefilmfest.com\/international-migration-&-environmental-film-festival\/imeff-2021-official-leon-felipe-the-pilgrim-poet-by-agustin-remesal\/\",\"url\":\"https:\/\/imefilmfest.com\/international-migration-&-environmental-film-festival\/imeff-2021-official-leon-felipe-the-pilgrim-poet-by-agustin-remesal\/\",\"name\":\"OFFICIAL SELCTION- Leon Felipe. The Pilgrim poet by Agust\u00edn Remesal\",\"isPartOf\":{\"@id\":\"https:\/\/imefilmfest.com\/international-migration-&-environmental-film-festival\/#website\"},\"primaryImageOfPage\":{\"@id\":\"https:\/\/imefilmfest.com\/international-migration-&-environmental-film-festival\/imeff-2021-official-leon-felipe-the-pilgrim-poet-by-agustin-remesal\/#primaryimage\"},\"image\":{\"@id\":\"https:\/\/imefilmfest.com\/international-migration-&-environmental-film-festival\/imeff-2021-official-leon-felipe-the-pilgrim-poet-by-agustin-remesal\/#primaryimage\"},\"thumbnailUrl\":\"https:\/\/imefilmfest.com\/wp-content\/uploads\/2021\/09\/Leon-Felipe-poster-1.jpeg\",\"datePublished\":\"2021-09-03T05:16:06+00:00\",\"dateModified\":\"2021-09-03T05:16:07+00:00\",\"description\":\"Film about the life and work of the great Spanish poet Le\u00f3n Felipe.\u00a0talking about his social and political commitment and his international t\",\"breadcrumb\":{\"@id\":\"https:\/\/imefilmfest.com\/international-migration-&-environmental-film-festival\/imeff-2021-official-leon-felipe-the-pilgrim-poet-by-agustin-remesal\/#breadcrumb\"},\"inLanguage\":\"en-US\",\"potentialAction\":[{\"@type\":\"ReadAction\",\"target\":[\"https:\/\/imefilmfest.com\/international-migration-&-environmental-film-festival\/imeff-2021-official-leon-felipe-the-pilgrim-poet-by-agustin-remesal\/\"]}]},{\"@type\":\"ImageObject\",\"inLanguage\":\"en-US\",\"@id\":\"https:\/\/imefilmfest.com\/international-migration-&-environmental-film-festival\/imeff-2021-official-leon-felipe-the-pilgrim-poet-by-agustin-remesal\/#primaryimage\",\"url\":\"https:\/\/imefilmfest.com\/wp-content\/uploads\/2021\/09\/Leon-Felipe-poster-1.jpeg\",\"contentUrl\":\"https:\/\/imefilmfest.com\/wp-content\/uploads\/2021\/09\/Leon-Felipe-poster-1.jpeg\"},{\"@type\":\"BreadcrumbList\",\"@id\":\"https:\/\/imefilmfest.com\/international-migration-&-environmental-film-festival\/imeff-2021-official-leon-felipe-the-pilgrim-poet-by-agustin-remesal\/#breadcrumb\",\"itemListElement\":[{\"@type\":\"ListItem\",\"position\":1,\"name\":\"Home\",\"item\":\"https:\/\/imefilmfest.com\/international-migration-&-environmental-film-festival\/home\/\"},{\"@type\":\"ListItem\",\"position\":2,\"name\":\"Leon Felipe. The Pilgrim poet.\"}]},{\"@type\":\"WebSite\",\"@id\":\"https:\/\/imefilmfest.com\/international-migration-&-environmental-film-festival\/#website\",\"url\":\"https:\/\/imefilmfest.com\/international-migration-&-environmental-film-festival\/\",\"name\":\"International Migration & Environmental Film Festival\",\"description\":\"North America&#039;s Largest Film Festival on Migration and Environment Sustainability\",\"publisher\":{\"@id\":\"https:\/\/imefilmfest.com\/international-migration-&-environmental-film-festival\/#organization\"},\"potentialAction\":[{\"@type\":\"SearchAction\",\"target\":{\"@type\":\"EntryPoint\",\"urlTemplate\":\"https:\/\/imefilmfest.com\/international-migration-&-environmental-film-festival\/?s={search_term_string}\"},\"query-input\":\"required name=search_term_string\"}],\"inLanguage\":\"en-US\"},{\"@type\":\"Organization\",\"@id\":\"https:\/\/imefilmfest.com\/international-migration-&-environmental-film-festival\/#organization\",\"name\":\"International Migration & Environmental Film Festival\",\"url\":\"https:\/\/imefilmfest.com\/international-migration-&-environmental-film-festival\/\",\"logo\":{\"@type\":\"ImageObject\",\"inLanguage\":\"en-US\",\"@id\":\"https:\/\/imefilmfest.com\/international-migration-&-environmental-film-festival\/#\/schema\/logo\/image\/\",\"url\":\"https:\/\/imefilmfest.com\/wp-content\/uploads\/2021\/09\/IMEFF-i-1-scaled.jpg\",\"contentUrl\":\"https:\/\/imefilmfest.com\/wp-content\/uploads\/2021\/09\/IMEFF-i-1-scaled.jpg\",\"width\":2560,\"height\":2560,\"caption\":\"International Migration & Environmental Film Festival\"},\"image\":{\"@id\":\"https:\/\/imefilmfest.com\/international-migration-&-environmental-film-festival\/#\/schema\/logo\/image\/\"},\"sameAs\":[\"https:\/\/m.facebook.com\/imefilmfest\/\"]}]}<\/script>\n<!-- \/ Yoast SEO plugin. -->","yoast_head_json":{"title":"OFFICIAL SELCTION- Leon Felipe. The Pilgrim poet by Agust\u00edn Remesal","description":"Film about the life and work of the great Spanish poet Le\u00f3n Felipe.\u00a0talking about his social and political commitment and his international t","robots":{"index":"index","follow":"follow","max-snippet":"max-snippet:-1","max-image-preview":"max-image-preview:large","max-video-preview":"max-video-preview:-1"},"canonical":"https:\/\/imefilmfest.com\/international-migration-&-environmental-film-festival\/imeff-2021-official-leon-felipe-the-pilgrim-poet-by-agustin-remesal\/","og_locale":"en_US","og_type":"article","og_title":"OFFICIAL SELCTION- Leon Felipe. The Pilgrim poet by Agust\u00edn Remesal","og_description":"Film about the life and work of the great Spanish poet Le\u00f3n Felipe.\u00a0talking about his social and political commitment and his international t","og_url":"https:\/\/imefilmfest.com\/international-migration-&-environmental-film-festival\/imeff-2021-official-leon-felipe-the-pilgrim-poet-by-agustin-remesal\/","og_site_name":"International Migration &amp; Environmental Film Festival","article_publisher":"https:\/\/m.facebook.com\/imefilmfest\/","article_modified_time":"2021-09-03T05:16:07+00:00","og_image":[{"url":"https:\/\/imefilmfest.com\/wp-content\/uploads\/2021\/09\/Leon-Felipe-poster-1.jpeg"}],"twitter_card":"summary_large_image","twitter_misc":{"Est. reading time":"2 minutes"},"schema":{"@context":"https:\/\/schema.org","@graph":[{"@type":"WebPage","@id":"https:\/\/imefilmfest.com\/international-migration-&-environmental-film-festival\/imeff-2021-official-leon-felipe-the-pilgrim-poet-by-agustin-remesal\/","url":"https:\/\/imefilmfest.com\/international-migration-&-environmental-film-festival\/imeff-2021-official-leon-felipe-the-pilgrim-poet-by-agustin-remesal\/","name":"OFFICIAL SELCTION- Leon Felipe. The Pilgrim poet by Agust\u00edn Remesal","isPartOf":{"@id":"https:\/\/imefilmfest.com\/international-migration-&-environmental-film-festival\/#website"},"primaryImageOfPage":{"@id":"https:\/\/imefilmfest.com\/international-migration-&-environmental-film-festival\/imeff-2021-official-leon-felipe-the-pilgrim-poet-by-agustin-remesal\/#primaryimage"},"image":{"@id":"https:\/\/imefilmfest.com\/international-migration-&-environmental-film-festival\/imeff-2021-official-leon-felipe-the-pilgrim-poet-by-agustin-remesal\/#primaryimage"},"thumbnailUrl":"https:\/\/imefilmfest.com\/wp-content\/uploads\/2021\/09\/Leon-Felipe-poster-1.jpeg","datePublished":"2021-09-03T05:16:06+00:00","dateModified":"2021-09-03T05:16:07+00:00","description":"Film about the life and work of the great Spanish poet Le\u00f3n Felipe.\u00a0talking about his social and political commitment and his international t","breadcrumb":{"@id":"https:\/\/imefilmfest.com\/international-migration-&-environmental-film-festival\/imeff-2021-official-leon-felipe-the-pilgrim-poet-by-agustin-remesal\/#breadcrumb"},"inLanguage":"en-US","potentialAction":[{"@type":"ReadAction","target":["https:\/\/imefilmfest.com\/international-migration-&-environmental-film-festival\/imeff-2021-official-leon-felipe-the-pilgrim-poet-by-agustin-remesal\/"]}]},{"@type":"ImageObject","inLanguage":"en-US","@id":"https:\/\/imefilmfest.com\/international-migration-&-environmental-film-festival\/imeff-2021-official-leon-felipe-the-pilgrim-poet-by-agustin-remesal\/#primaryimage","url":"https:\/\/imefilmfest.com\/wp-content\/uploads\/2021\/09\/Leon-Felipe-poster-1.jpeg","contentUrl":"https:\/\/imefilmfest.com\/wp-content\/uploads\/2021\/09\/Leon-Felipe-poster-1.jpeg"},{"@type":"BreadcrumbList","@id":"https:\/\/imefilmfest.com\/international-migration-&-environmental-film-festival\/imeff-2021-official-leon-felipe-the-pilgrim-poet-by-agustin-remesal\/#breadcrumb","itemListElement":[{"@type":"ListItem","position":1,"name":"Home","item":"https:\/\/imefilmfest.com\/international-migration-&-environmental-film-festival\/home\/"},{"@type":"ListItem","position":2,"name":"Leon Felipe. The Pilgrim poet."}]},{"@type":"WebSite","@id":"https:\/\/imefilmfest.com\/international-migration-&-environmental-film-festival\/#website","url":"https:\/\/imefilmfest.com\/international-migration-&-environmental-film-festival\/","name":"International Migration & Environmental Film Festival","description":"North America&#039;s Largest Film Festival on Migration and Environment Sustainability","publisher":{"@id":"https:\/\/imefilmfest.com\/international-migration-&-environmental-film-festival\/#organization"},"potentialAction":[{"@type":"SearchAction","target":{"@type":"EntryPoint","urlTemplate":"https:\/\/imefilmfest.com\/international-migration-&-environmental-film-festival\/?s={search_term_string}"},"query-input":"required name=search_term_string"}],"inLanguage":"en-US"},{"@type":"Organization","@id":"https:\/\/imefilmfest.com\/international-migration-&-environmental-film-festival\/#organization","name":"International Migration & Environmental Film Festival","url":"https:\/\/imefilmfest.com\/international-migration-&-environmental-film-festival\/","logo":{"@type":"ImageObject","inLanguage":"en-US","@id":"https:\/\/imefilmfest.com\/international-migration-&-environmental-film-festival\/#\/schema\/logo\/image\/","url":"https:\/\/imefilmfest.com\/wp-content\/uploads\/2021\/09\/IMEFF-i-1-scaled.jpg","contentUrl":"https:\/\/imefilmfest.com\/wp-content\/uploads\/2021\/09\/IMEFF-i-1-scaled.jpg","width":2560,"height":2560,"caption":"International Migration & Environmental Film Festival"},"image":{"@id":"https:\/\/imefilmfest.com\/international-migration-&-environmental-film-festival\/#\/schema\/logo\/image\/"},"sameAs":["https:\/\/m.facebook.com\/imefilmfest\/"]}]}},"_links":{"self":[{"href":"https:\/\/imefilmfest.com\/international-migration-&-environmental-film-festival\/wp-json\/wp\/v2\/pages\/523","targetHints":{"allow":["GET"]}}],"collection":[{"href":"https:\/\/imefilmfest.com\/international-migration-&-environmental-film-festival\/wp-json\/wp\/v2\/pages"}],"about":[{"href":"https:\/\/imefilmfest.com\/international-migration-&-environmental-film-festival\/wp-json\/wp\/v2\/types\/page"}],"author":[{"embeddable":true,"href":"https:\/\/imefilmfest.com\/international-migration-&-environmental-film-festival\/wp-json\/wp\/v2\/users\/1"}],"replies":[{"embeddable":true,"href":"https:\/\/imefilmfest.com\/international-migration-&-environmental-film-festival\/wp-json\/wp\/v2\/comments?post=523"}],"version-history":[{"count":1,"href":"https:\/\/imefilmfest.com\/international-migration-&-environmental-film-festival\/wp-json\/wp\/v2\/pages\/523\/revisions"}],"predecessor-version":[{"id":525,"href":"https:\/\/imefilmfest.com\/international-migration-&-environmental-film-festival\/wp-json\/wp\/v2\/pages\/523\/revisions\/525"}],"wp:attachment":[{"href":"https:\/\/imefilmfest.com\/international-migration-&-environmental-film-festival\/wp-json\/wp\/v2\/media?parent=523"}],"curies":[{"name":"wp","href":"https:\/\/api.w.org\/{rel}","templated":true}]}}