{"id":568,"date":"2021-09-03T14:27:54","date_gmt":"2021-09-03T14:27:54","guid":{"rendered":"https:\/\/imefilmfest.com\/international-migration-environmental-film-festival\/?page_id=568"},"modified":"2021-09-03T14:27:54","modified_gmt":"2021-09-03T14:27:54","slug":"imeff-2021-official-selectionseres-al-campo-by-marco-gozzo-martina-belkin-gibilisco","status":"publish","type":"page","link":"https:\/\/imefilmfest.com\/international-migration-&-environmental-film-festival\/imeff-2021-official-selectionseres-al-campo-by-marco-gozzo-martina-belkin-gibilisco\/","title":{"rendered":"Seres Al Campo"},"content":{"rendered":"\n<figure class=\"wp-block-image size-full is-resized\"><img fetchpriority=\"high\" decoding=\"async\" src=\"data:image\/gif;base64,R0lGODlhAQABAAAAACH5BAEKAAEALAAAAAABAAEAAAICTAEAOw==\" data-layzr=\"https:\/\/imefilmfest.com\/wp-content\/uploads\/2021\/09\/Seres-AL-Campo-poster-1.jpeg\" alt=\"\" class=\"wp-image-569\" width=\"362\" height=\"550\"\/><\/figure>\n\n\n\n<h5 class=\"wp-block-heading\">Directed by Marco Gozzo, Martina Belkin Gibilisco<\/h5>\n\n\n\n<h5 class=\"wp-block-heading\">Country of Origin &#8211; United States<\/h5>\n\n\n\n<h5 class=\"wp-block-heading\">Runtime-57:21<\/h5>\n\n\n\n<p>Seres Al Campo is a documentary about people who decided to embrace Permaculture as the only way to make a change in their lives and in the ecosystem.<\/p>\n\n\n\n<p><strong>Director Biography &#8211;\u00a0Marco Gozzo, Martina Belkin Gibilisco<\/strong><a href=\"https:\/\/storage.googleapis.com\/ff-storage-p01\/press_kits\/headshots\/001\/674\/339\/original\/63e0039770-headshot.jpg?1603120118\"><\/a><\/p>\n\n\n\n<p>Marco Gozzo author and film director was born in Siracusa, Italy in 1982. His passion and interest for cinema began at the age of 14 and after high school he left Sicily for Milan to pursue his career in film-making. He has a Bachelors Degree in Science and Communication Technologies and a Masters Degree in Television, Cinema and Multimedia Production both from Istituto Universitario di Lingue Moderne (IULM) in Milan, Italy. Marco has been living in New York since March 2009 where he works as a freelance filmmaker and video editor.<\/p>\n\n\n\n<p>Martina Belkin Gibilisco is an artist, poet and writer born in Santaf\u00e9 of Bogot\u00e0. Martina naturalized Italian, wrote and published in Italy &#8220;La Su.Realt\u00e1&#8221; (2011) a poetry collection book, &#8220;Ricerca di L&#8217;una&#8221; (2013) and &#8220;Visiones&#8221; (2019). Currently Martina Belkin Gibilisco lives in Guarne, Colombia where she writes and is very active in the Permaculture community.<\/p>\n","protected":false},"excerpt":{"rendered":"<p>Directed by Marco Gozzo, Martina Belkin Gibilisco Country of Origin &#8211; United States Runtime-57:21 Seres Al Campo is a documentary about people who decided to embrace Permaculture as the only way to make a change in their lives and in the ecosystem. Director Biography &#8211;\u00a0Marco Gozzo, Martina Belkin Gibilisco Marco Gozzo author and film director &hellip; <\/p>\n","protected":false},"author":1,"featured_media":0,"parent":0,"menu_order":0,"comment_status":"closed","ping_status":"closed","template":"","meta":{"pgc_sgb_lightbox_settings":"","footnotes":""},"class_list":["post-568","page","type-page","status-publish","hentry","latest_post"],"yoast_head":"<!-- This site is optimized with the Yoast SEO plugin v23.1 - https:\/\/yoast.com\/wordpress\/plugins\/seo\/ -->\n<title>OFFICIAL SELECTION- Seres Al Campo by Marco &amp; Martina<\/title>\n<meta name=\"description\" content=\"Seres Al Campo is a documentary about people who decided to embrace Permaculture as the only way to make a change in their lives..,\" \/>\n<meta name=\"robots\" content=\"index, follow, max-snippet:-1, max-image-preview:large, max-video-preview:-1\" \/>\n<link rel=\"canonical\" href=\"https:\/\/imefilmfest.com\/international-migration-&-environmental-film-festival\/imeff-2021-official-selectionseres-al-campo-by-marco-gozzo-martina-belkin-gibilisco\/\" \/>\n<meta property=\"og:locale\" content=\"en_US\" \/>\n<meta property=\"og:type\" content=\"article\" \/>\n<meta property=\"og:title\" content=\"OFFICIAL SELECTION- Seres Al Campo by Marco &amp; Martina\" \/>\n<meta property=\"og:description\" content=\"Seres Al Campo is a documentary about people who decided to embrace Permaculture as the only way to make a change in their lives..,\" \/>\n<meta property=\"og:url\" content=\"https:\/\/imefilmfest.com\/international-migration-&amp;-environmental-film-festival\/imeff-2021-official-selectionseres-al-campo-by-marco-gozzo-martina-belkin-gibilisco\/\" \/>\n<meta property=\"og:site_name\" content=\"International Migration &amp; Environmental Film Festival\" \/>\n<meta property=\"article:publisher\" content=\"https:\/\/m.facebook.com\/imefilmfest\/\" \/>\n<meta property=\"og:image\" content=\"https:\/\/imefilmfest.com\/wp-content\/uploads\/2021\/09\/Seres-AL-Campo-poster-1.jpeg\" \/>\n<meta name=\"twitter:card\" content=\"summary_large_image\" \/>\n<meta name=\"twitter:label1\" content=\"Est. reading time\" \/>\n\t<meta name=\"twitter:data1\" content=\"2 minutes\" \/>\n<script type=\"application\/ld+json\" class=\"yoast-schema-graph\">{\"@context\":\"https:\/\/schema.org\",\"@graph\":[{\"@type\":\"WebPage\",\"@id\":\"https:\/\/imefilmfest.com\/international-migration-&-environmental-film-festival\/imeff-2021-official-selectionseres-al-campo-by-marco-gozzo-martina-belkin-gibilisco\/\",\"url\":\"https:\/\/imefilmfest.com\/international-migration-&-environmental-film-festival\/imeff-2021-official-selectionseres-al-campo-by-marco-gozzo-martina-belkin-gibilisco\/\",\"name\":\"OFFICIAL SELECTION- Seres Al Campo by Marco & Martina\",\"isPartOf\":{\"@id\":\"https:\/\/imefilmfest.com\/international-migration-&-environmental-film-festival\/#website\"},\"primaryImageOfPage\":{\"@id\":\"https:\/\/imefilmfest.com\/international-migration-&-environmental-film-festival\/imeff-2021-official-selectionseres-al-campo-by-marco-gozzo-martina-belkin-gibilisco\/#primaryimage\"},\"image\":{\"@id\":\"https:\/\/imefilmfest.com\/international-migration-&-environmental-film-festival\/imeff-2021-official-selectionseres-al-campo-by-marco-gozzo-martina-belkin-gibilisco\/#primaryimage\"},\"thumbnailUrl\":\"https:\/\/imefilmfest.com\/wp-content\/uploads\/2021\/09\/Seres-AL-Campo-poster-1.jpeg\",\"datePublished\":\"2021-09-03T14:27:54+00:00\",\"dateModified\":\"2021-09-03T14:27:54+00:00\",\"description\":\"Seres Al Campo is a documentary about people who decided to embrace Permaculture as the only way to make a change in their lives..,\",\"breadcrumb\":{\"@id\":\"https:\/\/imefilmfest.com\/international-migration-&-environmental-film-festival\/imeff-2021-official-selectionseres-al-campo-by-marco-gozzo-martina-belkin-gibilisco\/#breadcrumb\"},\"inLanguage\":\"en-US\",\"potentialAction\":[{\"@type\":\"ReadAction\",\"target\":[\"https:\/\/imefilmfest.com\/international-migration-&-environmental-film-festival\/imeff-2021-official-selectionseres-al-campo-by-marco-gozzo-martina-belkin-gibilisco\/\"]}]},{\"@type\":\"ImageObject\",\"inLanguage\":\"en-US\",\"@id\":\"https:\/\/imefilmfest.com\/international-migration-&-environmental-film-festival\/imeff-2021-official-selectionseres-al-campo-by-marco-gozzo-martina-belkin-gibilisco\/#primaryimage\",\"url\":\"https:\/\/imefilmfest.com\/wp-content\/uploads\/2021\/09\/Seres-AL-Campo-poster-1.jpeg\",\"contentUrl\":\"https:\/\/imefilmfest.com\/wp-content\/uploads\/2021\/09\/Seres-AL-Campo-poster-1.jpeg\"},{\"@type\":\"BreadcrumbList\",\"@id\":\"https:\/\/imefilmfest.com\/international-migration-&-environmental-film-festival\/imeff-2021-official-selectionseres-al-campo-by-marco-gozzo-martina-belkin-gibilisco\/#breadcrumb\",\"itemListElement\":[{\"@type\":\"ListItem\",\"position\":1,\"name\":\"Home\",\"item\":\"https:\/\/imefilmfest.com\/international-migration-&-environmental-film-festival\/home\/\"},{\"@type\":\"ListItem\",\"position\":2,\"name\":\"Seres Al Campo\"}]},{\"@type\":\"WebSite\",\"@id\":\"https:\/\/imefilmfest.com\/international-migration-&-environmental-film-festival\/#website\",\"url\":\"https:\/\/imefilmfest.com\/international-migration-&-environmental-film-festival\/\",\"name\":\"International Migration & Environmental Film Festival\",\"description\":\"North America&#039;s Largest Film Festival on Migration and Environment Sustainability\",\"publisher\":{\"@id\":\"https:\/\/imefilmfest.com\/international-migration-&-environmental-film-festival\/#organization\"},\"potentialAction\":[{\"@type\":\"SearchAction\",\"target\":{\"@type\":\"EntryPoint\",\"urlTemplate\":\"https:\/\/imefilmfest.com\/international-migration-&-environmental-film-festival\/?s={search_term_string}\"},\"query-input\":\"required name=search_term_string\"}],\"inLanguage\":\"en-US\"},{\"@type\":\"Organization\",\"@id\":\"https:\/\/imefilmfest.com\/international-migration-&-environmental-film-festival\/#organization\",\"name\":\"International Migration & Environmental Film Festival\",\"url\":\"https:\/\/imefilmfest.com\/international-migration-&-environmental-film-festival\/\",\"logo\":{\"@type\":\"ImageObject\",\"inLanguage\":\"en-US\",\"@id\":\"https:\/\/imefilmfest.com\/international-migration-&-environmental-film-festival\/#\/schema\/logo\/image\/\",\"url\":\"https:\/\/imefilmfest.com\/wp-content\/uploads\/2021\/09\/IMEFF-i-1-scaled.jpg\",\"contentUrl\":\"https:\/\/imefilmfest.com\/wp-content\/uploads\/2021\/09\/IMEFF-i-1-scaled.jpg\",\"width\":2560,\"height\":2560,\"caption\":\"International Migration & Environmental Film Festival\"},\"image\":{\"@id\":\"https:\/\/imefilmfest.com\/international-migration-&-environmental-film-festival\/#\/schema\/logo\/image\/\"},\"sameAs\":[\"https:\/\/m.facebook.com\/imefilmfest\/\"]}]}<\/script>\n<!-- \/ Yoast SEO plugin. -->","yoast_head_json":{"title":"OFFICIAL SELECTION- Seres Al Campo by Marco & Martina","description":"Seres Al Campo is a documentary about people who decided to embrace Permaculture as the only way to make a change in their lives..,","robots":{"index":"index","follow":"follow","max-snippet":"max-snippet:-1","max-image-preview":"max-image-preview:large","max-video-preview":"max-video-preview:-1"},"canonical":"https:\/\/imefilmfest.com\/international-migration-&-environmental-film-festival\/imeff-2021-official-selectionseres-al-campo-by-marco-gozzo-martina-belkin-gibilisco\/","og_locale":"en_US","og_type":"article","og_title":"OFFICIAL SELECTION- Seres Al Campo by Marco & Martina","og_description":"Seres Al Campo is a documentary about people who decided to embrace Permaculture as the only way to make a change in their lives..,","og_url":"https:\/\/imefilmfest.com\/international-migration-&-environmental-film-festival\/imeff-2021-official-selectionseres-al-campo-by-marco-gozzo-martina-belkin-gibilisco\/","og_site_name":"International Migration &amp; Environmental Film Festival","article_publisher":"https:\/\/m.facebook.com\/imefilmfest\/","og_image":[{"url":"https:\/\/imefilmfest.com\/wp-content\/uploads\/2021\/09\/Seres-AL-Campo-poster-1.jpeg"}],"twitter_card":"summary_large_image","twitter_misc":{"Est. reading time":"2 minutes"},"schema":{"@context":"https:\/\/schema.org","@graph":[{"@type":"WebPage","@id":"https:\/\/imefilmfest.com\/international-migration-&-environmental-film-festival\/imeff-2021-official-selectionseres-al-campo-by-marco-gozzo-martina-belkin-gibilisco\/","url":"https:\/\/imefilmfest.com\/international-migration-&-environmental-film-festival\/imeff-2021-official-selectionseres-al-campo-by-marco-gozzo-martina-belkin-gibilisco\/","name":"OFFICIAL SELECTION- Seres Al Campo by Marco & Martina","isPartOf":{"@id":"https:\/\/imefilmfest.com\/international-migration-&-environmental-film-festival\/#website"},"primaryImageOfPage":{"@id":"https:\/\/imefilmfest.com\/international-migration-&-environmental-film-festival\/imeff-2021-official-selectionseres-al-campo-by-marco-gozzo-martina-belkin-gibilisco\/#primaryimage"},"image":{"@id":"https:\/\/imefilmfest.com\/international-migration-&-environmental-film-festival\/imeff-2021-official-selectionseres-al-campo-by-marco-gozzo-martina-belkin-gibilisco\/#primaryimage"},"thumbnailUrl":"https:\/\/imefilmfest.com\/wp-content\/uploads\/2021\/09\/Seres-AL-Campo-poster-1.jpeg","datePublished":"2021-09-03T14:27:54+00:00","dateModified":"2021-09-03T14:27:54+00:00","description":"Seres Al Campo is a documentary about people who decided to embrace Permaculture as the only way to make a change in their lives..,","breadcrumb":{"@id":"https:\/\/imefilmfest.com\/international-migration-&-environmental-film-festival\/imeff-2021-official-selectionseres-al-campo-by-marco-gozzo-martina-belkin-gibilisco\/#breadcrumb"},"inLanguage":"en-US","potentialAction":[{"@type":"ReadAction","target":["https:\/\/imefilmfest.com\/international-migration-&-environmental-film-festival\/imeff-2021-official-selectionseres-al-campo-by-marco-gozzo-martina-belkin-gibilisco\/"]}]},{"@type":"ImageObject","inLanguage":"en-US","@id":"https:\/\/imefilmfest.com\/international-migration-&-environmental-film-festival\/imeff-2021-official-selectionseres-al-campo-by-marco-gozzo-martina-belkin-gibilisco\/#primaryimage","url":"https:\/\/imefilmfest.com\/wp-content\/uploads\/2021\/09\/Seres-AL-Campo-poster-1.jpeg","contentUrl":"https:\/\/imefilmfest.com\/wp-content\/uploads\/2021\/09\/Seres-AL-Campo-poster-1.jpeg"},{"@type":"BreadcrumbList","@id":"https:\/\/imefilmfest.com\/international-migration-&-environmental-film-festival\/imeff-2021-official-selectionseres-al-campo-by-marco-gozzo-martina-belkin-gibilisco\/#breadcrumb","itemListElement":[{"@type":"ListItem","position":1,"name":"Home","item":"https:\/\/imefilmfest.com\/international-migration-&-environmental-film-festival\/home\/"},{"@type":"ListItem","position":2,"name":"Seres Al Campo"}]},{"@type":"WebSite","@id":"https:\/\/imefilmfest.com\/international-migration-&-environmental-film-festival\/#website","url":"https:\/\/imefilmfest.com\/international-migration-&-environmental-film-festival\/","name":"International Migration & Environmental Film Festival","description":"North America&#039;s Largest Film Festival on Migration and Environment Sustainability","publisher":{"@id":"https:\/\/imefilmfest.com\/international-migration-&-environmental-film-festival\/#organization"},"potentialAction":[{"@type":"SearchAction","target":{"@type":"EntryPoint","urlTemplate":"https:\/\/imefilmfest.com\/international-migration-&-environmental-film-festival\/?s={search_term_string}"},"query-input":"required name=search_term_string"}],"inLanguage":"en-US"},{"@type":"Organization","@id":"https:\/\/imefilmfest.com\/international-migration-&-environmental-film-festival\/#organization","name":"International Migration & Environmental Film Festival","url":"https:\/\/imefilmfest.com\/international-migration-&-environmental-film-festival\/","logo":{"@type":"ImageObject","inLanguage":"en-US","@id":"https:\/\/imefilmfest.com\/international-migration-&-environmental-film-festival\/#\/schema\/logo\/image\/","url":"https:\/\/imefilmfest.com\/wp-content\/uploads\/2021\/09\/IMEFF-i-1-scaled.jpg","contentUrl":"https:\/\/imefilmfest.com\/wp-content\/uploads\/2021\/09\/IMEFF-i-1-scaled.jpg","width":2560,"height":2560,"caption":"International Migration & Environmental Film Festival"},"image":{"@id":"https:\/\/imefilmfest.com\/international-migration-&-environmental-film-festival\/#\/schema\/logo\/image\/"},"sameAs":["https:\/\/m.facebook.com\/imefilmfest\/"]}]}},"_links":{"self":[{"href":"https:\/\/imefilmfest.com\/international-migration-&-environmental-film-festival\/wp-json\/wp\/v2\/pages\/568","targetHints":{"allow":["GET"]}}],"collection":[{"href":"https:\/\/imefilmfest.com\/international-migration-&-environmental-film-festival\/wp-json\/wp\/v2\/pages"}],"about":[{"href":"https:\/\/imefilmfest.com\/international-migration-&-environmental-film-festival\/wp-json\/wp\/v2\/types\/page"}],"author":[{"embeddable":true,"href":"https:\/\/imefilmfest.com\/international-migration-&-environmental-film-festival\/wp-json\/wp\/v2\/users\/1"}],"replies":[{"embeddable":true,"href":"https:\/\/imefilmfest.com\/international-migration-&-environmental-film-festival\/wp-json\/wp\/v2\/comments?post=568"}],"version-history":[{"count":1,"href":"https:\/\/imefilmfest.com\/international-migration-&-environmental-film-festival\/wp-json\/wp\/v2\/pages\/568\/revisions"}],"predecessor-version":[{"id":570,"href":"https:\/\/imefilmfest.com\/international-migration-&-environmental-film-festival\/wp-json\/wp\/v2\/pages\/568\/revisions\/570"}],"wp:attachment":[{"href":"https:\/\/imefilmfest.com\/international-migration-&-environmental-film-festival\/wp-json\/wp\/v2\/media?parent=568"}],"curies":[{"name":"wp","href":"https:\/\/api.w.org\/{rel}","templated":true}]}}