{"id":612,"date":"2021-09-03T17:28:21","date_gmt":"2021-09-03T17:28:21","guid":{"rendered":"https:\/\/imefilmfest.com\/international-migration-environmental-film-festival\/?page_id=612"},"modified":"2021-09-03T17:28:21","modified_gmt":"2021-09-03T17:28:21","slug":"imeff-2021-the-citizens-directed-by-yameli-gomez-jimenez","status":"publish","type":"page","link":"https:\/\/imefilmfest.com\/international-migration-&-environmental-film-festival\/imeff-2021-the-citizens-directed-by-yameli-gomez-jimenez\/","title":{"rendered":"The Citizens"},"content":{"rendered":"\n<figure class=\"wp-block-image size-full is-resized\"><img fetchpriority=\"high\" decoding=\"async\" src=\"data:image\/gif;base64,R0lGODlhAQABAAAAACH5BAEKAAEALAAAAAABAAEAAAICTAEAOw==\" data-layzr=\"https:\/\/imefilmfest.com\/wp-content\/uploads\/2021\/09\/The-Citizen-poster.jpeg\" alt=\"\" class=\"wp-image-345\" width=\"287\" height=\"443\"\/><\/figure>\n\n\n\n<h5 class=\"wp-block-heading\">Directed by Yameli Gomez Jimenez<\/h5>\n\n\n\n<h5 class=\"wp-block-heading\">Country of Origin Mexico<\/h5>\n\n\n\n<h5 class=\"wp-block-heading\">Runtime- 22:31<\/h5>\n\n\n\n<p>In Chicago&#8217;s O&#8217;Hare airport, Ana Laura is saying her children goodbye, promising that she will come back as soon as her immigrations issues are solved.<\/p>\n\n\n\n<p>In a neighboorhod in Charlestone, South Carolina, Marshalls and ICE agents arrive at Jesus house with just a picture of his driver\u00b4s license. After being taken out of his house, handcuffed, he has to stand a long&nbsp; process.<\/p>\n\n\n\n<p>Despite living undocumented, both were exemplary &#8220;citizens&#8221; in the US for more than 10 years: contributing to the country, the community, paying taxes. However, their efforts were not reconognised since they did not have documents.&nbsp;<\/p>\n\n\n\n<p>Ana Laura was cought in the airport and got a penalty with a prohibition to reenter the US for 20 years. Her children are still living apart from her. Going back to the country where she was born costed her her family.<\/p>\n\n\n\n<p>Jesus was forced to leave his family, otherwise he could be deported. He came back to Mexico in order to apply for a family reunification visa with the hope of going back soon to his beloved ones.<\/p>\n\n\n\n<p>Ana Laura and Jesus are living in Mexico city, in a city where they are &#8220;citizens&#8221; but they don\u00b4t feel being part of.<\/p>\n\n\n\n<p><strong>Director Biography &#8211;\u00a0Yameli Gomez Jimenez<\/strong><a href=\"https:\/\/storage.googleapis.com\/ff-storage-p01\/press_kits\/headshots\/001\/608\/800\/original\/9f0163df70-headshot.jpg?1604431002\"><\/a><\/p>\n\n\n\n<p>Yameli is a mexican graphic designer&nbsp;based in Leipzig, Germany. Yameli works as a freelancer for NGOS,startups and small business in Germany, Mexico and the USA. She is engaged working with&nbsp;migrant and refugee&nbsp;organizations in Mexico and Germany as a graphic designer, photographer, filmmaker and researcher.&nbsp;<\/p>\n\n\n\n<p>In her german classes, she met people from different parts of the world. She was fascinated from learning other cultures and getting in touch with different languages. Therefore, she decided to enroll in a&nbsp;Masters in Visual Anthropology, documentary and Media Practices in Westf\u00e4lischen Wilhelms-Universit\u00e4t M\u00fcnster. Since then she became more involved in the topic of migration throught her friends&#8217; stories and her own migration experience. &nbsp;<\/p>\n\n\n\n<p>The short film &#8220;Residentes (The Citizens)&#8221; is a part of her Master&#8217;s thesis. She writes about the self organization of mexican returnees and deportees&nbsp;fighting against the stigma of the &#8220;illegal migrant&#8221; in Mexican society. The short film was&nbsp;in the Official Selection in Humano Film Festival&nbsp;last September 18th in Tijuana, Mexico.<\/p>\n","protected":false},"excerpt":{"rendered":"<p>Directed by Yameli Gomez Jimenez Country of Origin Mexico Runtime- 22:31 In Chicago&#8217;s O&#8217;Hare airport, Ana Laura is saying her children goodbye, promising that she will come back as soon as her immigrations issues are solved. In a neighboorhod in Charlestone, South Carolina, Marshalls and ICE agents arrive at Jesus house with just a picture &hellip; <\/p>\n","protected":false},"author":1,"featured_media":0,"parent":0,"menu_order":0,"comment_status":"closed","ping_status":"closed","template":"","meta":{"pgc_sgb_lightbox_settings":"","footnotes":""},"class_list":["post-612","page","type-page","status-publish","hentry","latest_post"],"yoast_head":"<!-- This site is optimized with the Yoast SEO plugin v23.1 - https:\/\/yoast.com\/wordpress\/plugins\/seo\/ -->\n<title>OFFICIAL SELECTION - The Citizens Directed by Yameli Gomez Jimenez<\/title>\n<meta name=\"description\" content=\"port, Ana Laura is saying her children goodbye, promising that she will come back as soon as her immigrations issues are solved.\" \/>\n<meta name=\"robots\" content=\"index, follow, max-snippet:-1, max-image-preview:large, max-video-preview:-1\" \/>\n<link rel=\"canonical\" href=\"https:\/\/imefilmfest.com\/international-migration-&-environmental-film-festival\/imeff-2021-the-citizens-directed-by-yameli-gomez-jimenez\/\" \/>\n<meta property=\"og:locale\" content=\"en_US\" \/>\n<meta property=\"og:type\" content=\"article\" \/>\n<meta property=\"og:title\" content=\"OFFICIAL SELECTION - The Citizens Directed by Yameli Gomez Jimenez\" \/>\n<meta property=\"og:description\" content=\"port, Ana Laura is saying her children goodbye, promising that she will come back as soon as her immigrations issues are solved.\" \/>\n<meta property=\"og:url\" content=\"https:\/\/imefilmfest.com\/international-migration-&amp;-environmental-film-festival\/imeff-2021-the-citizens-directed-by-yameli-gomez-jimenez\/\" \/>\n<meta property=\"og:site_name\" content=\"International Migration &amp; Environmental Film Festival\" \/>\n<meta property=\"article:publisher\" content=\"https:\/\/m.facebook.com\/imefilmfest\/\" \/>\n<meta property=\"og:image\" content=\"https:\/\/imefilmfest.com\/wp-content\/uploads\/2021\/09\/The-Citizen-poster.jpeg\" \/>\n<meta name=\"twitter:card\" content=\"summary_large_image\" \/>\n<meta name=\"twitter:label1\" content=\"Est. reading time\" \/>\n\t<meta name=\"twitter:data1\" content=\"2 minutes\" \/>\n<script type=\"application\/ld+json\" class=\"yoast-schema-graph\">{\"@context\":\"https:\/\/schema.org\",\"@graph\":[{\"@type\":\"WebPage\",\"@id\":\"https:\/\/imefilmfest.com\/international-migration-&-environmental-film-festival\/imeff-2021-the-citizens-directed-by-yameli-gomez-jimenez\/\",\"url\":\"https:\/\/imefilmfest.com\/international-migration-&-environmental-film-festival\/imeff-2021-the-citizens-directed-by-yameli-gomez-jimenez\/\",\"name\":\"OFFICIAL SELECTION - The Citizens Directed by Yameli Gomez Jimenez\",\"isPartOf\":{\"@id\":\"https:\/\/imefilmfest.com\/international-migration-&-environmental-film-festival\/#website\"},\"primaryImageOfPage\":{\"@id\":\"https:\/\/imefilmfest.com\/international-migration-&-environmental-film-festival\/imeff-2021-the-citizens-directed-by-yameli-gomez-jimenez\/#primaryimage\"},\"image\":{\"@id\":\"https:\/\/imefilmfest.com\/international-migration-&-environmental-film-festival\/imeff-2021-the-citizens-directed-by-yameli-gomez-jimenez\/#primaryimage\"},\"thumbnailUrl\":\"https:\/\/imefilmfest.com\/wp-content\/uploads\/2021\/09\/The-Citizen-poster.jpeg\",\"datePublished\":\"2021-09-03T17:28:21+00:00\",\"dateModified\":\"2021-09-03T17:28:21+00:00\",\"description\":\"port, Ana Laura is saying her children goodbye, promising that she will come back as soon as her immigrations issues are solved.\",\"breadcrumb\":{\"@id\":\"https:\/\/imefilmfest.com\/international-migration-&-environmental-film-festival\/imeff-2021-the-citizens-directed-by-yameli-gomez-jimenez\/#breadcrumb\"},\"inLanguage\":\"en-US\",\"potentialAction\":[{\"@type\":\"ReadAction\",\"target\":[\"https:\/\/imefilmfest.com\/international-migration-&-environmental-film-festival\/imeff-2021-the-citizens-directed-by-yameli-gomez-jimenez\/\"]}]},{\"@type\":\"ImageObject\",\"inLanguage\":\"en-US\",\"@id\":\"https:\/\/imefilmfest.com\/international-migration-&-environmental-film-festival\/imeff-2021-the-citizens-directed-by-yameli-gomez-jimenez\/#primaryimage\",\"url\":\"https:\/\/imefilmfest.com\/wp-content\/uploads\/2021\/09\/The-Citizen-poster.jpeg\",\"contentUrl\":\"https:\/\/imefilmfest.com\/wp-content\/uploads\/2021\/09\/The-Citizen-poster.jpeg\"},{\"@type\":\"BreadcrumbList\",\"@id\":\"https:\/\/imefilmfest.com\/international-migration-&-environmental-film-festival\/imeff-2021-the-citizens-directed-by-yameli-gomez-jimenez\/#breadcrumb\",\"itemListElement\":[{\"@type\":\"ListItem\",\"position\":1,\"name\":\"Home\",\"item\":\"https:\/\/imefilmfest.com\/international-migration-&-environmental-film-festival\/home\/\"},{\"@type\":\"ListItem\",\"position\":2,\"name\":\"The Citizens\"}]},{\"@type\":\"WebSite\",\"@id\":\"https:\/\/imefilmfest.com\/international-migration-&-environmental-film-festival\/#website\",\"url\":\"https:\/\/imefilmfest.com\/international-migration-&-environmental-film-festival\/\",\"name\":\"International Migration & Environmental Film Festival\",\"description\":\"North America&#039;s Largest Film Festival on Migration and Environment Sustainability\",\"publisher\":{\"@id\":\"https:\/\/imefilmfest.com\/international-migration-&-environmental-film-festival\/#organization\"},\"potentialAction\":[{\"@type\":\"SearchAction\",\"target\":{\"@type\":\"EntryPoint\",\"urlTemplate\":\"https:\/\/imefilmfest.com\/international-migration-&-environmental-film-festival\/?s={search_term_string}\"},\"query-input\":\"required name=search_term_string\"}],\"inLanguage\":\"en-US\"},{\"@type\":\"Organization\",\"@id\":\"https:\/\/imefilmfest.com\/international-migration-&-environmental-film-festival\/#organization\",\"name\":\"International Migration & Environmental Film Festival\",\"url\":\"https:\/\/imefilmfest.com\/international-migration-&-environmental-film-festival\/\",\"logo\":{\"@type\":\"ImageObject\",\"inLanguage\":\"en-US\",\"@id\":\"https:\/\/imefilmfest.com\/international-migration-&-environmental-film-festival\/#\/schema\/logo\/image\/\",\"url\":\"https:\/\/imefilmfest.com\/wp-content\/uploads\/2021\/09\/IMEFF-i-1-scaled.jpg\",\"contentUrl\":\"https:\/\/imefilmfest.com\/wp-content\/uploads\/2021\/09\/IMEFF-i-1-scaled.jpg\",\"width\":2560,\"height\":2560,\"caption\":\"International Migration & Environmental Film Festival\"},\"image\":{\"@id\":\"https:\/\/imefilmfest.com\/international-migration-&-environmental-film-festival\/#\/schema\/logo\/image\/\"},\"sameAs\":[\"https:\/\/m.facebook.com\/imefilmfest\/\"]}]}<\/script>\n<!-- \/ Yoast SEO plugin. -->","yoast_head_json":{"title":"OFFICIAL SELECTION - The Citizens Directed by Yameli Gomez Jimenez","description":"port, Ana Laura is saying her children goodbye, promising that she will come back as soon as her immigrations issues are solved.","robots":{"index":"index","follow":"follow","max-snippet":"max-snippet:-1","max-image-preview":"max-image-preview:large","max-video-preview":"max-video-preview:-1"},"canonical":"https:\/\/imefilmfest.com\/international-migration-&-environmental-film-festival\/imeff-2021-the-citizens-directed-by-yameli-gomez-jimenez\/","og_locale":"en_US","og_type":"article","og_title":"OFFICIAL SELECTION - The Citizens Directed by Yameli Gomez Jimenez","og_description":"port, Ana Laura is saying her children goodbye, promising that she will come back as soon as her immigrations issues are solved.","og_url":"https:\/\/imefilmfest.com\/international-migration-&-environmental-film-festival\/imeff-2021-the-citizens-directed-by-yameli-gomez-jimenez\/","og_site_name":"International Migration &amp; Environmental Film Festival","article_publisher":"https:\/\/m.facebook.com\/imefilmfest\/","og_image":[{"url":"https:\/\/imefilmfest.com\/wp-content\/uploads\/2021\/09\/The-Citizen-poster.jpeg"}],"twitter_card":"summary_large_image","twitter_misc":{"Est. reading time":"2 minutes"},"schema":{"@context":"https:\/\/schema.org","@graph":[{"@type":"WebPage","@id":"https:\/\/imefilmfest.com\/international-migration-&-environmental-film-festival\/imeff-2021-the-citizens-directed-by-yameli-gomez-jimenez\/","url":"https:\/\/imefilmfest.com\/international-migration-&-environmental-film-festival\/imeff-2021-the-citizens-directed-by-yameli-gomez-jimenez\/","name":"OFFICIAL SELECTION - The Citizens Directed by Yameli Gomez Jimenez","isPartOf":{"@id":"https:\/\/imefilmfest.com\/international-migration-&-environmental-film-festival\/#website"},"primaryImageOfPage":{"@id":"https:\/\/imefilmfest.com\/international-migration-&-environmental-film-festival\/imeff-2021-the-citizens-directed-by-yameli-gomez-jimenez\/#primaryimage"},"image":{"@id":"https:\/\/imefilmfest.com\/international-migration-&-environmental-film-festival\/imeff-2021-the-citizens-directed-by-yameli-gomez-jimenez\/#primaryimage"},"thumbnailUrl":"https:\/\/imefilmfest.com\/wp-content\/uploads\/2021\/09\/The-Citizen-poster.jpeg","datePublished":"2021-09-03T17:28:21+00:00","dateModified":"2021-09-03T17:28:21+00:00","description":"port, Ana Laura is saying her children goodbye, promising that she will come back as soon as her immigrations issues are solved.","breadcrumb":{"@id":"https:\/\/imefilmfest.com\/international-migration-&-environmental-film-festival\/imeff-2021-the-citizens-directed-by-yameli-gomez-jimenez\/#breadcrumb"},"inLanguage":"en-US","potentialAction":[{"@type":"ReadAction","target":["https:\/\/imefilmfest.com\/international-migration-&-environmental-film-festival\/imeff-2021-the-citizens-directed-by-yameli-gomez-jimenez\/"]}]},{"@type":"ImageObject","inLanguage":"en-US","@id":"https:\/\/imefilmfest.com\/international-migration-&-environmental-film-festival\/imeff-2021-the-citizens-directed-by-yameli-gomez-jimenez\/#primaryimage","url":"https:\/\/imefilmfest.com\/wp-content\/uploads\/2021\/09\/The-Citizen-poster.jpeg","contentUrl":"https:\/\/imefilmfest.com\/wp-content\/uploads\/2021\/09\/The-Citizen-poster.jpeg"},{"@type":"BreadcrumbList","@id":"https:\/\/imefilmfest.com\/international-migration-&-environmental-film-festival\/imeff-2021-the-citizens-directed-by-yameli-gomez-jimenez\/#breadcrumb","itemListElement":[{"@type":"ListItem","position":1,"name":"Home","item":"https:\/\/imefilmfest.com\/international-migration-&-environmental-film-festival\/home\/"},{"@type":"ListItem","position":2,"name":"The Citizens"}]},{"@type":"WebSite","@id":"https:\/\/imefilmfest.com\/international-migration-&-environmental-film-festival\/#website","url":"https:\/\/imefilmfest.com\/international-migration-&-environmental-film-festival\/","name":"International Migration & Environmental Film Festival","description":"North America&#039;s Largest Film Festival on Migration and Environment Sustainability","publisher":{"@id":"https:\/\/imefilmfest.com\/international-migration-&-environmental-film-festival\/#organization"},"potentialAction":[{"@type":"SearchAction","target":{"@type":"EntryPoint","urlTemplate":"https:\/\/imefilmfest.com\/international-migration-&-environmental-film-festival\/?s={search_term_string}"},"query-input":"required name=search_term_string"}],"inLanguage":"en-US"},{"@type":"Organization","@id":"https:\/\/imefilmfest.com\/international-migration-&-environmental-film-festival\/#organization","name":"International Migration & Environmental Film Festival","url":"https:\/\/imefilmfest.com\/international-migration-&-environmental-film-festival\/","logo":{"@type":"ImageObject","inLanguage":"en-US","@id":"https:\/\/imefilmfest.com\/international-migration-&-environmental-film-festival\/#\/schema\/logo\/image\/","url":"https:\/\/imefilmfest.com\/wp-content\/uploads\/2021\/09\/IMEFF-i-1-scaled.jpg","contentUrl":"https:\/\/imefilmfest.com\/wp-content\/uploads\/2021\/09\/IMEFF-i-1-scaled.jpg","width":2560,"height":2560,"caption":"International Migration & Environmental Film Festival"},"image":{"@id":"https:\/\/imefilmfest.com\/international-migration-&-environmental-film-festival\/#\/schema\/logo\/image\/"},"sameAs":["https:\/\/m.facebook.com\/imefilmfest\/"]}]}},"_links":{"self":[{"href":"https:\/\/imefilmfest.com\/international-migration-&-environmental-film-festival\/wp-json\/wp\/v2\/pages\/612","targetHints":{"allow":["GET"]}}],"collection":[{"href":"https:\/\/imefilmfest.com\/international-migration-&-environmental-film-festival\/wp-json\/wp\/v2\/pages"}],"about":[{"href":"https:\/\/imefilmfest.com\/international-migration-&-environmental-film-festival\/wp-json\/wp\/v2\/types\/page"}],"author":[{"embeddable":true,"href":"https:\/\/imefilmfest.com\/international-migration-&-environmental-film-festival\/wp-json\/wp\/v2\/users\/1"}],"replies":[{"embeddable":true,"href":"https:\/\/imefilmfest.com\/international-migration-&-environmental-film-festival\/wp-json\/wp\/v2\/comments?post=612"}],"version-history":[{"count":1,"href":"https:\/\/imefilmfest.com\/international-migration-&-environmental-film-festival\/wp-json\/wp\/v2\/pages\/612\/revisions"}],"predecessor-version":[{"id":613,"href":"https:\/\/imefilmfest.com\/international-migration-&-environmental-film-festival\/wp-json\/wp\/v2\/pages\/612\/revisions\/613"}],"wp:attachment":[{"href":"https:\/\/imefilmfest.com\/international-migration-&-environmental-film-festival\/wp-json\/wp\/v2\/media?parent=612"}],"curies":[{"name":"wp","href":"https:\/\/api.w.org\/{rel}","templated":true}]}}