{"id":614,"date":"2021-09-03T17:35:02","date_gmt":"2021-09-03T17:35:02","guid":{"rendered":"https:\/\/imefilmfest.com\/international-migration-environmental-film-festival\/?page_id=614"},"modified":"2021-09-03T17:35:03","modified_gmt":"2021-09-03T17:35:03","slug":"imeff-2021-official-selection-bridges-by-eugenia-rios","status":"publish","type":"page","link":"https:\/\/imefilmfest.com\/international-migration-&-environmental-film-festival\/imeff-2021-official-selection-bridges-by-eugenia-rios\/","title":{"rendered":"Bridges"},"content":{"rendered":"\n<figure class=\"wp-block-image size-full is-resized\"><img fetchpriority=\"high\" decoding=\"async\" src=\"data:image\/gif;base64,R0lGODlhAQABAAAAACH5BAEKAAEALAAAAAABAAEAAAICTAEAOw==\" data-layzr=\"https:\/\/imefilmfest.com\/wp-content\/uploads\/2021\/09\/Brigdes-poster.jpeg\" alt=\"\" class=\"wp-image-346\" width=\"272\" height=\"408\"\/><\/figure>\n\n\n\n<h5 class=\"wp-block-heading\">Directed by Eugenia R\u00edos<\/h5>\n\n\n\n<h5 class=\"wp-block-heading\">Country of Origin Mexico<\/h5>\n\n\n\n<h5 class=\"wp-block-heading\">Runtime- 24:26<\/h5>\n\n\n\n<p>Monterrey&#8217;s metropolitan zone it&#8217;s not only a space of transit, nowadays it has become a temporal or permanent destination for Central American people. In order to create awareness and open a dialogue about interculturality with Monterrey&#8217;s citizenship, this documentary approaches the challenges of those who decide to make Monterrey their new home.<\/p>\n\n\n\n<p><strong>Director Biography &#8211;\u00a0Eugenia R\u00edos<\/strong><a href=\"https:\/\/storage.googleapis.com\/ff-storage-p01\/press_kits\/headshots\/001\/649\/023\/original\/ba152157f3-headshot.jpg?1599750117\"><\/a><\/p>\n\n\n\n<p>My name is Eugenia R\u00edos, I completed a degree on Audiovisual Language and Production in Universidad Aut\u00f3noma de Nuevo Le\u00f3n, in Monterrey, M\u00e9xico. I have six years of experience in the video field, started with weddings, then short films, corporate videos, videos for social media and also promotional videos for theatrical shows, as well as theatrical performances.<\/p>\n\n\n\n<p>Back in 2018 I co-founded Cacat\u00faa Negra Mx, where we deliver high-quality commercial audiovisual projects and contribute to society by boing documentaries about contemporary issues.<\/p>\n","protected":false},"excerpt":{"rendered":"<p>Directed by Eugenia R\u00edos Country of Origin Mexico Runtime- 24:26 Monterrey&#8217;s metropolitan zone it&#8217;s not only a space of transit, nowadays it has become a temporal or permanent destination for Central American people. In order to create awareness and open a dialogue about interculturality with Monterrey&#8217;s citizenship, this documentary approaches the challenges of those who &hellip; <\/p>\n","protected":false},"author":1,"featured_media":0,"parent":0,"menu_order":0,"comment_status":"closed","ping_status":"closed","template":"","meta":{"pgc_sgb_lightbox_settings":"","footnotes":""},"class_list":["post-614","page","type-page","status-publish","hentry","latest_post"],"yoast_head":"<!-- This site is optimized with the Yoast SEO plugin v23.1 - https:\/\/yoast.com\/wordpress\/plugins\/seo\/ -->\n<title>OFFICIAL SELECTION- Bridges Directed by Eugenia R\u00edos<\/title>\n<meta name=\"description\" content=\"Monterrey&#039;s metropolitan zone it&#039;s not only a space of transit, nowadays it has become a temporal or permanent destination for Central America\" \/>\n<meta name=\"robots\" content=\"index, follow, max-snippet:-1, max-image-preview:large, max-video-preview:-1\" \/>\n<link rel=\"canonical\" href=\"https:\/\/imefilmfest.com\/international-migration-&-environmental-film-festival\/imeff-2021-official-selection-bridges-by-eugenia-rios\/\" \/>\n<meta property=\"og:locale\" content=\"en_US\" \/>\n<meta property=\"og:type\" content=\"article\" \/>\n<meta property=\"og:title\" content=\"OFFICIAL SELECTION- Bridges Directed by Eugenia R\u00edos\" \/>\n<meta property=\"og:description\" content=\"Monterrey&#039;s metropolitan zone it&#039;s not only a space of transit, nowadays it has become a temporal or permanent destination for Central America\" \/>\n<meta property=\"og:url\" content=\"https:\/\/imefilmfest.com\/international-migration-&amp;-environmental-film-festival\/imeff-2021-official-selection-bridges-by-eugenia-rios\/\" \/>\n<meta property=\"og:site_name\" content=\"International Migration &amp; Environmental Film Festival\" \/>\n<meta property=\"article:publisher\" content=\"https:\/\/m.facebook.com\/imefilmfest\/\" \/>\n<meta property=\"article:modified_time\" content=\"2021-09-03T17:35:03+00:00\" \/>\n<meta property=\"og:image\" content=\"https:\/\/imefilmfest.com\/wp-content\/uploads\/2021\/09\/Brigdes-poster.jpeg\" \/>\n<meta name=\"twitter:card\" content=\"summary_large_image\" \/>\n<meta name=\"twitter:label1\" content=\"Est. reading time\" \/>\n\t<meta name=\"twitter:data1\" content=\"1 minute\" \/>\n<script type=\"application\/ld+json\" class=\"yoast-schema-graph\">{\"@context\":\"https:\/\/schema.org\",\"@graph\":[{\"@type\":\"WebPage\",\"@id\":\"https:\/\/imefilmfest.com\/international-migration-&-environmental-film-festival\/imeff-2021-official-selection-bridges-by-eugenia-rios\/\",\"url\":\"https:\/\/imefilmfest.com\/international-migration-&-environmental-film-festival\/imeff-2021-official-selection-bridges-by-eugenia-rios\/\",\"name\":\"OFFICIAL SELECTION- Bridges Directed by Eugenia R\u00edos\",\"isPartOf\":{\"@id\":\"https:\/\/imefilmfest.com\/international-migration-&-environmental-film-festival\/#website\"},\"primaryImageOfPage\":{\"@id\":\"https:\/\/imefilmfest.com\/international-migration-&-environmental-film-festival\/imeff-2021-official-selection-bridges-by-eugenia-rios\/#primaryimage\"},\"image\":{\"@id\":\"https:\/\/imefilmfest.com\/international-migration-&-environmental-film-festival\/imeff-2021-official-selection-bridges-by-eugenia-rios\/#primaryimage\"},\"thumbnailUrl\":\"https:\/\/imefilmfest.com\/wp-content\/uploads\/2021\/09\/Brigdes-poster.jpeg\",\"datePublished\":\"2021-09-03T17:35:02+00:00\",\"dateModified\":\"2021-09-03T17:35:03+00:00\",\"description\":\"Monterrey's metropolitan zone it's not only a space of transit, nowadays it has become a temporal or permanent destination for Central America\",\"breadcrumb\":{\"@id\":\"https:\/\/imefilmfest.com\/international-migration-&-environmental-film-festival\/imeff-2021-official-selection-bridges-by-eugenia-rios\/#breadcrumb\"},\"inLanguage\":\"en-US\",\"potentialAction\":[{\"@type\":\"ReadAction\",\"target\":[\"https:\/\/imefilmfest.com\/international-migration-&-environmental-film-festival\/imeff-2021-official-selection-bridges-by-eugenia-rios\/\"]}]},{\"@type\":\"ImageObject\",\"inLanguage\":\"en-US\",\"@id\":\"https:\/\/imefilmfest.com\/international-migration-&-environmental-film-festival\/imeff-2021-official-selection-bridges-by-eugenia-rios\/#primaryimage\",\"url\":\"https:\/\/imefilmfest.com\/wp-content\/uploads\/2021\/09\/Brigdes-poster.jpeg\",\"contentUrl\":\"https:\/\/imefilmfest.com\/wp-content\/uploads\/2021\/09\/Brigdes-poster.jpeg\"},{\"@type\":\"BreadcrumbList\",\"@id\":\"https:\/\/imefilmfest.com\/international-migration-&-environmental-film-festival\/imeff-2021-official-selection-bridges-by-eugenia-rios\/#breadcrumb\",\"itemListElement\":[{\"@type\":\"ListItem\",\"position\":1,\"name\":\"Home\",\"item\":\"https:\/\/imefilmfest.com\/international-migration-&-environmental-film-festival\/home\/\"},{\"@type\":\"ListItem\",\"position\":2,\"name\":\"Bridges\"}]},{\"@type\":\"WebSite\",\"@id\":\"https:\/\/imefilmfest.com\/international-migration-&-environmental-film-festival\/#website\",\"url\":\"https:\/\/imefilmfest.com\/international-migration-&-environmental-film-festival\/\",\"name\":\"International Migration & Environmental Film Festival\",\"description\":\"North America&#039;s Largest Film Festival on Migration and Environment Sustainability\",\"publisher\":{\"@id\":\"https:\/\/imefilmfest.com\/international-migration-&-environmental-film-festival\/#organization\"},\"potentialAction\":[{\"@type\":\"SearchAction\",\"target\":{\"@type\":\"EntryPoint\",\"urlTemplate\":\"https:\/\/imefilmfest.com\/international-migration-&-environmental-film-festival\/?s={search_term_string}\"},\"query-input\":\"required name=search_term_string\"}],\"inLanguage\":\"en-US\"},{\"@type\":\"Organization\",\"@id\":\"https:\/\/imefilmfest.com\/international-migration-&-environmental-film-festival\/#organization\",\"name\":\"International Migration & Environmental Film Festival\",\"url\":\"https:\/\/imefilmfest.com\/international-migration-&-environmental-film-festival\/\",\"logo\":{\"@type\":\"ImageObject\",\"inLanguage\":\"en-US\",\"@id\":\"https:\/\/imefilmfest.com\/international-migration-&-environmental-film-festival\/#\/schema\/logo\/image\/\",\"url\":\"https:\/\/imefilmfest.com\/wp-content\/uploads\/2021\/09\/IMEFF-i-1-scaled.jpg\",\"contentUrl\":\"https:\/\/imefilmfest.com\/wp-content\/uploads\/2021\/09\/IMEFF-i-1-scaled.jpg\",\"width\":2560,\"height\":2560,\"caption\":\"International Migration & Environmental Film Festival\"},\"image\":{\"@id\":\"https:\/\/imefilmfest.com\/international-migration-&-environmental-film-festival\/#\/schema\/logo\/image\/\"},\"sameAs\":[\"https:\/\/m.facebook.com\/imefilmfest\/\"]}]}<\/script>\n<!-- \/ Yoast SEO plugin. -->","yoast_head_json":{"title":"OFFICIAL SELECTION- Bridges Directed by Eugenia R\u00edos","description":"Monterrey's metropolitan zone it's not only a space of transit, nowadays it has become a temporal or permanent destination for Central America","robots":{"index":"index","follow":"follow","max-snippet":"max-snippet:-1","max-image-preview":"max-image-preview:large","max-video-preview":"max-video-preview:-1"},"canonical":"https:\/\/imefilmfest.com\/international-migration-&-environmental-film-festival\/imeff-2021-official-selection-bridges-by-eugenia-rios\/","og_locale":"en_US","og_type":"article","og_title":"OFFICIAL SELECTION- Bridges Directed by Eugenia R\u00edos","og_description":"Monterrey's metropolitan zone it's not only a space of transit, nowadays it has become a temporal or permanent destination for Central America","og_url":"https:\/\/imefilmfest.com\/international-migration-&-environmental-film-festival\/imeff-2021-official-selection-bridges-by-eugenia-rios\/","og_site_name":"International Migration &amp; Environmental Film Festival","article_publisher":"https:\/\/m.facebook.com\/imefilmfest\/","article_modified_time":"2021-09-03T17:35:03+00:00","og_image":[{"url":"https:\/\/imefilmfest.com\/wp-content\/uploads\/2021\/09\/Brigdes-poster.jpeg"}],"twitter_card":"summary_large_image","twitter_misc":{"Est. reading time":"1 minute"},"schema":{"@context":"https:\/\/schema.org","@graph":[{"@type":"WebPage","@id":"https:\/\/imefilmfest.com\/international-migration-&-environmental-film-festival\/imeff-2021-official-selection-bridges-by-eugenia-rios\/","url":"https:\/\/imefilmfest.com\/international-migration-&-environmental-film-festival\/imeff-2021-official-selection-bridges-by-eugenia-rios\/","name":"OFFICIAL SELECTION- Bridges Directed by Eugenia R\u00edos","isPartOf":{"@id":"https:\/\/imefilmfest.com\/international-migration-&-environmental-film-festival\/#website"},"primaryImageOfPage":{"@id":"https:\/\/imefilmfest.com\/international-migration-&-environmental-film-festival\/imeff-2021-official-selection-bridges-by-eugenia-rios\/#primaryimage"},"image":{"@id":"https:\/\/imefilmfest.com\/international-migration-&-environmental-film-festival\/imeff-2021-official-selection-bridges-by-eugenia-rios\/#primaryimage"},"thumbnailUrl":"https:\/\/imefilmfest.com\/wp-content\/uploads\/2021\/09\/Brigdes-poster.jpeg","datePublished":"2021-09-03T17:35:02+00:00","dateModified":"2021-09-03T17:35:03+00:00","description":"Monterrey's metropolitan zone it's not only a space of transit, nowadays it has become a temporal or permanent destination for Central America","breadcrumb":{"@id":"https:\/\/imefilmfest.com\/international-migration-&-environmental-film-festival\/imeff-2021-official-selection-bridges-by-eugenia-rios\/#breadcrumb"},"inLanguage":"en-US","potentialAction":[{"@type":"ReadAction","target":["https:\/\/imefilmfest.com\/international-migration-&-environmental-film-festival\/imeff-2021-official-selection-bridges-by-eugenia-rios\/"]}]},{"@type":"ImageObject","inLanguage":"en-US","@id":"https:\/\/imefilmfest.com\/international-migration-&-environmental-film-festival\/imeff-2021-official-selection-bridges-by-eugenia-rios\/#primaryimage","url":"https:\/\/imefilmfest.com\/wp-content\/uploads\/2021\/09\/Brigdes-poster.jpeg","contentUrl":"https:\/\/imefilmfest.com\/wp-content\/uploads\/2021\/09\/Brigdes-poster.jpeg"},{"@type":"BreadcrumbList","@id":"https:\/\/imefilmfest.com\/international-migration-&-environmental-film-festival\/imeff-2021-official-selection-bridges-by-eugenia-rios\/#breadcrumb","itemListElement":[{"@type":"ListItem","position":1,"name":"Home","item":"https:\/\/imefilmfest.com\/international-migration-&-environmental-film-festival\/home\/"},{"@type":"ListItem","position":2,"name":"Bridges"}]},{"@type":"WebSite","@id":"https:\/\/imefilmfest.com\/international-migration-&-environmental-film-festival\/#website","url":"https:\/\/imefilmfest.com\/international-migration-&-environmental-film-festival\/","name":"International Migration & Environmental Film Festival","description":"North America&#039;s Largest Film Festival on Migration and Environment Sustainability","publisher":{"@id":"https:\/\/imefilmfest.com\/international-migration-&-environmental-film-festival\/#organization"},"potentialAction":[{"@type":"SearchAction","target":{"@type":"EntryPoint","urlTemplate":"https:\/\/imefilmfest.com\/international-migration-&-environmental-film-festival\/?s={search_term_string}"},"query-input":"required name=search_term_string"}],"inLanguage":"en-US"},{"@type":"Organization","@id":"https:\/\/imefilmfest.com\/international-migration-&-environmental-film-festival\/#organization","name":"International Migration & Environmental Film Festival","url":"https:\/\/imefilmfest.com\/international-migration-&-environmental-film-festival\/","logo":{"@type":"ImageObject","inLanguage":"en-US","@id":"https:\/\/imefilmfest.com\/international-migration-&-environmental-film-festival\/#\/schema\/logo\/image\/","url":"https:\/\/imefilmfest.com\/wp-content\/uploads\/2021\/09\/IMEFF-i-1-scaled.jpg","contentUrl":"https:\/\/imefilmfest.com\/wp-content\/uploads\/2021\/09\/IMEFF-i-1-scaled.jpg","width":2560,"height":2560,"caption":"International Migration & Environmental Film Festival"},"image":{"@id":"https:\/\/imefilmfest.com\/international-migration-&-environmental-film-festival\/#\/schema\/logo\/image\/"},"sameAs":["https:\/\/m.facebook.com\/imefilmfest\/"]}]}},"_links":{"self":[{"href":"https:\/\/imefilmfest.com\/international-migration-&-environmental-film-festival\/wp-json\/wp\/v2\/pages\/614","targetHints":{"allow":["GET"]}}],"collection":[{"href":"https:\/\/imefilmfest.com\/international-migration-&-environmental-film-festival\/wp-json\/wp\/v2\/pages"}],"about":[{"href":"https:\/\/imefilmfest.com\/international-migration-&-environmental-film-festival\/wp-json\/wp\/v2\/types\/page"}],"author":[{"embeddable":true,"href":"https:\/\/imefilmfest.com\/international-migration-&-environmental-film-festival\/wp-json\/wp\/v2\/users\/1"}],"replies":[{"embeddable":true,"href":"https:\/\/imefilmfest.com\/international-migration-&-environmental-film-festival\/wp-json\/wp\/v2\/comments?post=614"}],"version-history":[{"count":1,"href":"https:\/\/imefilmfest.com\/international-migration-&-environmental-film-festival\/wp-json\/wp\/v2\/pages\/614\/revisions"}],"predecessor-version":[{"id":615,"href":"https:\/\/imefilmfest.com\/international-migration-&-environmental-film-festival\/wp-json\/wp\/v2\/pages\/614\/revisions\/615"}],"wp:attachment":[{"href":"https:\/\/imefilmfest.com\/international-migration-&-environmental-film-festival\/wp-json\/wp\/v2\/media?parent=614"}],"curies":[{"name":"wp","href":"https:\/\/api.w.org\/{rel}","templated":true}]}}