{"id":684,"date":"2021-09-04T07:07:44","date_gmt":"2021-09-04T07:07:44","guid":{"rendered":"https:\/\/imefilmfest.com\/international-migration-environmental-film-festival\/?page_id=684"},"modified":"2021-09-04T07:07:44","modified_gmt":"2021-09-04T07:07:44","slug":"imeff-2021-pilgrims-chamos-by-jose-miguel-restrepo-moreno","status":"publish","type":"page","link":"https:\/\/imefilmfest.com\/international-migration-&-environmental-film-festival\/imeff-2021-pilgrims-chamos-by-jose-miguel-restrepo-moreno\/","title":{"rendered":"PILGRIMS CHAMOS"},"content":{"rendered":"\n<figure class=\"wp-block-image size-full is-resized\"><img fetchpriority=\"high\" decoding=\"async\" src=\"data:image\/gif;base64,R0lGODlhAQABAAAAACH5BAEKAAEALAAAAAABAAEAAAICTAEAOw==\" data-layzr=\"https:\/\/imefilmfest.com\/wp-content\/uploads\/2021\/09\/Pilgrims-Chamos-poster.jpeg\" alt=\"\" class=\"wp-image-357\" width=\"436\" height=\"583\"\/><\/figure>\n\n\n\n<h5 class=\"wp-block-heading\">Directed by JOS\u00c9 MIGUEL RESTREPO MORENO<\/h5>\n\n\n\n<h5 class=\"wp-block-heading\">Country of Origin &#8211; Colombia<\/h5>\n\n\n\n<h5 class=\"wp-block-heading\">Runtime- 02:10:00<\/h5>\n\n\n\n<p>Venezuela suffers from a severe humanitarian crisis, due to local politics that is exacerbated with a trade blockade imposed on the nation, which has generated a huge exodus of its population due to hunger, hyper inflation and product shortages at all levels. Colombia as a neighboring country is the recipient of many immigrants. Medell\u00edn, the commercial capital of the country, has received thousands who survive in the midst of new codes in one of the richest, most prosperous, but also violent regions of the continent. Chamos and Creoles live off their trades and talents sharing spaces and dreams.<\/p>\n\n\n\n<p><\/p>\n\n\n\n<p><strong>Director Biography &#8211;\u00a0JOS\u00c9 MIGUEL RESTREPO MORENO<\/strong><\/p>\n\n\n\n<p>PREMIOS Y DISTINCIONES<br>2019. EL D\u00cdA DE LOS CONECTADOS. PREMIO DEL P\u00daBLICO, MEJOR DOCUMENTAL XXII FESTIVAL DE M\u00c1LAGA.<\/p>\n\n\n\n<p>2015. CANTOS DE PAZ \/ FONTV Y ANTV TELEANTIOQUIA \/ COMISION NACIONAL DE TV.<\/p>\n\n\n\n<p>2013 LA HERENCIA DEL PALADAR \/ 1ER LUGAR PROYECTO DOCUMENTAL AFRO ANTIOQUE\u00d1OS \u00bf200 A\u00d1OS DE INDEPENDENCIA? TELEANTIOQUIA \/ COMISION NACIONAL DE TV. 2014.<\/p>\n\n\n\n<p>2010 LA JUBILACION ES LA MUERTE \/ MEJOR PITCH PROYECTO DOCUMENTAL. FICCI \u2013 FESTIVAL DE CINE CARTAGENA DE INDIAS.<\/p>\n\n\n\n<p>2007 NEGRO Y OSCURO \/ MEJOR DOCUMENTAL MINISTERIO DE CULTURA. 2010.<\/p>\n\n\n\n<p>2006. DANZANDO LA CASA \/ VIDEO EXPERIMENTAL GANADOR SECRETARIA DE CULTURA CIUDADANA.<\/p>\n\n\n\n<p>2006 LA PE\u00d1A \/ PREMIO ESPCIAL DE JURADO VIDEO MINUTO. MALPENSANTE E IMAGINAT\u00d3N. 2006.<\/p>\n\n\n\n<p>2003 TIEMPO DE NACER \/ MEJOR CINEMATOGRAF\u00cdA MEJOR DOCUMENTAL WORLD TOUR INTERNATIONAL FESTIVAL OF CINEMA AND TECNOLOGY. 2004.<\/p>\n\n\n\n<p>2002 EL PRINCIPE Y LA PRINCESA \/ MEJOR CORTOMETRAJE FICCI\u00d3N<br>CON ARGUMENTO \u2013 EAFIT.<\/p>\n\n\n\n<p>2002 TRILOG\u00cdA DE AMOR \/ MEJOR VIDEOMINUTO MINISTERIOR DE CULTURA.<\/p>\n\n\n\n<p>2002. LA MANCHA AMARILLA \/ SELECCI\u00d3N OFICIAL<br>DI\u00c1LOGOS DE NACI\u00d3N. MINISTERIO DE CULTURA.<\/p>\n\n\n\n<p>1999. EL VIDEO DOCUMENTO COMO HERRAMIENTA PARA GENERAR EL ARRAIGO Y LA IDENTIDAD NECESARIAS PARA EL DESARROLLO RURAL, HUMANO, ARM\u00d3NICO Y SOSTENIBLE EN VEREDAS DEL OCCIDENTE DE ANTIOQUIA. MINISTERIO DE CULTURA.<\/p>\n\n\n\n<p>RECIENTES OBRAS Y PRODUCTOS<br>Nombre del producto: VIOLENCIAS EN EL TERRITORIO, Disciplina: Humanidades &#8212; Arte &#8212; Artes audiovisuales, Fecha de creaci\u00f3n: Marzo de 2019<br>INSTANCIAS DE VALORACI\u00d3N DE LA OBRA<\/p>\n\n\n\n<p>Nombre del espacio o evento: MIRADAS CRUZADAS, Fecha de presentaci\u00f3n: 2018-12-14, Entidad convocante 1: UNIVERSIDAD NACIONAL DE COLOMBIA SEDE MEDELL\u00cdN<\/p>\n\n\n\n<p>Nombre del producto: LA TOMA, TEJIDOS DE MEMORIA DE RESISTENCIA, Disciplina: Humanidades &#8212; Arte &#8212; Artes audiovisuales, Fecha de creaci\u00f3n: Noviembre de 2018<br>INSTANCIAS DE VALORACI\u00d3N DE LA OBRA<br>Nombre del espacio o evento: FILMA AFRO, Fecha de presentaci\u00f3n: 2019-07-08, Entidad convocante 1:<\/p>\n\n\n\n<p>Nombre del producto: NACION VIEJA PUEBLO NUEVO, Disciplina: Humanidades &#8212; Arte &#8212; Artes audiovisuales, Fecha de creaci\u00f3n: Junio de 2018<br>INSTANCIAS DE VALORACI\u00d3N DE LA OBRA<br>Nombre del espacio o evento: INVESTIGACI\u00d3N PARTICIPANTE EN COLINAS GUAVIARE, Fecha de presentaci\u00f3n: 2019-05-21, Entidad convocante 1: UNIVERSIDAD NACIONAL DE COLOMBIA SEDE MEDELL\u00cdN<\/p>\n\n\n\n<p><\/p>\n","protected":false},"excerpt":{"rendered":"<p>Directed by JOS\u00c9 MIGUEL RESTREPO MORENO Country of Origin &#8211; Colombia Runtime- 02:10:00 Venezuela suffers from a severe humanitarian crisis, due to local politics that is exacerbated with a trade blockade imposed on the nation, which has generated a huge exodus of its population due to hunger, hyper inflation and product shortages at all levels. &hellip; <\/p>\n","protected":false},"author":1,"featured_media":0,"parent":0,"menu_order":0,"comment_status":"closed","ping_status":"closed","template":"","meta":{"pgc_sgb_lightbox_settings":"","footnotes":""},"class_list":["post-684","page","type-page","status-publish","hentry","latest_post"],"yoast_head":"<!-- This site is optimized with the Yoast SEO plugin v23.1 - https:\/\/yoast.com\/wordpress\/plugins\/seo\/ -->\n<title>OFFICIAL SELECTION- PILGRIMS CHAMOS by JOS\u00c9 MIGUEL RESTR,.<\/title>\n<meta name=\"description\" content=\"Venezuela suffers from a severe humanitarian crisis, due to local politics that is exacerbated with a trade blockade imposed on the nation,.\" \/>\n<meta name=\"robots\" content=\"index, follow, max-snippet:-1, max-image-preview:large, max-video-preview:-1\" \/>\n<link rel=\"canonical\" href=\"https:\/\/imefilmfest.com\/international-migration-&-environmental-film-festival\/imeff-2021-pilgrims-chamos-by-jose-miguel-restrepo-moreno\/\" \/>\n<meta property=\"og:locale\" content=\"en_US\" \/>\n<meta property=\"og:type\" content=\"article\" \/>\n<meta property=\"og:title\" content=\"OFFICIAL SELECTION- PILGRIMS CHAMOS by JOS\u00c9 MIGUEL RESTR,.\" \/>\n<meta property=\"og:description\" content=\"Venezuela suffers from a severe humanitarian crisis, due to local politics that is exacerbated with a trade blockade imposed on the nation,.\" \/>\n<meta property=\"og:url\" content=\"https:\/\/imefilmfest.com\/international-migration-&amp;-environmental-film-festival\/imeff-2021-pilgrims-chamos-by-jose-miguel-restrepo-moreno\/\" \/>\n<meta property=\"og:site_name\" content=\"International Migration &amp; Environmental Film Festival\" \/>\n<meta property=\"article:publisher\" content=\"https:\/\/m.facebook.com\/imefilmfest\/\" \/>\n<meta property=\"og:image\" content=\"https:\/\/imefilmfest.com\/wp-content\/uploads\/2021\/09\/Pilgrims-Chamos-poster.jpeg\" \/>\n<meta name=\"twitter:card\" content=\"summary_large_image\" \/>\n<meta name=\"twitter:label1\" content=\"Est. reading time\" \/>\n\t<meta name=\"twitter:data1\" content=\"3 minutes\" \/>\n<script type=\"application\/ld+json\" class=\"yoast-schema-graph\">{\"@context\":\"https:\/\/schema.org\",\"@graph\":[{\"@type\":\"WebPage\",\"@id\":\"https:\/\/imefilmfest.com\/international-migration-&-environmental-film-festival\/imeff-2021-pilgrims-chamos-by-jose-miguel-restrepo-moreno\/\",\"url\":\"https:\/\/imefilmfest.com\/international-migration-&-environmental-film-festival\/imeff-2021-pilgrims-chamos-by-jose-miguel-restrepo-moreno\/\",\"name\":\"OFFICIAL SELECTION- PILGRIMS CHAMOS by JOS\u00c9 MIGUEL RESTR,.\",\"isPartOf\":{\"@id\":\"https:\/\/imefilmfest.com\/international-migration-&-environmental-film-festival\/#website\"},\"primaryImageOfPage\":{\"@id\":\"https:\/\/imefilmfest.com\/international-migration-&-environmental-film-festival\/imeff-2021-pilgrims-chamos-by-jose-miguel-restrepo-moreno\/#primaryimage\"},\"image\":{\"@id\":\"https:\/\/imefilmfest.com\/international-migration-&-environmental-film-festival\/imeff-2021-pilgrims-chamos-by-jose-miguel-restrepo-moreno\/#primaryimage\"},\"thumbnailUrl\":\"https:\/\/imefilmfest.com\/wp-content\/uploads\/2021\/09\/Pilgrims-Chamos-poster.jpeg\",\"datePublished\":\"2021-09-04T07:07:44+00:00\",\"dateModified\":\"2021-09-04T07:07:44+00:00\",\"description\":\"Venezuela suffers from a severe humanitarian crisis, due to local politics that is exacerbated with a trade blockade imposed on the nation,.\",\"breadcrumb\":{\"@id\":\"https:\/\/imefilmfest.com\/international-migration-&-environmental-film-festival\/imeff-2021-pilgrims-chamos-by-jose-miguel-restrepo-moreno\/#breadcrumb\"},\"inLanguage\":\"en-US\",\"potentialAction\":[{\"@type\":\"ReadAction\",\"target\":[\"https:\/\/imefilmfest.com\/international-migration-&-environmental-film-festival\/imeff-2021-pilgrims-chamos-by-jose-miguel-restrepo-moreno\/\"]}]},{\"@type\":\"ImageObject\",\"inLanguage\":\"en-US\",\"@id\":\"https:\/\/imefilmfest.com\/international-migration-&-environmental-film-festival\/imeff-2021-pilgrims-chamos-by-jose-miguel-restrepo-moreno\/#primaryimage\",\"url\":\"https:\/\/imefilmfest.com\/wp-content\/uploads\/2021\/09\/Pilgrims-Chamos-poster.jpeg\",\"contentUrl\":\"https:\/\/imefilmfest.com\/wp-content\/uploads\/2021\/09\/Pilgrims-Chamos-poster.jpeg\"},{\"@type\":\"BreadcrumbList\",\"@id\":\"https:\/\/imefilmfest.com\/international-migration-&-environmental-film-festival\/imeff-2021-pilgrims-chamos-by-jose-miguel-restrepo-moreno\/#breadcrumb\",\"itemListElement\":[{\"@type\":\"ListItem\",\"position\":1,\"name\":\"Home\",\"item\":\"https:\/\/imefilmfest.com\/international-migration-&-environmental-film-festival\/home\/\"},{\"@type\":\"ListItem\",\"position\":2,\"name\":\"PILGRIMS CHAMOS\"}]},{\"@type\":\"WebSite\",\"@id\":\"https:\/\/imefilmfest.com\/international-migration-&-environmental-film-festival\/#website\",\"url\":\"https:\/\/imefilmfest.com\/international-migration-&-environmental-film-festival\/\",\"name\":\"International Migration & Environmental Film Festival\",\"description\":\"North America&#039;s Largest Film Festival on Migration and Environment Sustainability\",\"publisher\":{\"@id\":\"https:\/\/imefilmfest.com\/international-migration-&-environmental-film-festival\/#organization\"},\"potentialAction\":[{\"@type\":\"SearchAction\",\"target\":{\"@type\":\"EntryPoint\",\"urlTemplate\":\"https:\/\/imefilmfest.com\/international-migration-&-environmental-film-festival\/?s={search_term_string}\"},\"query-input\":\"required name=search_term_string\"}],\"inLanguage\":\"en-US\"},{\"@type\":\"Organization\",\"@id\":\"https:\/\/imefilmfest.com\/international-migration-&-environmental-film-festival\/#organization\",\"name\":\"International Migration & Environmental Film Festival\",\"url\":\"https:\/\/imefilmfest.com\/international-migration-&-environmental-film-festival\/\",\"logo\":{\"@type\":\"ImageObject\",\"inLanguage\":\"en-US\",\"@id\":\"https:\/\/imefilmfest.com\/international-migration-&-environmental-film-festival\/#\/schema\/logo\/image\/\",\"url\":\"https:\/\/imefilmfest.com\/wp-content\/uploads\/2021\/09\/IMEFF-i-1-scaled.jpg\",\"contentUrl\":\"https:\/\/imefilmfest.com\/wp-content\/uploads\/2021\/09\/IMEFF-i-1-scaled.jpg\",\"width\":2560,\"height\":2560,\"caption\":\"International Migration & Environmental Film Festival\"},\"image\":{\"@id\":\"https:\/\/imefilmfest.com\/international-migration-&-environmental-film-festival\/#\/schema\/logo\/image\/\"},\"sameAs\":[\"https:\/\/m.facebook.com\/imefilmfest\/\"]}]}<\/script>\n<!-- \/ Yoast SEO plugin. -->","yoast_head_json":{"title":"OFFICIAL SELECTION- PILGRIMS CHAMOS by JOS\u00c9 MIGUEL RESTR,.","description":"Venezuela suffers from a severe humanitarian crisis, due to local politics that is exacerbated with a trade blockade imposed on the nation,.","robots":{"index":"index","follow":"follow","max-snippet":"max-snippet:-1","max-image-preview":"max-image-preview:large","max-video-preview":"max-video-preview:-1"},"canonical":"https:\/\/imefilmfest.com\/international-migration-&-environmental-film-festival\/imeff-2021-pilgrims-chamos-by-jose-miguel-restrepo-moreno\/","og_locale":"en_US","og_type":"article","og_title":"OFFICIAL SELECTION- PILGRIMS CHAMOS by JOS\u00c9 MIGUEL RESTR,.","og_description":"Venezuela suffers from a severe humanitarian crisis, due to local politics that is exacerbated with a trade blockade imposed on the nation,.","og_url":"https:\/\/imefilmfest.com\/international-migration-&-environmental-film-festival\/imeff-2021-pilgrims-chamos-by-jose-miguel-restrepo-moreno\/","og_site_name":"International Migration &amp; Environmental Film Festival","article_publisher":"https:\/\/m.facebook.com\/imefilmfest\/","og_image":[{"url":"https:\/\/imefilmfest.com\/wp-content\/uploads\/2021\/09\/Pilgrims-Chamos-poster.jpeg"}],"twitter_card":"summary_large_image","twitter_misc":{"Est. reading time":"3 minutes"},"schema":{"@context":"https:\/\/schema.org","@graph":[{"@type":"WebPage","@id":"https:\/\/imefilmfest.com\/international-migration-&-environmental-film-festival\/imeff-2021-pilgrims-chamos-by-jose-miguel-restrepo-moreno\/","url":"https:\/\/imefilmfest.com\/international-migration-&-environmental-film-festival\/imeff-2021-pilgrims-chamos-by-jose-miguel-restrepo-moreno\/","name":"OFFICIAL SELECTION- PILGRIMS CHAMOS by JOS\u00c9 MIGUEL RESTR,.","isPartOf":{"@id":"https:\/\/imefilmfest.com\/international-migration-&-environmental-film-festival\/#website"},"primaryImageOfPage":{"@id":"https:\/\/imefilmfest.com\/international-migration-&-environmental-film-festival\/imeff-2021-pilgrims-chamos-by-jose-miguel-restrepo-moreno\/#primaryimage"},"image":{"@id":"https:\/\/imefilmfest.com\/international-migration-&-environmental-film-festival\/imeff-2021-pilgrims-chamos-by-jose-miguel-restrepo-moreno\/#primaryimage"},"thumbnailUrl":"https:\/\/imefilmfest.com\/wp-content\/uploads\/2021\/09\/Pilgrims-Chamos-poster.jpeg","datePublished":"2021-09-04T07:07:44+00:00","dateModified":"2021-09-04T07:07:44+00:00","description":"Venezuela suffers from a severe humanitarian crisis, due to local politics that is exacerbated with a trade blockade imposed on the nation,.","breadcrumb":{"@id":"https:\/\/imefilmfest.com\/international-migration-&-environmental-film-festival\/imeff-2021-pilgrims-chamos-by-jose-miguel-restrepo-moreno\/#breadcrumb"},"inLanguage":"en-US","potentialAction":[{"@type":"ReadAction","target":["https:\/\/imefilmfest.com\/international-migration-&-environmental-film-festival\/imeff-2021-pilgrims-chamos-by-jose-miguel-restrepo-moreno\/"]}]},{"@type":"ImageObject","inLanguage":"en-US","@id":"https:\/\/imefilmfest.com\/international-migration-&-environmental-film-festival\/imeff-2021-pilgrims-chamos-by-jose-miguel-restrepo-moreno\/#primaryimage","url":"https:\/\/imefilmfest.com\/wp-content\/uploads\/2021\/09\/Pilgrims-Chamos-poster.jpeg","contentUrl":"https:\/\/imefilmfest.com\/wp-content\/uploads\/2021\/09\/Pilgrims-Chamos-poster.jpeg"},{"@type":"BreadcrumbList","@id":"https:\/\/imefilmfest.com\/international-migration-&-environmental-film-festival\/imeff-2021-pilgrims-chamos-by-jose-miguel-restrepo-moreno\/#breadcrumb","itemListElement":[{"@type":"ListItem","position":1,"name":"Home","item":"https:\/\/imefilmfest.com\/international-migration-&-environmental-film-festival\/home\/"},{"@type":"ListItem","position":2,"name":"PILGRIMS CHAMOS"}]},{"@type":"WebSite","@id":"https:\/\/imefilmfest.com\/international-migration-&-environmental-film-festival\/#website","url":"https:\/\/imefilmfest.com\/international-migration-&-environmental-film-festival\/","name":"International Migration & Environmental Film Festival","description":"North America&#039;s Largest Film Festival on Migration and Environment Sustainability","publisher":{"@id":"https:\/\/imefilmfest.com\/international-migration-&-environmental-film-festival\/#organization"},"potentialAction":[{"@type":"SearchAction","target":{"@type":"EntryPoint","urlTemplate":"https:\/\/imefilmfest.com\/international-migration-&-environmental-film-festival\/?s={search_term_string}"},"query-input":"required name=search_term_string"}],"inLanguage":"en-US"},{"@type":"Organization","@id":"https:\/\/imefilmfest.com\/international-migration-&-environmental-film-festival\/#organization","name":"International Migration & Environmental Film Festival","url":"https:\/\/imefilmfest.com\/international-migration-&-environmental-film-festival\/","logo":{"@type":"ImageObject","inLanguage":"en-US","@id":"https:\/\/imefilmfest.com\/international-migration-&-environmental-film-festival\/#\/schema\/logo\/image\/","url":"https:\/\/imefilmfest.com\/wp-content\/uploads\/2021\/09\/IMEFF-i-1-scaled.jpg","contentUrl":"https:\/\/imefilmfest.com\/wp-content\/uploads\/2021\/09\/IMEFF-i-1-scaled.jpg","width":2560,"height":2560,"caption":"International Migration & Environmental Film Festival"},"image":{"@id":"https:\/\/imefilmfest.com\/international-migration-&-environmental-film-festival\/#\/schema\/logo\/image\/"},"sameAs":["https:\/\/m.facebook.com\/imefilmfest\/"]}]}},"_links":{"self":[{"href":"https:\/\/imefilmfest.com\/international-migration-&-environmental-film-festival\/wp-json\/wp\/v2\/pages\/684","targetHints":{"allow":["GET"]}}],"collection":[{"href":"https:\/\/imefilmfest.com\/international-migration-&-environmental-film-festival\/wp-json\/wp\/v2\/pages"}],"about":[{"href":"https:\/\/imefilmfest.com\/international-migration-&-environmental-film-festival\/wp-json\/wp\/v2\/types\/page"}],"author":[{"embeddable":true,"href":"https:\/\/imefilmfest.com\/international-migration-&-environmental-film-festival\/wp-json\/wp\/v2\/users\/1"}],"replies":[{"embeddable":true,"href":"https:\/\/imefilmfest.com\/international-migration-&-environmental-film-festival\/wp-json\/wp\/v2\/comments?post=684"}],"version-history":[{"count":1,"href":"https:\/\/imefilmfest.com\/international-migration-&-environmental-film-festival\/wp-json\/wp\/v2\/pages\/684\/revisions"}],"predecessor-version":[{"id":685,"href":"https:\/\/imefilmfest.com\/international-migration-&-environmental-film-festival\/wp-json\/wp\/v2\/pages\/684\/revisions\/685"}],"wp:attachment":[{"href":"https:\/\/imefilmfest.com\/international-migration-&-environmental-film-festival\/wp-json\/wp\/v2\/media?parent=684"}],"curies":[{"name":"wp","href":"https:\/\/api.w.org\/{rel}","templated":true}]}}