{"id":686,"date":"2021-09-04T07:15:13","date_gmt":"2021-09-04T07:15:13","guid":{"rendered":"https:\/\/imefilmfest.com\/international-migration-environmental-film-festival\/?page_id=686"},"modified":"2021-09-04T07:15:13","modified_gmt":"2021-09-04T07:15:13","slug":"imeff-2021-official-selection-handmade-in-bangledesh-by-wehking-liz-bachhuber","status":"publish","type":"page","link":"https:\/\/imefilmfest.com\/international-migration-&-environmental-film-festival\/imeff-2021-official-selection-handmade-in-bangledesh-by-wehking-liz-bachhuber\/","title":{"rendered":"Handmade in Bangladesh"},"content":{"rendered":"\n<figure class=\"wp-block-image size-full is-resized\"><img fetchpriority=\"high\" decoding=\"async\" src=\"data:image\/gif;base64,R0lGODlhAQABAAAAACH5BAEKAAEALAAAAAABAAEAAAICTAEAOw==\" data-layzr=\"https:\/\/imefilmfest.com\/wp-content\/uploads\/2021\/09\/Handmade-in-Bangladesh-poster.jpeg\" alt=\"\" class=\"wp-image-358\" width=\"396\" height=\"560\"\/><\/figure>\n\n\n\n<h5 class=\"wp-block-heading\">Directed by Florian Wehking, Liz Bachhuber<\/h5>\n\n\n\n<h5 class=\"wp-block-heading\">Country of Origin- Germany<\/h5>\n\n\n\n<h5 class=\"wp-block-heading\">Runtime- 01:16:25<\/h5>\n\n\n\n<p>In short episodes Handmade in Bangladesh tells the stories of average working people who live in a rich cultural heritage of artisan handicraft and creativity. They invent many ways of recycling in order to make a living out of basically nothing, looking at it from the perspective of the affluent West, in the sense that \u201cOne man\u2019s trash is another man\u2019s treasure.\u201d In this way Handmade in Bangladesh offers an alternative point of view to the often one-sided, negative media image of this young, independent country.<\/p>\n\n\n\n<p><\/p>\n\n\n\n<p>Director Biography &#8211;\u00a0<strong>Florian Wehking, Liz Bachhuber<\/strong><a href=\"https:\/\/storage.googleapis.com\/ff-storage-p01\/press_kits\/headshots\/001\/487\/990\/original\/c79fd05746-headshot.jpg?1594757581\"><\/a><\/p>\n\n\n\n<p>Fl<strong>orian Wehking <\/strong>was born in Westerstede (Lower Saxony, Germany) in 1982. From 2001 to 2003 he studied political science, philosophy and German philology at the Carl-von-Ossietzky-Universit\u00e4t in Oldenburg. Until 2009 he studied visual communication at the Bauhaus-Universit\u00e4t in Weimar, where he has been working as a freelance filmmaker, photographer and graphic designer since 2010. Since 2015 he is also an artistic associate at Bauhaus-Universit\u00e4t Weimar.<br>Various of his film works have received awards at film festivals and have been broadcast by ORF and MDR. Among other things, he received a grant from the Th\u00fcringer Graduiertenf\u00f6rderung des Freistaats Th\u00fcringen and artist\u2019s grants from the Kulturstiftung des Freistaats Th\u00fcringen.<br>His works relate to the everyday survival of people on the edge of society. The political and social context is always an essential aspect, aiming to create empathy with the other \u2013 without which it proves impossible to live together.<\/p>\n\n\n\n<p><strong>Liz Bachhuber<\/strong><br>Sculptor and Installation Artist Liz Bachhuber was a Professor of Fine Art (Freie Kunst) at the Bauhaus-Universit\u00e4t Weimar. Her research interests and artistic practice focuses on the environment with a particular emphasis on the found object in Art and the global implications of unbridled consumerism and the resulting garbage. She has a history, in the tradition of the Bauhaus-Universit\u00e4t, of working at the intersection of Art and Science in collaboration with environmental engineers.<br>Her long-standing interest in politics, recycling and technology led to the following research projects and exhibitions: \u201cDas M\u00fcll Projekt\u201d 1993; \u201cFlottsam and Jetsam\u201d 2001 and \u201cEntrop(H)y: Garbage and Art\u201d 2011 and \u201cBorder City \u2013 Chapter 1 &amp; 2\u201d 2013 &amp; 2016 in collaboration with the Chair for Waste Management\/Biotechnology in the Resource Economy at the Bauhaus-Universit\u00e4t. In 2001 \u2013 2011 she founded and headed up the English-language, international MFA-Program Public Art and New Artistic Strategies with the support of the DAAD.<br>She has also spearheaded the interfaculty and international collaboration between Art, Environmental Engineering and Urbanism in the DAAD Strategic University Partnership with the University of California San Diego.<\/p>\n","protected":false},"excerpt":{"rendered":"<p>Directed by Florian Wehking, Liz Bachhuber Country of Origin- Germany Runtime- 01:16:25 In short episodes Handmade in Bangladesh tells the stories of average working people who live in a rich cultural heritage of artisan handicraft and creativity. They invent many ways of recycling in order to make a living out of basically nothing, looking at &hellip; <\/p>\n","protected":false},"author":1,"featured_media":0,"parent":0,"menu_order":0,"comment_status":"closed","ping_status":"closed","template":"","meta":{"pgc_sgb_lightbox_settings":"","footnotes":""},"class_list":["post-686","page","type-page","status-publish","hentry","latest_post"],"yoast_head":"<!-- This site is optimized with the Yoast SEO plugin v23.1 - https:\/\/yoast.com\/wordpress\/plugins\/seo\/ -->\n<title>Handmade in Bangladesh - International Migration &amp; Environmental Film Festival<\/title>\n<meta name=\"robots\" content=\"index, follow, max-snippet:-1, max-image-preview:large, max-video-preview:-1\" \/>\n<link rel=\"canonical\" href=\"https:\/\/imefilmfest.com\/international-migration-&-environmental-film-festival\/imeff-2021-official-selection-handmade-in-bangledesh-by-wehking-liz-bachhuber\/\" \/>\n<meta property=\"og:locale\" content=\"en_US\" \/>\n<meta property=\"og:type\" content=\"article\" \/>\n<meta property=\"og:title\" content=\"Handmade in Bangladesh - International Migration &amp; Environmental Film Festival\" \/>\n<meta property=\"og:description\" content=\"Directed by Florian Wehking, Liz Bachhuber Country of Origin- Germany Runtime- 01:16:25 In short episodes Handmade in Bangladesh tells the stories of average working people who live in a rich cultural heritage of artisan handicraft and creativity. They invent many ways of recycling in order to make a living out of basically nothing, looking at &hellip;\" \/>\n<meta property=\"og:url\" content=\"https:\/\/imefilmfest.com\/international-migration-&amp;-environmental-film-festival\/imeff-2021-official-selection-handmade-in-bangledesh-by-wehking-liz-bachhuber\/\" \/>\n<meta property=\"og:site_name\" content=\"International Migration &amp; Environmental Film Festival\" \/>\n<meta property=\"article:publisher\" content=\"https:\/\/m.facebook.com\/imefilmfest\/\" \/>\n<meta property=\"og:image\" content=\"https:\/\/imefilmfest.com\/wp-content\/uploads\/2021\/09\/Handmade-in-Bangladesh-poster.jpeg\" \/>\n<meta name=\"twitter:card\" content=\"summary_large_image\" \/>\n<meta name=\"twitter:label1\" content=\"Est. reading time\" \/>\n\t<meta name=\"twitter:data1\" content=\"2 minutes\" \/>\n<script type=\"application\/ld+json\" class=\"yoast-schema-graph\">{\"@context\":\"https:\/\/schema.org\",\"@graph\":[{\"@type\":\"WebPage\",\"@id\":\"https:\/\/imefilmfest.com\/international-migration-&-environmental-film-festival\/imeff-2021-official-selection-handmade-in-bangledesh-by-wehking-liz-bachhuber\/\",\"url\":\"https:\/\/imefilmfest.com\/international-migration-&-environmental-film-festival\/imeff-2021-official-selection-handmade-in-bangledesh-by-wehking-liz-bachhuber\/\",\"name\":\"Handmade in Bangladesh - International Migration &amp; Environmental Film Festival\",\"isPartOf\":{\"@id\":\"https:\/\/imefilmfest.com\/international-migration-&-environmental-film-festival\/#website\"},\"primaryImageOfPage\":{\"@id\":\"https:\/\/imefilmfest.com\/international-migration-&-environmental-film-festival\/imeff-2021-official-selection-handmade-in-bangledesh-by-wehking-liz-bachhuber\/#primaryimage\"},\"image\":{\"@id\":\"https:\/\/imefilmfest.com\/international-migration-&-environmental-film-festival\/imeff-2021-official-selection-handmade-in-bangledesh-by-wehking-liz-bachhuber\/#primaryimage\"},\"thumbnailUrl\":\"https:\/\/imefilmfest.com\/wp-content\/uploads\/2021\/09\/Handmade-in-Bangladesh-poster.jpeg\",\"datePublished\":\"2021-09-04T07:15:13+00:00\",\"dateModified\":\"2021-09-04T07:15:13+00:00\",\"breadcrumb\":{\"@id\":\"https:\/\/imefilmfest.com\/international-migration-&-environmental-film-festival\/imeff-2021-official-selection-handmade-in-bangledesh-by-wehking-liz-bachhuber\/#breadcrumb\"},\"inLanguage\":\"en-US\",\"potentialAction\":[{\"@type\":\"ReadAction\",\"target\":[\"https:\/\/imefilmfest.com\/international-migration-&-environmental-film-festival\/imeff-2021-official-selection-handmade-in-bangledesh-by-wehking-liz-bachhuber\/\"]}]},{\"@type\":\"ImageObject\",\"inLanguage\":\"en-US\",\"@id\":\"https:\/\/imefilmfest.com\/international-migration-&-environmental-film-festival\/imeff-2021-official-selection-handmade-in-bangledesh-by-wehking-liz-bachhuber\/#primaryimage\",\"url\":\"https:\/\/imefilmfest.com\/wp-content\/uploads\/2021\/09\/Handmade-in-Bangladesh-poster.jpeg\",\"contentUrl\":\"https:\/\/imefilmfest.com\/wp-content\/uploads\/2021\/09\/Handmade-in-Bangladesh-poster.jpeg\"},{\"@type\":\"BreadcrumbList\",\"@id\":\"https:\/\/imefilmfest.com\/international-migration-&-environmental-film-festival\/imeff-2021-official-selection-handmade-in-bangledesh-by-wehking-liz-bachhuber\/#breadcrumb\",\"itemListElement\":[{\"@type\":\"ListItem\",\"position\":1,\"name\":\"Home\",\"item\":\"https:\/\/imefilmfest.com\/international-migration-&-environmental-film-festival\/home\/\"},{\"@type\":\"ListItem\",\"position\":2,\"name\":\"Handmade in Bangladesh\"}]},{\"@type\":\"WebSite\",\"@id\":\"https:\/\/imefilmfest.com\/international-migration-&-environmental-film-festival\/#website\",\"url\":\"https:\/\/imefilmfest.com\/international-migration-&-environmental-film-festival\/\",\"name\":\"International Migration & Environmental Film Festival\",\"description\":\"North America&#039;s Largest Film Festival on Migration and Environment Sustainability\",\"publisher\":{\"@id\":\"https:\/\/imefilmfest.com\/international-migration-&-environmental-film-festival\/#organization\"},\"potentialAction\":[{\"@type\":\"SearchAction\",\"target\":{\"@type\":\"EntryPoint\",\"urlTemplate\":\"https:\/\/imefilmfest.com\/international-migration-&-environmental-film-festival\/?s={search_term_string}\"},\"query-input\":\"required name=search_term_string\"}],\"inLanguage\":\"en-US\"},{\"@type\":\"Organization\",\"@id\":\"https:\/\/imefilmfest.com\/international-migration-&-environmental-film-festival\/#organization\",\"name\":\"International Migration & Environmental Film Festival\",\"url\":\"https:\/\/imefilmfest.com\/international-migration-&-environmental-film-festival\/\",\"logo\":{\"@type\":\"ImageObject\",\"inLanguage\":\"en-US\",\"@id\":\"https:\/\/imefilmfest.com\/international-migration-&-environmental-film-festival\/#\/schema\/logo\/image\/\",\"url\":\"https:\/\/imefilmfest.com\/wp-content\/uploads\/2021\/09\/IMEFF-i-1-scaled.jpg\",\"contentUrl\":\"https:\/\/imefilmfest.com\/wp-content\/uploads\/2021\/09\/IMEFF-i-1-scaled.jpg\",\"width\":2560,\"height\":2560,\"caption\":\"International Migration & Environmental Film Festival\"},\"image\":{\"@id\":\"https:\/\/imefilmfest.com\/international-migration-&-environmental-film-festival\/#\/schema\/logo\/image\/\"},\"sameAs\":[\"https:\/\/m.facebook.com\/imefilmfest\/\"]}]}<\/script>\n<!-- \/ Yoast SEO plugin. -->","yoast_head_json":{"title":"Handmade in Bangladesh - International Migration &amp; Environmental Film Festival","robots":{"index":"index","follow":"follow","max-snippet":"max-snippet:-1","max-image-preview":"max-image-preview:large","max-video-preview":"max-video-preview:-1"},"canonical":"https:\/\/imefilmfest.com\/international-migration-&-environmental-film-festival\/imeff-2021-official-selection-handmade-in-bangledesh-by-wehking-liz-bachhuber\/","og_locale":"en_US","og_type":"article","og_title":"Handmade in Bangladesh - International Migration &amp; Environmental Film Festival","og_description":"Directed by Florian Wehking, Liz Bachhuber Country of Origin- Germany Runtime- 01:16:25 In short episodes Handmade in Bangladesh tells the stories of average working people who live in a rich cultural heritage of artisan handicraft and creativity. They invent many ways of recycling in order to make a living out of basically nothing, looking at &hellip;","og_url":"https:\/\/imefilmfest.com\/international-migration-&-environmental-film-festival\/imeff-2021-official-selection-handmade-in-bangledesh-by-wehking-liz-bachhuber\/","og_site_name":"International Migration &amp; Environmental Film Festival","article_publisher":"https:\/\/m.facebook.com\/imefilmfest\/","og_image":[{"url":"https:\/\/imefilmfest.com\/wp-content\/uploads\/2021\/09\/Handmade-in-Bangladesh-poster.jpeg"}],"twitter_card":"summary_large_image","twitter_misc":{"Est. reading time":"2 minutes"},"schema":{"@context":"https:\/\/schema.org","@graph":[{"@type":"WebPage","@id":"https:\/\/imefilmfest.com\/international-migration-&-environmental-film-festival\/imeff-2021-official-selection-handmade-in-bangledesh-by-wehking-liz-bachhuber\/","url":"https:\/\/imefilmfest.com\/international-migration-&-environmental-film-festival\/imeff-2021-official-selection-handmade-in-bangledesh-by-wehking-liz-bachhuber\/","name":"Handmade in Bangladesh - International Migration &amp; Environmental Film Festival","isPartOf":{"@id":"https:\/\/imefilmfest.com\/international-migration-&-environmental-film-festival\/#website"},"primaryImageOfPage":{"@id":"https:\/\/imefilmfest.com\/international-migration-&-environmental-film-festival\/imeff-2021-official-selection-handmade-in-bangledesh-by-wehking-liz-bachhuber\/#primaryimage"},"image":{"@id":"https:\/\/imefilmfest.com\/international-migration-&-environmental-film-festival\/imeff-2021-official-selection-handmade-in-bangledesh-by-wehking-liz-bachhuber\/#primaryimage"},"thumbnailUrl":"https:\/\/imefilmfest.com\/wp-content\/uploads\/2021\/09\/Handmade-in-Bangladesh-poster.jpeg","datePublished":"2021-09-04T07:15:13+00:00","dateModified":"2021-09-04T07:15:13+00:00","breadcrumb":{"@id":"https:\/\/imefilmfest.com\/international-migration-&-environmental-film-festival\/imeff-2021-official-selection-handmade-in-bangledesh-by-wehking-liz-bachhuber\/#breadcrumb"},"inLanguage":"en-US","potentialAction":[{"@type":"ReadAction","target":["https:\/\/imefilmfest.com\/international-migration-&-environmental-film-festival\/imeff-2021-official-selection-handmade-in-bangledesh-by-wehking-liz-bachhuber\/"]}]},{"@type":"ImageObject","inLanguage":"en-US","@id":"https:\/\/imefilmfest.com\/international-migration-&-environmental-film-festival\/imeff-2021-official-selection-handmade-in-bangledesh-by-wehking-liz-bachhuber\/#primaryimage","url":"https:\/\/imefilmfest.com\/wp-content\/uploads\/2021\/09\/Handmade-in-Bangladesh-poster.jpeg","contentUrl":"https:\/\/imefilmfest.com\/wp-content\/uploads\/2021\/09\/Handmade-in-Bangladesh-poster.jpeg"},{"@type":"BreadcrumbList","@id":"https:\/\/imefilmfest.com\/international-migration-&-environmental-film-festival\/imeff-2021-official-selection-handmade-in-bangledesh-by-wehking-liz-bachhuber\/#breadcrumb","itemListElement":[{"@type":"ListItem","position":1,"name":"Home","item":"https:\/\/imefilmfest.com\/international-migration-&-environmental-film-festival\/home\/"},{"@type":"ListItem","position":2,"name":"Handmade in Bangladesh"}]},{"@type":"WebSite","@id":"https:\/\/imefilmfest.com\/international-migration-&-environmental-film-festival\/#website","url":"https:\/\/imefilmfest.com\/international-migration-&-environmental-film-festival\/","name":"International Migration & Environmental Film Festival","description":"North America&#039;s Largest Film Festival on Migration and Environment Sustainability","publisher":{"@id":"https:\/\/imefilmfest.com\/international-migration-&-environmental-film-festival\/#organization"},"potentialAction":[{"@type":"SearchAction","target":{"@type":"EntryPoint","urlTemplate":"https:\/\/imefilmfest.com\/international-migration-&-environmental-film-festival\/?s={search_term_string}"},"query-input":"required name=search_term_string"}],"inLanguage":"en-US"},{"@type":"Organization","@id":"https:\/\/imefilmfest.com\/international-migration-&-environmental-film-festival\/#organization","name":"International Migration & Environmental Film Festival","url":"https:\/\/imefilmfest.com\/international-migration-&-environmental-film-festival\/","logo":{"@type":"ImageObject","inLanguage":"en-US","@id":"https:\/\/imefilmfest.com\/international-migration-&-environmental-film-festival\/#\/schema\/logo\/image\/","url":"https:\/\/imefilmfest.com\/wp-content\/uploads\/2021\/09\/IMEFF-i-1-scaled.jpg","contentUrl":"https:\/\/imefilmfest.com\/wp-content\/uploads\/2021\/09\/IMEFF-i-1-scaled.jpg","width":2560,"height":2560,"caption":"International Migration & Environmental Film Festival"},"image":{"@id":"https:\/\/imefilmfest.com\/international-migration-&-environmental-film-festival\/#\/schema\/logo\/image\/"},"sameAs":["https:\/\/m.facebook.com\/imefilmfest\/"]}]}},"_links":{"self":[{"href":"https:\/\/imefilmfest.com\/international-migration-&-environmental-film-festival\/wp-json\/wp\/v2\/pages\/686","targetHints":{"allow":["GET"]}}],"collection":[{"href":"https:\/\/imefilmfest.com\/international-migration-&-environmental-film-festival\/wp-json\/wp\/v2\/pages"}],"about":[{"href":"https:\/\/imefilmfest.com\/international-migration-&-environmental-film-festival\/wp-json\/wp\/v2\/types\/page"}],"author":[{"embeddable":true,"href":"https:\/\/imefilmfest.com\/international-migration-&-environmental-film-festival\/wp-json\/wp\/v2\/users\/1"}],"replies":[{"embeddable":true,"href":"https:\/\/imefilmfest.com\/international-migration-&-environmental-film-festival\/wp-json\/wp\/v2\/comments?post=686"}],"version-history":[{"count":1,"href":"https:\/\/imefilmfest.com\/international-migration-&-environmental-film-festival\/wp-json\/wp\/v2\/pages\/686\/revisions"}],"predecessor-version":[{"id":687,"href":"https:\/\/imefilmfest.com\/international-migration-&-environmental-film-festival\/wp-json\/wp\/v2\/pages\/686\/revisions\/687"}],"wp:attachment":[{"href":"https:\/\/imefilmfest.com\/international-migration-&-environmental-film-festival\/wp-json\/wp\/v2\/media?parent=686"}],"curies":[{"name":"wp","href":"https:\/\/api.w.org\/{rel}","templated":true}]}}